{"id":31617,"date":"2023-04-09T15:53:46","date_gmt":"2023-04-09T13:53:46","guid":{"rendered":"https:\/\/www.superfashion.si\/?post_type=product&#038;p=31617"},"modified":"2026-01-13T16:53:21","modified_gmt":"2026-01-13T15:53:21","slug":"zenski-prsluk-8390","status":"publish","type":"product","link":"https:\/\/www.superfashion.si\/hr\/product\/zenski-brezrokavnik-8390\/","title":{"rendered":"\u017denski prsluk 8390"},"content":{"rendered":"","protected":false},"excerpt":{"rendered":"<details >\n<summary>O PROIZVODU<\/summary>\n<div class=\"cg-accordion-item\">\n<p><strong>\u017denski prsluk 8390<\/strong><\/p>\n<ul>\n<li>Made in Italy<\/li>\n<li>Boje: bijela, be\u017e, svijetlo plava<\/li>\n<li>Kapulja\u010da<\/li>\n<li>Zatvaranje patentnim zatvara\u010dem<\/li>\n<li>2 vanjska bo\u010dna d\u017eepa<\/li>\n<li>Materijal: vanjski dio: 100% najlon, podstava i punjenje: 100% poliester<\/li>\n<li>Pranje u perilici rublja na 30 stupnjeva<\/li>\n<\/ul>\n<\/div>\n<\/details>\n<details >\n<summary>POMO\u0106 ZA ODABIR VELI\u010cINE<\/summary>\n<div class=\"cg-accordion-item\">\n<p><strong>Veli\u010dine su normalne, pa vam savjetujemo da naru\u010dite veli\u010dinu koju ina\u010de nosite.<\/strong><\/p>\n<\/div>\n<\/details>","protected":false},"featured_media":31642,"comment_status":"open","ping_status":"closed","template":"","meta":[],"product_brand":[],"product_cat":[134,143,135],"product_tag":[279],"woo-feed-brand":[],"class_list":{"0":"post-31617","1":"product","2":"type-product","3":"status-publish","4":"has-post-thumbnail","6":"product_cat-zenske","7":"product_cat-jakne-in-brezrokavniki","8":"product_cat-zenska-oblacila","9":"product_tag-made-in-italy","10":"pa_color-bela","11":"pa_color-bez","12":"pa_color-svetlo-modra","13":"pa_velikosti-large","14":"pa_velikosti-medium","15":"pa_velikosti-small","16":"pa_velikosti-ekstra-large","17":"pa_velikosti-extra-extra-large","19":"first","20":"instock","21":"shipping-taxable","22":"purchasable","23":"product-type-variable"},"_links":{"self":[{"href":"https:\/\/www.superfashion.si\/hr\/wp-json\/wp\/v2\/product\/31617","targetHints":{"allow":["GET"]}}],"collection":[{"href":"https:\/\/www.superfashion.si\/hr\/wp-json\/wp\/v2\/product"}],"about":[{"href":"https:\/\/www.superfashion.si\/hr\/wp-json\/wp\/v2\/types\/product"}],"replies":[{"embeddable":true,"href":"https:\/\/www.superfashion.si\/hr\/wp-json\/wp\/v2\/comments?post=31617"}],"version-history":[{"count":0,"href":"https:\/\/www.superfashion.si\/hr\/wp-json\/wp\/v2\/product\/31617\/revisions"}],"wp:featuredmedia":[{"embeddable":true,"href":"https:\/\/www.superfashion.si\/hr\/wp-json\/wp\/v2\/media\/31642"}],"wp:attachment":[{"href":"https:\/\/www.superfashion.si\/hr\/wp-json\/wp\/v2\/media?parent=31617"}],"wp:term":[{"taxonomy":"product_brand","embeddable":true,"href":"https:\/\/www.superfashion.si\/hr\/wp-json\/wp\/v2\/product_brand?post=31617"},{"taxonomy":"product_cat","embeddable":true,"href":"https:\/\/www.superfashion.si\/hr\/wp-json\/wp\/v2\/product_cat?post=31617"},{"taxonomy":"product_tag","embeddable":true,"href":"https:\/\/www.superfashion.si\/hr\/wp-json\/wp\/v2\/product_tag?post=31617"},{"taxonomy":"woo-feed-brand","embeddable":true,"href":"https:\/\/www.superfashion.si\/hr\/wp-json\/wp\/v2\/woo-feed-brand?post=31617"}],"curies":[{"name":"radni list","href":"https:\/\/api.w.org\/{rel}","templated":true}]}}