{"id":31756,"date":"2023-04-14T16:35:05","date_gmt":"2023-04-14T14:35:05","guid":{"rendered":"https:\/\/www.superfashion.si\/?post_type=product&#038;p=31756"},"modified":"2026-03-27T20:32:07","modified_gmt":"2026-03-27T19:32:07","slug":"zenske-traperice-flared-p080-1a","status":"publish","type":"product","link":"https:\/\/www.superfashion.si\/hr\/product\/zenske-kavbojke-flared-p080-1a\/","title":{"rendered":"\u017denske traperice Flared P080-1A"},"content":{"rendered":"","protected":false},"excerpt":{"rendered":"<details >\n<summary>O PROIZVODU<\/summary>\n<div class=\"cg-accordion-item\">\n<p><strong>\u017denske traperice Flared P080-1A<\/strong><\/p>\n<ul>\n<li>Marka: Nina Carter<\/li>\n<li>Stil: Flared jeans<\/li>\n<li>Vrlo elasti\u010dne i mekane<\/li>\n<li>Visina struka: visok (27 cm)<\/li>\n<li>Ukupna duljina: 103 cm (+\/- 2 cm)<\/li>\n<li>Duljina unutarnjeg \u0161ava: 76 cm +\/- 2cm<\/li>\n<li>Materijal: 72% pamuk, 24% poliester, 2% viskoza, 2% elastin<\/li>\n<li>Pranje u perilici rublja na 40 stupnjeva<\/li>\n<\/ul>\n<\/div>\n<\/details>\n<details >\n<summary>POMO\u0106 ZA ODABIR VELI\u010cINE<\/summary>\n<div class=\"cg-accordion-item\">\n<p><strong>Veli\u010dine su normalne, pa vam savjetujemo da naru\u010dite veli\u010dinu koju ina\u010de nosite.<\/strong><\/p>\n<\/div>\n<\/details>\n<p><span class=\"yith-wcpsc-product-size-chart-button\" data-chart-id=\"22345\">Tablica veli\u010dine<\/span><\/p>\n<div id=\"yith-wcpsc-product-size-charts-popup-22345\" class=\"yith-wcpsc-product-size-charts-popup yith-wcpsc-product-size-charts-popup-default\">\n\t<span class='yith-wcpsc-product-size-charts-popup-close yith-wcpsc-popup-close dashicons dashicons-no-alt'><\/span><\/p>\n<div class='yith-wcpsc-product-size-charts-popup-container'>\n<h2>Usporedba veli\u010dina<\/h2>\n<div class=\"yith-wcpsc-product-table-wrapper\">\n<div class=\"yith-wcpsc-product-table-responsive-container-with-shadow\">\n<div class=\"yith-wcpsc-right-shadow\"><\/div>\n<div class=\"yith-wcpsc-left-shadow\"><\/div>\n<div class=\"yith-wcpsc-product-table-responsive-container\">\n<table class=\"yith-wcpsc-product-table yith-wcpsc-product-table-default\">\n<thead>\n<tr>\n<th>\n\t\t\t\t\t\t\t\t\t\t\tMe\u0111unarodna veli\u010dina\t\t\t\t\t\t\t\t\t\t<\/th>\n<th>\n\t\t\t\t\t\t\t\t\t\t\tDE\/SI\t\t\t\t\t\t\t\t\t\t<\/th>\n<th>\n\t\t\t\t\t\t\t\t\t\t\tUK\t\t\t\t\t\t\t\t\t\t<\/th>\n<th>\n\t\t\t\t\t\t\t\t\t\t\tTO\t\t\t\t\t\t\t\t\t\t<\/th>\n<th>\n\t\t\t\t\t\t\t\t\t\t\tNAS\t\t\t\t\t\t\t\t\t\t<\/th>\n<th>\n\t\t\t\t\t\t\t\t\t\t\tEU\/FR\/ES\/PT\t\t\t\t\t\t\t\t\t\t<\/th>\n<\/tr>\n<\/thead>\n<tbody>\n<tr>\n<td>\n<div class=\"yith-wcpsc-product-table-td-content\">\n\t\t\t\t\t\t\t\t\t\t\t\t\tXXS\t\t\t\t\t\t\t\t\t\t\t\t<\/div>\n<\/td>\n<td>\n<div class=\"yith-wcpsc-product-table-td-content\">\n\t\t\t\t\t\t\t\t\t\t\t\t\t32\t\t\t\t\t\t\t\t\t\t\t\t<\/div>\n<\/td>\n<td>\n<div class=\"yith-wcpsc-product-table-td-content\">\n\t\t\t\t\t\t\t\t\t\t\t\t\t6\t\t\t\t\t\t\t\t\t\t\t\t<\/div>\n<\/td>\n<td>\n<div class=\"yith-wcpsc-product-table-td-content\">\n\t\t\t\t\t\t\t\t\t\t\t\t\t38\t\t\t\t\t\t\t\t\t\t\t\t<\/div>\n<\/td>\n<td>\n<div class=\"yith-wcpsc-product-table-td-content\">\n\t\t\t\t\t\t\t\t\t\t\t\t\t2\t\t\t\t\t\t\t\t\t\t\t\t<\/div>\n<\/td>\n<td>\n<div class=\"yith-wcpsc-product-table-td-content\">\n\t\t\t\t\t\t\t\t\t\t\t\t\t34\t\t\t\t\t\t\t\t\t\t\t\t<\/div>\n<\/td>\n<\/tr>\n<tr>\n<td>\n<div class=\"yith-wcpsc-product-table-td-content\">\n\t\t\t\t\t\t\t\t\t\t\t\t\tXS\t\t\t\t\t\t\t\t\t\t\t\t<\/div>\n<\/td>\n<td>\n<div class=\"yith-wcpsc-product-table-td-content\">\n\t\t\t\t\t\t\t\t\t\t\t\t\t34\t\t\t\t\t\t\t\t\t\t\t\t<\/div>\n<\/td>\n<td>\n<div class=\"yith-wcpsc-product-table-td-content\">\n\t\t\t\t\t\t\t\t\t\t\t\t\t8\t\t\t\t\t\t\t\t\t\t\t\t<\/div>\n<\/td>\n<td>\n<div class=\"yith-wcpsc-product-table-td-content\">\n\t\t\t\t\t\t\t\t\t\t\t\t\t40\t\t\t\t\t\t\t\t\t\t\t\t<\/div>\n<\/td>\n<td>\n<div class=\"yith-wcpsc-product-table-td-content\">\n\t\t\t\t\t\t\t\t\t\t\t\t\t4\t\t\t\t\t\t\t\t\t\t\t\t<\/div>\n<\/td>\n<td>\n<div class=\"yith-wcpsc-product-table-td-content\">\n\t\t\t\t\t\t\t\t\t\t\t\t\t36\t\t\t\t\t\t\t\t\t\t\t\t<\/div>\n<\/td>\n<\/tr>\n<tr>\n<td>\n<div class=\"yith-wcpsc-product-table-td-content\">\n\t\t\t\t\t\t\t\t\t\t\t\t\tS\t\t\t\t\t\t\t\t\t\t\t\t<\/div>\n<\/td>\n<td>\n<div class=\"yith-wcpsc-product-table-td-content\">\n\t\t\t\t\t\t\t\t\t\t\t\t\t36\t\t\t\t\t\t\t\t\t\t\t\t<\/div>\n<\/td>\n<td>\n<div class=\"yith-wcpsc-product-table-td-content\">\n\t\t\t\t\t\t\t\t\t\t\t\t\t10\t\t\t\t\t\t\t\t\t\t\t\t<\/div>\n<\/td>\n<td>\n<div class=\"yith-wcpsc-product-table-td-content\">\n\t\t\t\t\t\t\t\t\t\t\t\t\t42\t\t\t\t\t\t\t\t\t\t\t\t<\/div>\n<\/td>\n<td>\n<div class=\"yith-wcpsc-product-table-td-content\">\n\t\t\t\t\t\t\t\t\t\t\t\t\t6\t\t\t\t\t\t\t\t\t\t\t\t<\/div>\n<\/td>\n<td>\n<div class=\"yith-wcpsc-product-table-td-content\">\n\t\t\t\t\t\t\t\t\t\t\t\t\t38\t\t\t\t\t\t\t\t\t\t\t\t<\/div>\n<\/td>\n<\/tr>\n<tr>\n<td>\n<div class=\"yith-wcpsc-product-table-td-content\">\n\t\t\t\t\t\t\t\t\t\t\t\t\tM\t\t\t\t\t\t\t\t\t\t\t\t<\/div>\n<\/td>\n<td>\n<div class=\"yith-wcpsc-product-table-td-content\">\n\t\t\t\t\t\t\t\t\t\t\t\t\t38\t\t\t\t\t\t\t\t\t\t\t\t<\/div>\n<\/td>\n<td>\n<div class=\"yith-wcpsc-product-table-td-content\">\n\t\t\t\t\t\t\t\t\t\t\t\t\t12\t\t\t\t\t\t\t\t\t\t\t\t<\/div>\n<\/td>\n<td>\n<div class=\"yith-wcpsc-product-table-td-content\">\n\t\t\t\t\t\t\t\t\t\t\t\t\t44\t\t\t\t\t\t\t\t\t\t\t\t<\/div>\n<\/td>\n<td>\n<div class=\"yith-wcpsc-product-table-td-content\">\n\t\t\t\t\t\t\t\t\t\t\t\t\t9\t\t\t\t\t\t\t\t\t\t\t\t<\/div>\n<\/td>\n<td>\n<div class=\"yith-wcpsc-product-table-td-content\">\n\t\t\t\t\t\t\t\t\t\t\t\t\t40\t\t\t\t\t\t\t\t\t\t\t\t<\/div>\n<\/td>\n<\/tr>\n<tr>\n<td>\n<div class=\"yith-wcpsc-product-table-td-content\">\n\t\t\t\t\t\t\t\t\t\t\t\t\tL\t\t\t\t\t\t\t\t\t\t\t\t<\/div>\n<\/td>\n<td>\n<div class=\"yith-wcpsc-product-table-td-content\">\n\t\t\t\t\t\t\t\t\t\t\t\t\t40\t\t\t\t\t\t\t\t\t\t\t\t<\/div>\n<\/td>\n<td>\n<div class=\"yith-wcpsc-product-table-td-content\">\n\t\t\t\t\t\t\t\t\t\t\t\t\t14\t\t\t\t\t\t\t\t\t\t\t\t<\/div>\n<\/td>\n<td>\n<div class=\"yith-wcpsc-product-table-td-content\">\n\t\t\t\t\t\t\t\t\t\t\t\t\t46\t\t\t\t\t\t\t\t\t\t\t\t<\/div>\n<\/td>\n<td>\n<div class=\"yith-wcpsc-product-table-td-content\">\n\t\t\t\t\t\t\t\t\t\t\t\t\t10\t\t\t\t\t\t\t\t\t\t\t\t<\/div>\n<\/td>\n<td>\n<div class=\"yith-wcpsc-product-table-td-content\">\n\t\t\t\t\t\t\t\t\t\t\t\t\t42\t\t\t\t\t\t\t\t\t\t\t\t<\/div>\n<\/td>\n<\/tr>\n<tr>\n<td>\n<div class=\"yith-wcpsc-product-table-td-content\">\n\t\t\t\t\t\t\t\t\t\t\t\t\tXL\t\t\t\t\t\t\t\t\t\t\t\t<\/div>\n<\/td>\n<td>\n<div class=\"yith-wcpsc-product-table-td-content\">\n\t\t\t\t\t\t\t\t\t\t\t\t\t42\t\t\t\t\t\t\t\t\t\t\t\t<\/div>\n<\/td>\n<td>\n<div class=\"yith-wcpsc-product-table-td-content\">\n\t\t\t\t\t\t\t\t\t\t\t\t\t16\t\t\t\t\t\t\t\t\t\t\t\t<\/div>\n<\/td>\n<td>\n<div class=\"yith-wcpsc-product-table-td-content\">\n\t\t\t\t\t\t\t\t\t\t\t\t\t48\t\t\t\t\t\t\t\t\t\t\t\t<\/div>\n<\/td>\n<td>\n<div class=\"yith-wcpsc-product-table-td-content\">\n\t\t\t\t\t\t\t\t\t\t\t\t\t12\t\t\t\t\t\t\t\t\t\t\t\t<\/div>\n<\/td>\n<td>\n<div class=\"yith-wcpsc-product-table-td-content\">\n\t\t\t\t\t\t\t\t\t\t\t\t\t44\t\t\t\t\t\t\t\t\t\t\t\t<\/div>\n<\/td>\n<\/tr>\n<tr>\n<td>\n<div class=\"yith-wcpsc-product-table-td-content\">\n\t\t\t\t\t\t\t\t\t\t\t\t\tXXL\t\t\t\t\t\t\t\t\t\t\t\t<\/div>\n<\/td>\n<td>\n<div class=\"yith-wcpsc-product-table-td-content\">\n\t\t\t\t\t\t\t\t\t\t\t\t\t44\t\t\t\t\t\t\t\t\t\t\t\t<\/div>\n<\/td>\n<td>\n<div class=\"yith-wcpsc-product-table-td-content\">\n\t\t\t\t\t\t\t\t\t\t\t\t\t18\t\t\t\t\t\t\t\t\t\t\t\t<\/div>\n<\/td>\n<td>\n<div class=\"yith-wcpsc-product-table-td-content\">\n\t\t\t\t\t\t\t\t\t\t\t\t\t50\t\t\t\t\t\t\t\t\t\t\t\t<\/div>\n<\/td>\n<td>\n<div class=\"yith-wcpsc-product-table-td-content\">\n\t\t\t\t\t\t\t\t\t\t\t\t\t14\t\t\t\t\t\t\t\t\t\t\t\t<\/div>\n<\/td>\n<td>\n<div class=\"yith-wcpsc-product-table-td-content\">\n\t\t\t\t\t\t\t\t\t\t\t\t\t46\t\t\t\t\t\t\t\t\t\t\t\t<\/div>\n<\/td>\n<\/tr>\n<tr>\n<td>\n<div class=\"yith-wcpsc-product-table-td-content\">\n\t\t\t\t\t\t\t\t\t\t\t\t\t3XL\t\t\t\t\t\t\t\t\t\t\t\t<\/div>\n<\/td>\n<td>\n<div class=\"yith-wcpsc-product-table-td-content\">\n\t\t\t\t\t\t\t\t\t\t\t\t\t46\t\t\t\t\t\t\t\t\t\t\t\t<\/div>\n<\/td>\n<td>\n<div class=\"yith-wcpsc-product-table-td-content\">\n\t\t\t\t\t\t\t\t\t\t\t\t\t20\t\t\t\t\t\t\t\t\t\t\t\t<\/div>\n<\/td>\n<td>\n<div class=\"yith-wcpsc-product-table-td-content\">\n\t\t\t\t\t\t\t\t\t\t\t\t\t52\t\t\t\t\t\t\t\t\t\t\t\t<\/div>\n<\/td>\n<td>\n<div class=\"yith-wcpsc-product-table-td-content\">\n\t\t\t\t\t\t\t\t\t\t\t\t\t16\t\t\t\t\t\t\t\t\t\t\t\t<\/div>\n<\/td>\n<td>\n<div class=\"yith-wcpsc-product-table-td-content\">\n\t\t\t\t\t\t\t\t\t\t\t\t\t48\t\t\t\t\t\t\t\t\t\t\t\t<\/div>\n<\/td>\n<\/tr>\n<tr>\n<td>\n<div class=\"yith-wcpsc-product-table-td-content\">\n\t\t\t\t\t\t\t\t\t\t\t\t\t4XL\t\t\t\t\t\t\t\t\t\t\t\t<\/div>\n<\/td>\n<td>\n<div class=\"yith-wcpsc-product-table-td-content\">\n\t\t\t\t\t\t\t\t\t\t\t\t\t48\t\t\t\t\t\t\t\t\t\t\t\t<\/div>\n<\/td>\n<td>\n<div class=\"yith-wcpsc-product-table-td-content\">\n\t\t\t\t\t\t\t\t\t\t\t\t\t22\t\t\t\t\t\t\t\t\t\t\t\t<\/div>\n<\/td>\n<td>\n<div class=\"yith-wcpsc-product-table-td-content\">\n\t\t\t\t\t\t\t\t\t\t\t\t\t54\t\t\t\t\t\t\t\t\t\t\t\t<\/div>\n<\/td>\n<td>\n<div class=\"yith-wcpsc-product-table-td-content\">\n\t\t\t\t\t\t\t\t\t\t\t\t\t18\t\t\t\t\t\t\t\t\t\t\t\t<\/div>\n<\/td>\n<td>\n<div class=\"yith-wcpsc-product-table-td-content\">\n\t\t\t\t\t\t\t\t\t\t\t\t\t50\t\t\t\t\t\t\t\t\t\t\t\t<\/div>\n<\/td>\n<\/tr>\n<tr>\n<td>\n<div class=\"yith-wcpsc-product-table-td-content\">\n\t\t\t\t\t\t\t\t\t\t\t\t\t5XL\t\t\t\t\t\t\t\t\t\t\t\t<\/div>\n<\/td>\n<td>\n<div class=\"yith-wcpsc-product-table-td-content\">\n\t\t\t\t\t\t\t\t\t\t\t\t\t50\t\t\t\t\t\t\t\t\t\t\t\t<\/div>\n<\/td>\n<td>\n<div class=\"yith-wcpsc-product-table-td-content\">\n\t\t\t\t\t\t\t\t\t\t\t\t\t24\t\t\t\t\t\t\t\t\t\t\t\t<\/div>\n<\/td>\n<td>\n<div class=\"yith-wcpsc-product-table-td-content\">\n\t\t\t\t\t\t\t\t\t\t\t\t\t56\t\t\t\t\t\t\t\t\t\t\t\t<\/div>\n<\/td>\n<td>\n<div class=\"yith-wcpsc-product-table-td-content\">\n\t\t\t\t\t\t\t\t\t\t\t\t\t20\t\t\t\t\t\t\t\t\t\t\t\t<\/div>\n<\/td>\n<td>\n<div class=\"yith-wcpsc-product-table-td-content\">\n\t\t\t\t\t\t\t\t\t\t\t\t\t52\t\t\t\t\t\t\t\t\t\t\t\t<\/div>\n<\/td>\n<\/tr>\n<\/tbody>\n<\/table><\/div>\n<\/p><\/div>\n<\/p><\/div>\n<\/p><\/div>\n<p><!-- .yith-wcpsc-product-size-charts-popup-container end -->\n<\/div>\n<p><!-- .yith-wcpsc-product-size-charts-popup end --><\/p>","protected":false},"featured_media":31765,"comment_status":"open","ping_status":"closed","template":"","meta":[],"product_brand":[429],"product_cat":[134,145,135],"product_tag":[331],"woo-feed-brand":[],"class_list":{"0":"post-31756","1":"product","2":"type-product","3":"status-publish","4":"has-post-thumbnail","6":"product_brand-nina-carter","7":"product_cat-zenske","8":"product_cat-jeans-hlace-in-hlace","9":"product_cat-zenska-oblacila","10":"product_tag-nina-carter","11":"pa_color-modra","12":"pa_kroj-flare","13":"pa_velikosti-large","14":"pa_velikosti-medium","15":"pa_velikosti-small","16":"pa_velikosti-ekstra-large","17":"pa_velikosti-extra-small","18":"pa_vrsta-visok-pas","20":"first","21":"instock","22":"shipping-taxable","23":"purchasable","24":"product-type-variable"},"_links":{"self":[{"href":"https:\/\/www.superfashion.si\/hr\/wp-json\/wp\/v2\/product\/31756","targetHints":{"allow":["GET"]}}],"collection":[{"href":"https:\/\/www.superfashion.si\/hr\/wp-json\/wp\/v2\/product"}],"about":[{"href":"https:\/\/www.superfashion.si\/hr\/wp-json\/wp\/v2\/types\/product"}],"replies":[{"embeddable":true,"href":"https:\/\/www.superfashion.si\/hr\/wp-json\/wp\/v2\/comments?post=31756"}],"version-history":[{"count":0,"href":"https:\/\/www.superfashion.si\/hr\/wp-json\/wp\/v2\/product\/31756\/revisions"}],"wp:featuredmedia":[{"embeddable":true,"href":"https:\/\/www.superfashion.si\/hr\/wp-json\/wp\/v2\/media\/31765"}],"wp:attachment":[{"href":"https:\/\/www.superfashion.si\/hr\/wp-json\/wp\/v2\/media?parent=31756"}],"wp:term":[{"taxonomy":"product_brand","embeddable":true,"href":"https:\/\/www.superfashion.si\/hr\/wp-json\/wp\/v2\/product_brand?post=31756"},{"taxonomy":"product_cat","embeddable":true,"href":"https:\/\/www.superfashion.si\/hr\/wp-json\/wp\/v2\/product_cat?post=31756"},{"taxonomy":"product_tag","embeddable":true,"href":"https:\/\/www.superfashion.si\/hr\/wp-json\/wp\/v2\/product_tag?post=31756"},{"taxonomy":"woo-feed-brand","embeddable":true,"href":"https:\/\/www.superfashion.si\/hr\/wp-json\/wp\/v2\/woo-feed-brand?post=31756"}],"curies":[{"name":"radni list","href":"https:\/\/api.w.org\/{rel}","templated":true}]}}