{"id":33396,"date":"2023-07-12T12:05:50","date_gmt":"2023-07-12T10:05:50","guid":{"rendered":"https:\/\/www.superfashion.si\/?post_type=product&#038;p=33396"},"modified":"2026-04-10T06:13:51","modified_gmt":"2026-04-10T05:13:51","slug":"natikace-s-platformom-bl433-black","status":"publish","type":"product","link":"https:\/\/www.superfashion.si\/hr\/product\/natikaci-s-platformo-bl433-black\/","title":{"rendered":"Natika\u010de s platformom BL433-black"},"content":{"rendered":"","protected":false},"excerpt":{"rendered":"<details >\n<summary>O PROIZVODU<\/summary>\n<div class=\"cg-accordion-item\">\n<p><strong>Natika\u010de s platformom BL433<\/strong><\/p>\n<ul>\n<li>Marka: Lady Glory<\/li>\n<li>Boja: crna<\/li>\n<li>Visina potplata: 3,5 cm<\/li>\n<li>Visina pete: 4 cm<\/li>\n<\/ul>\n<p>Materijal:<\/p>\n<ul>\n<li>Gornji dio: tekstil<\/li>\n<li>Obloga i ulo\u017eak: drugi materijali<\/li>\n<li>Potplat: drugi materijali<\/li>\n<\/ul>\n<\/div>\n<\/details>\n<details >\n<summary>POMO\u0106 ZA ODABIR VELI\u010cINE<\/summary>\n<div class=\"cg-accordion-item\">\n<p><strong>Veli\u010dine su normalne, pa vam savjetujemo da naru\u010dite veli\u010dinu koju ina\u010de nosite.<\/strong><\/p>\n<\/div>\n<\/details>\n<p><span class=\"yith-wcpsc-product-size-chart-button\" data-chart-id=\"8985\">Tablica veli\u010dine<\/span><\/p>\n<div id=\"yith-wcpsc-product-size-charts-popup-8985\" class=\"yith-wcpsc-product-size-charts-popup yith-wcpsc-product-size-charts-popup-default\">\n\t<span class='yith-wcpsc-product-size-charts-popup-close yith-wcpsc-popup-close dashicons dashicons-no-alt'><\/span><\/p>\n<div class='yith-wcpsc-product-size-charts-popup-container'>\n<h2>\u017denska obu\u0107a - standardna veli\u010dina<\/h2>\n<div class=\"yith-wcpsc-product-table-wrapper\">\n<p><a href=\"https:\/\/www.superfashion.si\/wp-content\/uploads\/2022\/04\/shutterstock_1712123212.jpg\"><img fetchpriority=\"high\" decoding=\"async\" class=\"alignnone size-medium wp-image-8988\" src=\"https:\/\/www.superfashion.si\/wp-content\/uploads\/2022\/04\/shutterstock_1712123212-300x300.jpg\" alt=\"\" width=\"300\" height=\"300\" srcset=\"https:\/\/www.superfashion.si\/wp-content\/uploads\/2022\/04\/shutterstock_1712123212-300x300.jpg 300w, https:\/\/www.superfashion.si\/wp-content\/uploads\/2022\/04\/shutterstock_1712123212-600x600.jpg 600w, https:\/\/www.superfashion.si\/wp-content\/uploads\/2022\/04\/shutterstock_1712123212-150x150.jpg 150w, https:\/\/www.superfashion.si\/wp-content\/uploads\/2022\/04\/shutterstock_1712123212-768x768.jpg 768w, https:\/\/www.superfashion.si\/wp-content\/uploads\/2022\/04\/shutterstock_1712123212-441x441.jpg 441w, https:\/\/www.superfashion.si\/wp-content\/uploads\/2022\/04\/shutterstock_1712123212-100x100.jpg 100w, https:\/\/www.superfashion.si\/wp-content\/uploads\/2022\/04\/shutterstock_1712123212.jpg 800w\" sizes=\"(max-width: 300px) 100vw, 300px\" \/><\/a><\/p>\n<ul>\n<li>Veli\u010dina = broj cipela<\/li>\n<li>Duljina u cm = duljina ulo\u0161ka cipele<\/li>\n<li>Kako naru\u010diti odgovaraju\u0107u veli\u010dinu: Du\u017eina stopala + 0,5 cm<\/li>\n<\/ul>\n<p><strong>Veli\u010dine su normalne, pa vam savjetujemo da naru\u010dite veli\u010dinu koju ina\u010de nosite.<\/strong><\/p>\n<p>&nbsp;<\/p>\n<p>&nbsp;<\/p>\n<p>&nbsp;<\/p>\n<div class=\"yith-wcpsc-product-table-responsive-container-with-shadow\">\n<div class=\"yith-wcpsc-right-shadow\"><\/div>\n<div class=\"yith-wcpsc-left-shadow\"><\/div>\n<div class=\"yith-wcpsc-product-table-responsive-container\">\n<table class=\"yith-wcpsc-product-table yith-wcpsc-product-table-default\">\n<thead>\n<tr>\n<th>\n\t\t\t\t\t\t\t\t\t\t\tVeli\u010dina\t\t\t\t\t\t\t\t\t\t<\/th>\n<th>\n\t\t\t\t\t\t\t\t\t\t\t35\t\t\t\t\t\t\t\t\t\t<\/th>\n<th>\n\t\t\t\t\t\t\t\t\t\t\t36\t\t\t\t\t\t\t\t\t\t<\/th>\n<th>\n\t\t\t\t\t\t\t\t\t\t\t37\t\t\t\t\t\t\t\t\t\t<\/th>\n<th>\n\t\t\t\t\t\t\t\t\t\t\t38\t\t\t\t\t\t\t\t\t\t<\/th>\n<th>\n\t\t\t\t\t\t\t\t\t\t\t39\t\t\t\t\t\t\t\t\t\t<\/th>\n<th>\n\t\t\t\t\t\t\t\t\t\t\t40\t\t\t\t\t\t\t\t\t\t<\/th>\n<th>\n\t\t\t\t\t\t\t\t\t\t\t41\t\t\t\t\t\t\t\t\t\t<\/th>\n<th>\n\t\t\t\t\t\t\t\t\t\t\t42\t\t\t\t\t\t\t\t\t\t<\/th>\n<\/tr>\n<\/thead>\n<tbody>\n<tr>\n<td>\n<div class=\"yith-wcpsc-product-table-td-content\">\n\t\t\t\t\t\t\t\t\t\t\t\t\tDuljina u cm\t\t\t\t\t\t\t\t\t\t\t\t<\/div>\n<\/td>\n<td>\n<div class=\"yith-wcpsc-product-table-td-content\">\n\t\t\t\t\t\t\t\t\t\t\t\t\t22.5\t\t\t\t\t\t\t\t\t\t\t\t<\/div>\n<\/td>\n<td>\n<div class=\"yith-wcpsc-product-table-td-content\">\n\t\t\t\t\t\t\t\t\t\t\t\t\t23\t\t\t\t\t\t\t\t\t\t\t\t<\/div>\n<\/td>\n<td>\n<div class=\"yith-wcpsc-product-table-td-content\">\n\t\t\t\t\t\t\t\t\t\t\t\t\t23.5\t\t\t\t\t\t\t\t\t\t\t\t<\/div>\n<\/td>\n<td>\n<div class=\"yith-wcpsc-product-table-td-content\">\n\t\t\t\t\t\t\t\t\t\t\t\t\t24.5\t\t\t\t\t\t\t\t\t\t\t\t<\/div>\n<\/td>\n<td>\n<div class=\"yith-wcpsc-product-table-td-content\">\n\t\t\t\t\t\t\t\t\t\t\t\t\t25\t\t\t\t\t\t\t\t\t\t\t\t<\/div>\n<\/td>\n<td>\n<div class=\"yith-wcpsc-product-table-td-content\">\n\t\t\t\t\t\t\t\t\t\t\t\t\t25.5\t\t\t\t\t\t\t\t\t\t\t\t<\/div>\n<\/td>\n<td>\n<div class=\"yith-wcpsc-product-table-td-content\">\n\t\t\t\t\t\t\t\t\t\t\t\t\t26\t\t\t\t\t\t\t\t\t\t\t\t<\/div>\n<\/td>\n<td>\n<div class=\"yith-wcpsc-product-table-td-content\">\n\t\t\t\t\t\t\t\t\t\t\t\t\t26.5\t\t\t\t\t\t\t\t\t\t\t\t<\/div>\n<\/td>\n<\/tr>\n<\/tbody>\n<\/table><\/div>\n<\/p><\/div>\n<\/p><\/div>\n<\/p><\/div>\n<p><!-- .yith-wcpsc-product-size-charts-popup-container end -->\n<\/div>\n<p><!-- .yith-wcpsc-product-size-charts-popup end --><\/p>\n<p>&nbsp;<\/p>","protected":false},"featured_media":33404,"comment_status":"open","ping_status":"closed","template":"","meta":[],"product_brand":[],"product_cat":[134,172,177],"product_tag":[301],"woo-feed-brand":[],"class_list":{"0":"post-33396","1":"product","2":"type-product","3":"status-publish","4":"has-post-thumbnail","6":"product_cat-zenske","7":"product_cat-obutev","8":"product_cat-sandali-in-natikaci","9":"product_tag-lady-glory","10":"pa_color-crna","11":"pa_velikosti-292","12":"pa_velikosti-293","13":"pa_velikosti-294","14":"pa_velikosti-295","15":"pa_velikosti-297","16":"pa_velikosti-298","18":"first","19":"instock","20":"shipping-taxable","21":"purchasable","22":"product-type-variable"},"_links":{"self":[{"href":"https:\/\/www.superfashion.si\/hr\/wp-json\/wp\/v2\/product\/33396","targetHints":{"allow":["GET"]}}],"collection":[{"href":"https:\/\/www.superfashion.si\/hr\/wp-json\/wp\/v2\/product"}],"about":[{"href":"https:\/\/www.superfashion.si\/hr\/wp-json\/wp\/v2\/types\/product"}],"replies":[{"embeddable":true,"href":"https:\/\/www.superfashion.si\/hr\/wp-json\/wp\/v2\/comments?post=33396"}],"version-history":[{"count":0,"href":"https:\/\/www.superfashion.si\/hr\/wp-json\/wp\/v2\/product\/33396\/revisions"}],"wp:featuredmedia":[{"embeddable":true,"href":"https:\/\/www.superfashion.si\/hr\/wp-json\/wp\/v2\/media\/33404"}],"wp:attachment":[{"href":"https:\/\/www.superfashion.si\/hr\/wp-json\/wp\/v2\/media?parent=33396"}],"wp:term":[{"taxonomy":"product_brand","embeddable":true,"href":"https:\/\/www.superfashion.si\/hr\/wp-json\/wp\/v2\/product_brand?post=33396"},{"taxonomy":"product_cat","embeddable":true,"href":"https:\/\/www.superfashion.si\/hr\/wp-json\/wp\/v2\/product_cat?post=33396"},{"taxonomy":"product_tag","embeddable":true,"href":"https:\/\/www.superfashion.si\/hr\/wp-json\/wp\/v2\/product_tag?post=33396"},{"taxonomy":"woo-feed-brand","embeddable":true,"href":"https:\/\/www.superfashion.si\/hr\/wp-json\/wp\/v2\/woo-feed-brand?post=33396"}],"curies":[{"name":"radni list","href":"https:\/\/api.w.org\/{rel}","templated":true}]}}