{"id":33983,"date":"2023-08-10T11:50:01","date_gmt":"2023-08-10T09:50:01","guid":{"rendered":"https:\/\/www.superfashion.si\/?post_type=product&#038;p=33983"},"modified":"2025-11-13T19:27:18","modified_gmt":"2025-11-13T18:27:18","slug":"midi-traper-suknja-jewelly-jw2571","status":"publish","type":"product","link":"https:\/\/www.superfashion.si\/hr\/product\/jeans-krilo-midi-jewelly-jw2571\/","title":{"rendered":"Midi traper suknja Jewelly JW2571"},"content":{"rendered":"","protected":false},"excerpt":{"rendered":"<details >\n<summary>O PROIZVODU<\/summary>\n<div class=\"cg-accordion-item\">\n<p><strong>Midi-Jeansrock mit Schlitz JW2571<\/strong><\/p>\n<ul>\n<li>Marka: Jewelly<\/li>\n<li>Vrlo elasti\u010dan i mekan jeans<\/li>\n<li>Duljina: 88 cm (+\/- 2 cm)<\/li>\n<li>Patentni zatvara\u010d<\/li>\n<li>Materijal: 74 % pamuk, 23 % poliester, 1 % viskoza, 2 % elastan<\/li>\n<li>Pranje u perilici rublja na 30 stupnjeva<\/li>\n<\/ul>\n<\/div>\n<\/details>\n<details >\n<summary>POMO\u0106 ZA ODABIR VELI\u010cINE<\/summary>\n<div class=\"cg-accordion-item\">\n<p><strong>Veli\u010dine su normalne, pa vam savjetujemo da naru\u010dite veli\u010dinu koju ina\u010de nosite.<\/strong><\/p>\n<\/div>\n<\/details>","protected":false},"featured_media":33989,"comment_status":"open","ping_status":"closed","template":"","meta":[],"product_brand":[430],"product_cat":[134,355,151,135],"product_tag":[376],"woo-feed-brand":[397],"class_list":{"0":"post-33983","1":"product","2":"type-product","3":"status-publish","4":"has-post-thumbnail","6":"product_brand-jewelly","7":"product_cat-zenske","8":"product_cat-krila","9":"product_cat-obleke-in-krila","10":"product_cat-zenska-oblacila","11":"product_tag-jewelly","12":"pa_color-temno-modra","13":"pa_velikosti-large","14":"pa_velikosti-medium","15":"pa_velikosti-small","16":"pa_velikosti-ekstra-large","17":"pa_velikosti-extra-small","18":"woo-feed-brand-jewelly","20":"first","21":"instock","22":"shipping-taxable","23":"purchasable","24":"product-type-variable"},"_links":{"self":[{"href":"https:\/\/www.superfashion.si\/hr\/wp-json\/wp\/v2\/product\/33983","targetHints":{"allow":["GET"]}}],"collection":[{"href":"https:\/\/www.superfashion.si\/hr\/wp-json\/wp\/v2\/product"}],"about":[{"href":"https:\/\/www.superfashion.si\/hr\/wp-json\/wp\/v2\/types\/product"}],"replies":[{"embeddable":true,"href":"https:\/\/www.superfashion.si\/hr\/wp-json\/wp\/v2\/comments?post=33983"}],"version-history":[{"count":0,"href":"https:\/\/www.superfashion.si\/hr\/wp-json\/wp\/v2\/product\/33983\/revisions"}],"wp:featuredmedia":[{"embeddable":true,"href":"https:\/\/www.superfashion.si\/hr\/wp-json\/wp\/v2\/media\/33989"}],"wp:attachment":[{"href":"https:\/\/www.superfashion.si\/hr\/wp-json\/wp\/v2\/media?parent=33983"}],"wp:term":[{"taxonomy":"product_brand","embeddable":true,"href":"https:\/\/www.superfashion.si\/hr\/wp-json\/wp\/v2\/product_brand?post=33983"},{"taxonomy":"product_cat","embeddable":true,"href":"https:\/\/www.superfashion.si\/hr\/wp-json\/wp\/v2\/product_cat?post=33983"},{"taxonomy":"product_tag","embeddable":true,"href":"https:\/\/www.superfashion.si\/hr\/wp-json\/wp\/v2\/product_tag?post=33983"},{"taxonomy":"woo-feed-brand","embeddable":true,"href":"https:\/\/www.superfashion.si\/hr\/wp-json\/wp\/v2\/woo-feed-brand?post=33983"}],"curies":[{"name":"radni list","href":"https:\/\/api.w.org\/{rel}","templated":true}]}}