{"id":34045,"date":"2023-08-11T17:08:19","date_gmt":"2023-08-11T15:08:19","guid":{"rendered":"https:\/\/www.superfashion.si\/?post_type=product&#038;p=34045"},"modified":"2026-03-26T19:42:18","modified_gmt":"2026-03-26T18:42:18","slug":"zenska-traper-jakna-nina-carter-j209","status":"publish","type":"product","link":"https:\/\/www.superfashion.si\/hr\/product\/zenska-jeans-jakna-nina-carter-j209\/","title":{"rendered":"\u017denska traper jakna Nina Carter J209"},"content":{"rendered":"","protected":false},"excerpt":{"rendered":"<details >\n<summary>O PROIZVODU<\/summary>\n<div class=\"cg-accordion-item\">\n<p><strong>\u017denska traper jakna<\/strong> <strong>Nina Carter J209 \u2013 stretch<\/strong><\/p>\n<ul>\n<li>Marka: Nina Carter<\/li>\n<li>Boje: kaki, taupe, petrolej, cigla, zelena<\/li>\n<li>Vrlo elasti\u010dna i mekana<\/li>\n<li>Duljina jakne kod veli\u010dine M je 52 cm<\/li>\n<li>Materijal: 98 % pamuka, 2 % elastana<\/li>\n<li>Pranje u perilici rublja na 30 stupnjeva<\/li>\n<\/ul>\n<\/div>\n<\/details>\n<details >\n<summary>POMO\u0106 ZA ODABIR VELI\u010cINE<\/summary>\n<div class=\"cg-accordion-item\">\n<p>Model je visok 169 cm i nosi veli\u010dinu S.<\/p>\n<p><strong>Veli\u010dine su normalne, pa vam savjetujemo da naru\u010dite veli\u010dinu koju ina\u010de nosite.<\/strong><\/p>\n<\/div>\n<\/details>","protected":false},"featured_media":43384,"comment_status":"open","ping_status":"closed","template":"","meta":[],"product_brand":[429],"product_cat":[134,143,135],"product_tag":[331],"woo-feed-brand":[398],"class_list":{"0":"post-34045","1":"product","2":"type-product","3":"status-publish","4":"has-post-thumbnail","6":"product_brand-nina-carter","7":"product_cat-zenske","8":"product_cat-jakne-in-brezrokavniki","9":"product_cat-zenska-oblacila","10":"product_tag-nina-carter","11":"pa_color-khaki","12":"pa_color-opecnata","13":"pa_color-petrol","14":"pa_color-taupe","15":"pa_color-zelena","16":"pa_velikosti-large","17":"pa_velikosti-medium","18":"pa_velikosti-small","19":"pa_velikosti-ekstra-large","20":"pa_velikosti-extra-small","21":"woo-feed-brand-nina-carter","23":"first","24":"instock","25":"featured","26":"shipping-taxable","27":"purchasable","28":"product-type-variable"},"_links":{"self":[{"href":"https:\/\/www.superfashion.si\/hr\/wp-json\/wp\/v2\/product\/34045","targetHints":{"allow":["GET"]}}],"collection":[{"href":"https:\/\/www.superfashion.si\/hr\/wp-json\/wp\/v2\/product"}],"about":[{"href":"https:\/\/www.superfashion.si\/hr\/wp-json\/wp\/v2\/types\/product"}],"replies":[{"embeddable":true,"href":"https:\/\/www.superfashion.si\/hr\/wp-json\/wp\/v2\/comments?post=34045"}],"version-history":[{"count":1,"href":"https:\/\/www.superfashion.si\/hr\/wp-json\/wp\/v2\/product\/34045\/revisions"}],"predecessor-version":[{"id":53237,"href":"https:\/\/www.superfashion.si\/hr\/wp-json\/wp\/v2\/product\/34045\/revisions\/53237"}],"wp:featuredmedia":[{"embeddable":true,"href":"https:\/\/www.superfashion.si\/hr\/wp-json\/wp\/v2\/media\/43384"}],"wp:attachment":[{"href":"https:\/\/www.superfashion.si\/hr\/wp-json\/wp\/v2\/media?parent=34045"}],"wp:term":[{"taxonomy":"product_brand","embeddable":true,"href":"https:\/\/www.superfashion.si\/hr\/wp-json\/wp\/v2\/product_brand?post=34045"},{"taxonomy":"product_cat","embeddable":true,"href":"https:\/\/www.superfashion.si\/hr\/wp-json\/wp\/v2\/product_cat?post=34045"},{"taxonomy":"product_tag","embeddable":true,"href":"https:\/\/www.superfashion.si\/hr\/wp-json\/wp\/v2\/product_tag?post=34045"},{"taxonomy":"woo-feed-brand","embeddable":true,"href":"https:\/\/www.superfashion.si\/hr\/wp-json\/wp\/v2\/woo-feed-brand?post=34045"}],"curies":[{"name":"radni list","href":"https:\/\/api.w.org\/{rel}","templated":true}]}}