{"id":34648,"date":"2023-08-31T13:28:58","date_gmt":"2023-08-31T11:28:58","guid":{"rendered":"https:\/\/www.superfashion.si\/?post_type=product&#038;p=34648"},"modified":"2026-04-06T16:34:28","modified_gmt":"2026-04-06T15:34:28","slug":"trenirka-komplet-67064","status":"publish","type":"product","link":"https:\/\/www.superfashion.si\/hr\/product\/trenirka-komplet-67064\/","title":{"rendered":"Trenirka komplet 67064"},"content":{"rendered":"","protected":false},"excerpt":{"rendered":"<details >\n<summary>O PROIZVODU<\/summary>\n<div class=\"cg-accordion-item\">\n<p><strong>Trenirka komplet <\/strong>sa zipom 67064<\/p>\n<ul>\n<li>Majica s kapulja\u010dom na patentni zatvara\u010d i d\u017eepovima<\/li>\n<li>Hla\u010de s d\u017eepovima<\/li>\n<li>Kvalitetan materijal<\/li>\n<li>Materijal: 90 % pamuka, 10 % elastana<\/li>\n<li>Pranje u perilici rublja na 30 stupnjeva<\/li>\n<\/ul>\n<p>Dimenzije d\u017eemper:<\/p>\n<ul>\n<li>\u0160irina ispod pazuha: 54 cm<\/li>\n<li>Ukupna duljina: 63 cm<\/li>\n<li>Du\u017eina rukava ispod pazuha: 46 cm<\/li>\n<li>Du\u017eina rukava od ramena: 68 cm<\/li>\n<\/ul>\n<p>Dimenzije hla\u010da:<\/p>\n<ul>\n<li>\u0160irina struka: 30 cm \/ nakon istezanja: 43 cm<\/li>\n<li>Duljina unutarnjeg \u0161ava: 68 cm +\/- 2 cm<\/li>\n<li>Ukupna duljina: 91 cm<\/li>\n<\/ul>\n<\/div>\n<\/details>\n<details >\n<summary>POMO\u0106 ZA ODABIR VELI\u010cINE<\/summary>\n<div class=\"cg-accordion-item\">\n<p><strong>Veli\u010dina je univerzalna, pogodna za veli\u010dine S, M, L<\/strong><\/p>\n<\/div>\n<\/details>","protected":false},"featured_media":34651,"comment_status":"open","ping_status":"closed","template":"","meta":[],"product_brand":[474],"product_cat":[134,160,135],"product_tag":[400],"woo-feed-brand":[],"class_list":{"0":"post-34648","1":"product","2":"type-product","3":"status-publish","4":"has-post-thumbnail","6":"product_brand-superfashion","7":"product_cat-zenske","8":"product_cat-sportne-hlace-in-trenirke","9":"product_cat-zenska-oblacila","10":"product_tag-kesi","11":"pa_color-siva","12":"pa_color-svetlo-modra","13":"pa_velikosti-uni","15":"first","16":"outofstock","17":"shipping-taxable","18":"product-type-variable"},"_links":{"self":[{"href":"https:\/\/www.superfashion.si\/hr\/wp-json\/wp\/v2\/product\/34648","targetHints":{"allow":["GET"]}}],"collection":[{"href":"https:\/\/www.superfashion.si\/hr\/wp-json\/wp\/v2\/product"}],"about":[{"href":"https:\/\/www.superfashion.si\/hr\/wp-json\/wp\/v2\/types\/product"}],"replies":[{"embeddable":true,"href":"https:\/\/www.superfashion.si\/hr\/wp-json\/wp\/v2\/comments?post=34648"}],"version-history":[{"count":0,"href":"https:\/\/www.superfashion.si\/hr\/wp-json\/wp\/v2\/product\/34648\/revisions"}],"wp:featuredmedia":[{"embeddable":true,"href":"https:\/\/www.superfashion.si\/hr\/wp-json\/wp\/v2\/media\/34651"}],"wp:attachment":[{"href":"https:\/\/www.superfashion.si\/hr\/wp-json\/wp\/v2\/media?parent=34648"}],"wp:term":[{"taxonomy":"product_brand","embeddable":true,"href":"https:\/\/www.superfashion.si\/hr\/wp-json\/wp\/v2\/product_brand?post=34648"},{"taxonomy":"product_cat","embeddable":true,"href":"https:\/\/www.superfashion.si\/hr\/wp-json\/wp\/v2\/product_cat?post=34648"},{"taxonomy":"product_tag","embeddable":true,"href":"https:\/\/www.superfashion.si\/hr\/wp-json\/wp\/v2\/product_tag?post=34648"},{"taxonomy":"woo-feed-brand","embeddable":true,"href":"https:\/\/www.superfashion.si\/hr\/wp-json\/wp\/v2\/woo-feed-brand?post=34648"}],"curies":[{"name":"radni list","href":"https:\/\/api.w.org\/{rel}","templated":true}]}}