{"id":35345,"date":"2023-09-25T19:03:38","date_gmt":"2023-09-25T17:03:38","guid":{"rendered":"https:\/\/www.superfashion.si\/?post_type=product&#038;p=35345"},"modified":"2026-03-02T10:24:30","modified_gmt":"2026-03-02T09:24:30","slug":"podstavljena-kozna-jakna-8584","status":"publish","type":"product","link":"https:\/\/www.superfashion.si\/hr\/product\/podlozena-usnjena-jakna-8584\/","title":{"rendered":"Podstavljena ko\u017ena jakna 8584"},"content":{"rendered":"","protected":false},"excerpt":{"rendered":"<details >\n<summary>O PROIZVODU<\/summary>\n<div class=\"cg-accordion-item\">\n<p><strong>Podstavljena ko\u017ena jakna 8584<\/strong><\/p>\n<p>Moderna topla podstavljena jakna od umjetne ko\u017ee<\/p>\n<ul>\n<li>Marka: K.zell Paris<\/li>\n<li>Boja: crna\/be\u017e<\/li>\n<li>Toplo podstavljena<\/li>\n<li>Patentni zatvara\u010d<\/li>\n<li>Dva vanjska d\u017eepa<\/li>\n<li>Uzica za zatezanje<\/li>\n<li>Duljina: 50 cm (+\/- 2 cm)<\/li>\n<li>Materijal: 75% poliuretan, 43% poliester<\/li>\n<li>Pranje u perilici rublja na 40 stupnjeva<\/li>\n<\/ul>\n<\/div>\n<\/details>\n<details >\n<summary>POMO\u0106 ZA ODABIR VELI\u010cINE<\/summary>\n<div class=\"cg-accordion-item\">\n<p><strong>Veli\u010dine su normalne, pa vam savjetujemo da naru\u010dite veli\u010dinu koju ina\u010de nosite.<\/strong><\/p>\n<\/div>\n<\/details>","protected":false},"featured_media":35355,"comment_status":"open","ping_status":"closed","template":"","meta":[],"product_brand":[474],"product_cat":[134,143,135],"product_tag":[404],"woo-feed-brand":[],"class_list":{"0":"post-35345","1":"product","2":"type-product","3":"status-publish","4":"has-post-thumbnail","6":"product_brand-superfashion","7":"product_cat-zenske","8":"product_cat-jakne-in-brezrokavniki","9":"product_cat-zenska-oblacila","10":"product_tag-k-zell-paris","11":"pa_color-crna","12":"pa_velikosti-large","13":"pa_velikosti-medium","14":"pa_velikosti-small","16":"first","17":"instock","18":"shipping-taxable","19":"purchasable","20":"product-type-variable"},"_links":{"self":[{"href":"https:\/\/www.superfashion.si\/hr\/wp-json\/wp\/v2\/product\/35345","targetHints":{"allow":["GET"]}}],"collection":[{"href":"https:\/\/www.superfashion.si\/hr\/wp-json\/wp\/v2\/product"}],"about":[{"href":"https:\/\/www.superfashion.si\/hr\/wp-json\/wp\/v2\/types\/product"}],"replies":[{"embeddable":true,"href":"https:\/\/www.superfashion.si\/hr\/wp-json\/wp\/v2\/comments?post=35345"}],"version-history":[{"count":0,"href":"https:\/\/www.superfashion.si\/hr\/wp-json\/wp\/v2\/product\/35345\/revisions"}],"wp:featuredmedia":[{"embeddable":true,"href":"https:\/\/www.superfashion.si\/hr\/wp-json\/wp\/v2\/media\/35355"}],"wp:attachment":[{"href":"https:\/\/www.superfashion.si\/hr\/wp-json\/wp\/v2\/media?parent=35345"}],"wp:term":[{"taxonomy":"product_brand","embeddable":true,"href":"https:\/\/www.superfashion.si\/hr\/wp-json\/wp\/v2\/product_brand?post=35345"},{"taxonomy":"product_cat","embeddable":true,"href":"https:\/\/www.superfashion.si\/hr\/wp-json\/wp\/v2\/product_cat?post=35345"},{"taxonomy":"product_tag","embeddable":true,"href":"https:\/\/www.superfashion.si\/hr\/wp-json\/wp\/v2\/product_tag?post=35345"},{"taxonomy":"woo-feed-brand","embeddable":true,"href":"https:\/\/www.superfashion.si\/hr\/wp-json\/wp\/v2\/woo-feed-brand?post=35345"}],"curies":[{"name":"radni list","href":"https:\/\/api.w.org\/{rel}","templated":true}]}}