{"id":35759,"date":"2023-11-12T19:14:47","date_gmt":"2023-11-12T18:14:47","guid":{"rendered":"https:\/\/www.superfashion.si\/?post_type=product&#038;p=35759"},"modified":"2025-11-13T10:44:59","modified_gmt":"2025-11-13T09:44:59","slug":"sportske-tople-hlace-a9003-a-crne","status":"publish","type":"product","link":"https:\/\/www.superfashion.si\/hr\/product\/sportne-tople-hlace-a9003-a-crne\/","title":{"rendered":"Sportske tople hla\u010de A9003-A-crne"},"content":{"rendered":"","protected":false},"excerpt":{"rendered":"<details >\n<summary>O PROIZVODU<\/summary>\n<div class=\"cg-accordion-item\">\n<p>Tople sportske hla\u010de A9003-A<\/p>\n<ul>\n<li>Marka: Dance<\/li>\n<li>Boja: crna<\/li>\n<li>Materijal: 75,7% pamuk, 19% poliester, 5,3% elastan<\/li>\n<\/ul>\n<\/div>\n<\/details>\n<details >\n<summary>POMO\u0106 ZA ODABIR VELI\u010cINE<\/summary>\n<div class=\"cg-accordion-item\">\n<p><strong>Veli\u010dine su normalne, pa vam savjetujemo da naru\u010dite veli\u010dinu koju ina\u010de nosite.<\/strong><\/p>\n<\/div>\n<\/details>","protected":false},"featured_media":18957,"comment_status":"open","ping_status":"closed","template":"","meta":[],"product_brand":[439],"product_cat":[134,160,135],"product_tag":[337],"woo-feed-brand":[],"class_list":{"0":"post-35759","1":"product","2":"type-product","3":"status-publish","4":"has-post-thumbnail","6":"product_brand-dance","7":"product_cat-zenske","8":"product_cat-sportne-hlace-in-trenirke","9":"product_cat-zenska-oblacila","10":"product_tag-dance","11":"pa_color-crna","12":"pa_velikosti-large","13":"pa_velikosti-medium","14":"pa_velikosti-small","15":"pa_velikosti-ekstra-large","17":"first","18":"instock","19":"shipping-taxable","20":"purchasable","21":"product-type-variable"},"_links":{"self":[{"href":"https:\/\/www.superfashion.si\/hr\/wp-json\/wp\/v2\/product\/35759","targetHints":{"allow":["GET"]}}],"collection":[{"href":"https:\/\/www.superfashion.si\/hr\/wp-json\/wp\/v2\/product"}],"about":[{"href":"https:\/\/www.superfashion.si\/hr\/wp-json\/wp\/v2\/types\/product"}],"replies":[{"embeddable":true,"href":"https:\/\/www.superfashion.si\/hr\/wp-json\/wp\/v2\/comments?post=35759"}],"version-history":[{"count":0,"href":"https:\/\/www.superfashion.si\/hr\/wp-json\/wp\/v2\/product\/35759\/revisions"}],"wp:featuredmedia":[{"embeddable":true,"href":"https:\/\/www.superfashion.si\/hr\/wp-json\/wp\/v2\/media\/18957"}],"wp:attachment":[{"href":"https:\/\/www.superfashion.si\/hr\/wp-json\/wp\/v2\/media?parent=35759"}],"wp:term":[{"taxonomy":"product_brand","embeddable":true,"href":"https:\/\/www.superfashion.si\/hr\/wp-json\/wp\/v2\/product_brand?post=35759"},{"taxonomy":"product_cat","embeddable":true,"href":"https:\/\/www.superfashion.si\/hr\/wp-json\/wp\/v2\/product_cat?post=35759"},{"taxonomy":"product_tag","embeddable":true,"href":"https:\/\/www.superfashion.si\/hr\/wp-json\/wp\/v2\/product_tag?post=35759"},{"taxonomy":"woo-feed-brand","embeddable":true,"href":"https:\/\/www.superfashion.si\/hr\/wp-json\/wp\/v2\/woo-feed-brand?post=35759"}],"curies":[{"name":"radni list","href":"https:\/\/api.w.org\/{rel}","templated":true}]}}