{"id":36328,"date":"2023-12-06T10:45:36","date_gmt":"2023-12-06T09:45:36","guid":{"rendered":"https:\/\/www.superfashion.si\/?post_type=product&#038;p=36328"},"modified":"2026-03-17T15:48:26","modified_gmt":"2026-03-17T14:48:26","slug":"zimska-jakna-copperose-fc7518","status":"publish","type":"product","link":"https:\/\/www.superfashion.si\/hr\/product\/zimska-jakna-copperose-fc7518\/","title":{"rendered":"Zimska jakna Copperose FC7518"},"content":{"rendered":"","protected":false},"excerpt":{"rendered":"<details >\n<summary>O PROIZVODU<\/summary>\n<div class=\"cg-accordion-item\">\n<p><strong>Zimska jakna<\/strong> Copperose FC7518<\/p>\n<ul>\n<li>Marka: Copperose<\/li>\n<li>Boje: crna, be\u017e<\/li>\n<li>Vrlo topla<\/li>\n<li>Umjetno krzno mo\u017ee se ukloniti<\/li>\n<li>Kapulja\u010da se ne mo\u017ee ukloniti<\/li>\n<li>Zatvaranje patentnim zatvara\u010dem<\/li>\n<li>2 bo\u010dna d\u017eepa<\/li>\n<li>Pranje u perilici rublja na 30 stupnjeva<\/li>\n<li>Materijal: 100% poliester<\/li>\n<\/ul>\n<\/div>\n<\/details>\n<details >\n<summary>POMO\u0106 ZA ODABIR VELI\u010cINE<\/summary>\n<div class=\"cg-accordion-item\">\n<p><strong>Veli\u010dine odgovaraju veli\u010dini, stoga vam savjetujemo da naru\u010dite veli\u010dinu koju ina\u010de nosite. Ako imate me\u0111ubroj, trebali biste naru\u010diti ve\u0107u veli\u010dinu.<\/strong><\/p>\n<\/div>\n<\/details>","protected":false},"featured_media":36337,"comment_status":"open","ping_status":"closed","template":"","meta":[],"product_brand":[445],"product_cat":[134,142,135],"product_tag":[368],"woo-feed-brand":[],"class_list":{"0":"post-36328","1":"product","2":"type-product","3":"status-publish","4":"has-post-thumbnail","6":"product_brand-copperose","7":"product_cat-zenske","8":"product_cat-bunde-in-plasci","9":"product_cat-zenska-oblacila","10":"product_tag-copperose","11":"pa_color-bez","12":"pa_color-crna","13":"pa_sezona-jesen","14":"pa_sezona-pomlad","15":"pa_sezona-zima","16":"pa_velikosti-large","17":"pa_velikosti-medium","18":"pa_velikosti-small","19":"pa_velikosti-ekstra-large","21":"first","22":"instock","23":"shipping-taxable","24":"purchasable","25":"product-type-variable"},"_links":{"self":[{"href":"https:\/\/www.superfashion.si\/hr\/wp-json\/wp\/v2\/product\/36328","targetHints":{"allow":["GET"]}}],"collection":[{"href":"https:\/\/www.superfashion.si\/hr\/wp-json\/wp\/v2\/product"}],"about":[{"href":"https:\/\/www.superfashion.si\/hr\/wp-json\/wp\/v2\/types\/product"}],"replies":[{"embeddable":true,"href":"https:\/\/www.superfashion.si\/hr\/wp-json\/wp\/v2\/comments?post=36328"}],"version-history":[{"count":1,"href":"https:\/\/www.superfashion.si\/hr\/wp-json\/wp\/v2\/product\/36328\/revisions"}],"predecessor-version":[{"id":53841,"href":"https:\/\/www.superfashion.si\/hr\/wp-json\/wp\/v2\/product\/36328\/revisions\/53841"}],"wp:featuredmedia":[{"embeddable":true,"href":"https:\/\/www.superfashion.si\/hr\/wp-json\/wp\/v2\/media\/36337"}],"wp:attachment":[{"href":"https:\/\/www.superfashion.si\/hr\/wp-json\/wp\/v2\/media?parent=36328"}],"wp:term":[{"taxonomy":"product_brand","embeddable":true,"href":"https:\/\/www.superfashion.si\/hr\/wp-json\/wp\/v2\/product_brand?post=36328"},{"taxonomy":"product_cat","embeddable":true,"href":"https:\/\/www.superfashion.si\/hr\/wp-json\/wp\/v2\/product_cat?post=36328"},{"taxonomy":"product_tag","embeddable":true,"href":"https:\/\/www.superfashion.si\/hr\/wp-json\/wp\/v2\/product_tag?post=36328"},{"taxonomy":"woo-feed-brand","embeddable":true,"href":"https:\/\/www.superfashion.si\/hr\/wp-json\/wp\/v2\/woo-feed-brand?post=36328"}],"curies":[{"name":"radni list","href":"https:\/\/api.w.org\/{rel}","templated":true}]}}