{"id":36395,"date":"2023-12-07T15:04:00","date_gmt":"2023-12-07T14:04:00","guid":{"rendered":"https:\/\/www.superfashion.si\/?post_type=product&#038;p=36395"},"modified":"2025-12-02T13:04:03","modified_gmt":"2025-12-02T12:04:03","slug":"zenski-ogrtac-s-kapuljacom-g0092","status":"publish","type":"product","link":"https:\/\/www.superfashion.si\/hr\/product\/zenski-kopalni-plasc-s-kapuco-g0092\/","title":{"rendered":"\u017denski ogrta\u010d s kapulja\u010dom G0092"},"content":{"rendered":"","protected":false},"excerpt":{"rendered":"<details >\n<summary>O PROIZVODU<\/summary>\n<div class=\"cg-accordion-item\">\n<p><strong>\u017denski ogrta\u010d s kapulja\u010dom G0092<\/strong><\/p>\n<ul>\n<li>Marka: Caress<\/li>\n<li>Boje: siva, roza<\/li>\n<li>Izuzetno udoban materijal<\/li>\n<li>Dva vanjska d\u017eepa<\/li>\n<li>Duljina: 98 cm cm +\/- 2cm<\/li>\n<li>Materijal: 100% poliester<\/li>\n<li>Pranje u perilici rublja na 40 stupnjeva<\/li>\n<\/ul>\n<\/div>\n<\/details>\n<details >\n<summary>POMO\u0106 ZA ODABIR VELI\u010cINE<\/summary>\n<div class=\"cg-accordion-item\">\n<p><strong>Veli\u010dine su normalne, pa vam savjetujemo da naru\u010dite veli\u010dinu koju ina\u010de nosite.<\/strong><\/p>\n<\/div>\n<\/details>","protected":false},"featured_media":36412,"comment_status":"open","ping_status":"closed","template":"","meta":[],"product_brand":[474],"product_cat":[134,224,154,135],"product_tag":[414],"woo-feed-brand":[],"class_list":{"0":"post-36395","1":"product","2":"type-product","3":"status-publish","4":"has-post-thumbnail","6":"product_brand-superfashion","7":"product_cat-zenske","8":"product_cat-kopalni-plasci","9":"product_cat-perilo","10":"product_cat-zenska-oblacila","11":"product_tag-caress","12":"pa_color-roza","13":"pa_color-siva","14":"pa_velikosti-large","15":"pa_velikosti-medium","16":"pa_velikosti-small","17":"pa_velikosti-ekstra-large","19":"first","20":"instock","21":"shipping-taxable","22":"purchasable","23":"product-type-variable"},"_links":{"self":[{"href":"https:\/\/www.superfashion.si\/hr\/wp-json\/wp\/v2\/product\/36395","targetHints":{"allow":["GET"]}}],"collection":[{"href":"https:\/\/www.superfashion.si\/hr\/wp-json\/wp\/v2\/product"}],"about":[{"href":"https:\/\/www.superfashion.si\/hr\/wp-json\/wp\/v2\/types\/product"}],"replies":[{"embeddable":true,"href":"https:\/\/www.superfashion.si\/hr\/wp-json\/wp\/v2\/comments?post=36395"}],"version-history":[{"count":0,"href":"https:\/\/www.superfashion.si\/hr\/wp-json\/wp\/v2\/product\/36395\/revisions"}],"wp:featuredmedia":[{"embeddable":true,"href":"https:\/\/www.superfashion.si\/hr\/wp-json\/wp\/v2\/media\/36412"}],"wp:attachment":[{"href":"https:\/\/www.superfashion.si\/hr\/wp-json\/wp\/v2\/media?parent=36395"}],"wp:term":[{"taxonomy":"product_brand","embeddable":true,"href":"https:\/\/www.superfashion.si\/hr\/wp-json\/wp\/v2\/product_brand?post=36395"},{"taxonomy":"product_cat","embeddable":true,"href":"https:\/\/www.superfashion.si\/hr\/wp-json\/wp\/v2\/product_cat?post=36395"},{"taxonomy":"product_tag","embeddable":true,"href":"https:\/\/www.superfashion.si\/hr\/wp-json\/wp\/v2\/product_tag?post=36395"},{"taxonomy":"woo-feed-brand","embeddable":true,"href":"https:\/\/www.superfashion.si\/hr\/wp-json\/wp\/v2\/woo-feed-brand?post=36395"}],"curies":[{"name":"radni list","href":"https:\/\/api.w.org\/{rel}","templated":true}]}}