{"id":36591,"date":"2023-12-13T15:50:08","date_gmt":"2023-12-13T14:50:08","guid":{"rendered":"https:\/\/www.superfashion.si\/?post_type=product&#038;p=36591"},"modified":"2026-04-16T10:24:55","modified_gmt":"2026-04-16T09:24:55","slug":"muski-dzemper-i8-denim-2219","status":"publish","type":"product","link":"https:\/\/www.superfashion.si\/hr\/product\/moski-pulover-i8-denim-2219\/","title":{"rendered":"Mu\u0161ki d\u017eemper i8 denim 2219"},"content":{"rendered":"","protected":false},"excerpt":{"rendered":"<details >\n<summary>O PROIZVODU<\/summary>\n<div class=\"cg-accordion-item\">\n<p><strong>Mu\u0161ka majica s kapulja\u010dom <\/strong>2219<\/p>\n<ul>\n<li>Marka: i8 denim<\/li>\n<li>Proizvedeno u Turskoj<\/li>\n<li>Boje: crna, be\u017e<\/li>\n<li>Vrlo toplo<\/li>\n<li>Oversize<\/li>\n<li>Model na fotografiji (63 kg, 183 cm) nosi veli\u010dinu M<\/li>\n<li>Materijal: 85% pamuk, 15% poliester<\/li>\n<li>Pranje u perilici rublja na 30 stupnjeva<\/li>\n<\/ul>\n<ul>\n&lt;li style=&quot;list-style-type: none;&quot;<\/div>\n<\/details>\n<\/li>\n<\/ul>\n<details >\n<summary>POMO\u0106 ZA ODABIR VELI\u010cINE<\/summary>\n<div class=\"cg-accordion-item\">\n<p><strong>Veli\u010dine su normalne, stoga naru\u010dite svoj uobi\u010dajeni konfekcijski broj.<\/strong><\/p>\n<\/div>\n<\/details>","protected":false},"featured_media":36602,"comment_status":"open","ping_status":"closed","template":"","meta":[],"product_brand":[428],"product_cat":[194,195,197],"product_tag":[380],"woo-feed-brand":[],"class_list":{"0":"post-36591","1":"product","2":"type-product","3":"status-publish","4":"has-post-thumbnail","6":"product_brand-i8denim","7":"product_cat-moski","8":"product_cat-moska-oblacila","9":"product_cat-puloverji-jopice-moska-oblacila","10":"product_tag-i8denim","11":"pa_color-bez","12":"pa_color-crna","13":"pa_velikosti-large","14":"pa_velikosti-medium","15":"pa_velikosti-small","16":"pa_velikosti-ekstra-large","17":"pa_velikosti-extra-extra-large","19":"first","20":"instock","21":"shipping-taxable","22":"purchasable","23":"product-type-variable"},"_links":{"self":[{"href":"https:\/\/www.superfashion.si\/hr\/wp-json\/wp\/v2\/product\/36591","targetHints":{"allow":["GET"]}}],"collection":[{"href":"https:\/\/www.superfashion.si\/hr\/wp-json\/wp\/v2\/product"}],"about":[{"href":"https:\/\/www.superfashion.si\/hr\/wp-json\/wp\/v2\/types\/product"}],"replies":[{"embeddable":true,"href":"https:\/\/www.superfashion.si\/hr\/wp-json\/wp\/v2\/comments?post=36591"}],"version-history":[{"count":0,"href":"https:\/\/www.superfashion.si\/hr\/wp-json\/wp\/v2\/product\/36591\/revisions"}],"wp:featuredmedia":[{"embeddable":true,"href":"https:\/\/www.superfashion.si\/hr\/wp-json\/wp\/v2\/media\/36602"}],"wp:attachment":[{"href":"https:\/\/www.superfashion.si\/hr\/wp-json\/wp\/v2\/media?parent=36591"}],"wp:term":[{"taxonomy":"product_brand","embeddable":true,"href":"https:\/\/www.superfashion.si\/hr\/wp-json\/wp\/v2\/product_brand?post=36591"},{"taxonomy":"product_cat","embeddable":true,"href":"https:\/\/www.superfashion.si\/hr\/wp-json\/wp\/v2\/product_cat?post=36591"},{"taxonomy":"product_tag","embeddable":true,"href":"https:\/\/www.superfashion.si\/hr\/wp-json\/wp\/v2\/product_tag?post=36591"},{"taxonomy":"woo-feed-brand","embeddable":true,"href":"https:\/\/www.superfashion.si\/hr\/wp-json\/wp\/v2\/woo-feed-brand?post=36591"}],"curies":[{"name":"radni list","href":"https:\/\/api.w.org\/{rel}","templated":true}]}}