{"id":36642,"date":"2023-12-13T16:23:25","date_gmt":"2023-12-13T15:23:25","guid":{"rendered":"https:\/\/www.superfashion.si\/?post_type=product&#038;p=36642"},"modified":"2026-03-02T09:26:17","modified_gmt":"2026-03-02T08:26:17","slug":"muska-zimska-jakna-i8-denim-90174","status":"publish","type":"product","link":"https:\/\/www.superfashion.si\/hr\/product\/moska-zimska-jakna-i8-denim-90174\/","title":{"rendered":"Mu\u0161ka zimska jakna i8 denim 90174"},"content":{"rendered":"","protected":false},"excerpt":{"rendered":"<details >\n<summary>O PROIZVODU<\/summary>\n<div class=\"cg-accordion-item\">\n<p><strong>Mu\u0161ka zimska jakna 90174<\/strong><\/p>\n<ul>\n<li>Marka: i8 denim<\/li>\n<li>Proizvedeno u Turskoj<\/li>\n<li>Boja: be\u017e<\/li>\n<li>Skidiva kapulja\u010da i\/ili krzno<\/li>\n<li>1 unutarnji d\u017eep sa patentnim zatvara\u010dem<\/li>\n<li>2 vanjska bo\u010dna d\u017eepa s patentnim zatvara\u010dem<\/li>\n<li>2 ve\u0107a vanjska d\u017eepa na pritiska\u010d<\/li>\n<li>Model na fotografiji (63 kg, 183 cm) nosi veli\u010dinu M<\/li>\n<li>Materijal: vanjska strana: 98% pamuk, 2% elastin, unutra\u0161njost i punjenje: 100% poliester<\/li>\n<li>Pranje u perilici rublja na 30 stupnjeva<\/li>\n<\/ul>\n<ul>\n&lt;li style=&quot;list-style-type: none;&quot;<\/div>\n<\/details>\n<\/li>\n<\/ul>\n<details >\n<summary>POMO\u0106 ZA ODABIR VELI\u010cINE<\/summary>\n<div class=\"cg-accordion-item\">\n<p><strong>Veli\u010dine su normalne, stoga naru\u010dite svoj uobi\u010dajeni konfekcijski broj.<\/strong><\/p>\n<\/div>\n<\/details>","protected":false},"featured_media":36649,"comment_status":"open","ping_status":"closed","template":"","meta":[],"product_brand":[428],"product_cat":[194,196,195],"product_tag":[380],"woo-feed-brand":[],"class_list":{"0":"post-36642","1":"product","2":"type-product","3":"status-publish","4":"has-post-thumbnail","6":"product_brand-i8denim","7":"product_cat-moski","8":"product_cat-bunde-jakne","9":"product_cat-moska-oblacila","10":"product_tag-i8denim","11":"pa_color-bez","12":"pa_velikosti-large","13":"pa_velikosti-medium","14":"pa_velikosti-small","15":"pa_velikosti-ekstra-large","16":"pa_velikosti-extra-extra-large","18":"first","19":"instock","20":"shipping-taxable","21":"purchasable","22":"product-type-variable"},"_links":{"self":[{"href":"https:\/\/www.superfashion.si\/hr\/wp-json\/wp\/v2\/product\/36642","targetHints":{"allow":["GET"]}}],"collection":[{"href":"https:\/\/www.superfashion.si\/hr\/wp-json\/wp\/v2\/product"}],"about":[{"href":"https:\/\/www.superfashion.si\/hr\/wp-json\/wp\/v2\/types\/product"}],"replies":[{"embeddable":true,"href":"https:\/\/www.superfashion.si\/hr\/wp-json\/wp\/v2\/comments?post=36642"}],"version-history":[{"count":0,"href":"https:\/\/www.superfashion.si\/hr\/wp-json\/wp\/v2\/product\/36642\/revisions"}],"wp:featuredmedia":[{"embeddable":true,"href":"https:\/\/www.superfashion.si\/hr\/wp-json\/wp\/v2\/media\/36649"}],"wp:attachment":[{"href":"https:\/\/www.superfashion.si\/hr\/wp-json\/wp\/v2\/media?parent=36642"}],"wp:term":[{"taxonomy":"product_brand","embeddable":true,"href":"https:\/\/www.superfashion.si\/hr\/wp-json\/wp\/v2\/product_brand?post=36642"},{"taxonomy":"product_cat","embeddable":true,"href":"https:\/\/www.superfashion.si\/hr\/wp-json\/wp\/v2\/product_cat?post=36642"},{"taxonomy":"product_tag","embeddable":true,"href":"https:\/\/www.superfashion.si\/hr\/wp-json\/wp\/v2\/product_tag?post=36642"},{"taxonomy":"woo-feed-brand","embeddable":true,"href":"https:\/\/www.superfashion.si\/hr\/wp-json\/wp\/v2\/woo-feed-brand?post=36642"}],"curies":[{"name":"radni list","href":"https:\/\/api.w.org\/{rel}","templated":true}]}}