{"id":37710,"date":"2024-03-15T14:53:50","date_gmt":"2024-03-15T13:53:50","guid":{"rendered":"https:\/\/www.superfashion.si\/?post_type=product&#038;p=37710"},"modified":"2025-11-13T09:00:55","modified_gmt":"2025-11-13T08:00:55","slug":"zenske-mokasine-gs71","status":"publish","type":"product","link":"https:\/\/www.superfashion.si\/hr\/product\/zenske-mokasinke-gs71\/","title":{"rendered":"\u017denske mokasine GS71"},"content":{"rendered":"","protected":false},"excerpt":{"rendered":"<details >\n<summary>O PROIZVODU<\/summary>\n<div class=\"cg-accordion-item\">\n<p>\u017denske <strong>mokasine<\/strong> Seastar Blue GS71<\/p>\n<ul>\n<li>Boje: crna, srebrna<\/li>\n<li>Marka: Seastar Blue<\/li>\n<li>Visina potplata: 2,5 cm<\/li>\n<li>Visina pete: 3,5 cm<\/li>\n<\/ul>\n<p>Materijal:<\/p>\n<ul>\n<li>Gornji dio: tekstil<\/li>\n<li>Obloga i ulo\u017eak: tekstil i ko\u017ea<\/li>\n<li>Potplat: drugi materijali<\/li>\n<\/ul>\n<\/div>\n<\/details>\n<details >\n<summary>POMO\u0106 ZA ODABIR VELI\u010cINE<\/summary>\n<div class=\"cg-accordion-item\">\n<p><strong>Veli\u010dine su normalne, pa vam savjetujemo da naru\u010dite veli\u010dinu koju ina\u010de nosite.<\/strong><\/p>\n<\/div>\n<\/details>","protected":false},"featured_media":37725,"comment_status":"open","ping_status":"closed","template":"","meta":[],"product_brand":[486],"product_cat":[134,175,172],"product_tag":[300],"woo-feed-brand":[],"class_list":{"0":"post-37710","1":"product","2":"type-product","3":"status-publish","4":"has-post-thumbnail","6":"product_brand-seastar","7":"product_cat-zenske","8":"product_cat-balerinke","9":"product_cat-obutev","10":"product_tag-seastar-blue","11":"pa_color-crna","12":"pa_color-srebrna","13":"pa_velikosti-292","14":"pa_velikosti-293","15":"pa_velikosti-294","16":"pa_velikosti-295","17":"pa_velikosti-297","18":"pa_velikosti-298","20":"first","21":"instock","22":"shipping-taxable","23":"purchasable","24":"product-type-variable"},"_links":{"self":[{"href":"https:\/\/www.superfashion.si\/hr\/wp-json\/wp\/v2\/product\/37710","targetHints":{"allow":["GET"]}}],"collection":[{"href":"https:\/\/www.superfashion.si\/hr\/wp-json\/wp\/v2\/product"}],"about":[{"href":"https:\/\/www.superfashion.si\/hr\/wp-json\/wp\/v2\/types\/product"}],"replies":[{"embeddable":true,"href":"https:\/\/www.superfashion.si\/hr\/wp-json\/wp\/v2\/comments?post=37710"}],"version-history":[{"count":0,"href":"https:\/\/www.superfashion.si\/hr\/wp-json\/wp\/v2\/product\/37710\/revisions"}],"wp:featuredmedia":[{"embeddable":true,"href":"https:\/\/www.superfashion.si\/hr\/wp-json\/wp\/v2\/media\/37725"}],"wp:attachment":[{"href":"https:\/\/www.superfashion.si\/hr\/wp-json\/wp\/v2\/media?parent=37710"}],"wp:term":[{"taxonomy":"product_brand","embeddable":true,"href":"https:\/\/www.superfashion.si\/hr\/wp-json\/wp\/v2\/product_brand?post=37710"},{"taxonomy":"product_cat","embeddable":true,"href":"https:\/\/www.superfashion.si\/hr\/wp-json\/wp\/v2\/product_cat?post=37710"},{"taxonomy":"product_tag","embeddable":true,"href":"https:\/\/www.superfashion.si\/hr\/wp-json\/wp\/v2\/product_tag?post=37710"},{"taxonomy":"woo-feed-brand","embeddable":true,"href":"https:\/\/www.superfashion.si\/hr\/wp-json\/wp\/v2\/woo-feed-brand?post=37710"}],"curies":[{"name":"radni list","href":"https:\/\/api.w.org\/{rel}","templated":true}]}}