{"id":39155,"date":"2024-06-17T17:14:14","date_gmt":"2024-06-17T16:14:14","guid":{"rendered":"https:\/\/www.superfashion.si\/?post_type=product&#038;p=39155"},"modified":"2025-11-12T18:51:15","modified_gmt":"2025-11-12T17:51:15","slug":"zenska-majica-s-kratkimi-rokavi-7053","status":"publish","type":"product","link":"https:\/\/www.superfashion.si\/hr\/product\/zenska-majica-s-kratkimi-rokavi-7053\/","title":{"rendered":"\u017denska majica kratkih rukava 7053"},"content":{"rendered":"","protected":false},"excerpt":{"rendered":"<details >\n<summary>O PROIZVODU<\/summary>\n<div class=\"cg-accordion-item\">\n<p><strong>\u017denska majica kratkih rukava<\/strong> 7053<\/p>\n<ul>\n<li>Made in Italy<\/li>\n<li>Boja: bijela<\/li>\n<li>Ukupna du\u017eina: ispred: 60 cm, straga: 70 cm (+\/- 2 cm)<\/li>\n<li>Materijal: 100% poliester<\/li>\n<li>Pranje u perilici rublja na 30 stupnjeva<\/li>\n<\/ul>\n<\/div>\n<\/details>\n<details >\n<summary>POMO\u0106 ZA ODABIR VELI\u010cINE<\/summary>\n<div class=\"cg-accordion-item\">\n<p><strong>Veli\u010dine su normalne, pa vam savjetujemo da naru\u010dite veli\u010dinu koju ina\u010de nosite.<\/strong><\/p>\n<\/div>\n<\/details>","protected":false},"featured_media":39160,"comment_status":"open","ping_status":"closed","template":"","meta":[],"product_brand":[474],"product_cat":[134,148,147,353,399,135],"product_tag":[279],"woo-feed-brand":[],"class_list":{"0":"post-39155","1":"product","2":"type-product","3":"status-publish","4":"has-post-thumbnail","6":"product_brand-superfashion","7":"product_cat-zenske","8":"product_cat-bluze-in-tunike","9":"product_cat-majice-in-topi","10":"product_cat-majice-kratek-rokav","11":"product_cat-razprodaja","12":"product_cat-zenska-oblacila","13":"product_tag-made-in-italy","14":"pa_color-bela","15":"pa_velikosti-large","16":"pa_velikosti-medium","17":"pa_velikosti-small","19":"first","20":"instock","21":"sale","22":"shipping-taxable","23":"purchasable","24":"product-type-variable"},"_links":{"self":[{"href":"https:\/\/www.superfashion.si\/hr\/wp-json\/wp\/v2\/product\/39155","targetHints":{"allow":["GET"]}}],"collection":[{"href":"https:\/\/www.superfashion.si\/hr\/wp-json\/wp\/v2\/product"}],"about":[{"href":"https:\/\/www.superfashion.si\/hr\/wp-json\/wp\/v2\/types\/product"}],"replies":[{"embeddable":true,"href":"https:\/\/www.superfashion.si\/hr\/wp-json\/wp\/v2\/comments?post=39155"}],"version-history":[{"count":0,"href":"https:\/\/www.superfashion.si\/hr\/wp-json\/wp\/v2\/product\/39155\/revisions"}],"wp:featuredmedia":[{"embeddable":true,"href":"https:\/\/www.superfashion.si\/hr\/wp-json\/wp\/v2\/media\/39160"}],"wp:attachment":[{"href":"https:\/\/www.superfashion.si\/hr\/wp-json\/wp\/v2\/media?parent=39155"}],"wp:term":[{"taxonomy":"product_brand","embeddable":true,"href":"https:\/\/www.superfashion.si\/hr\/wp-json\/wp\/v2\/product_brand?post=39155"},{"taxonomy":"product_cat","embeddable":true,"href":"https:\/\/www.superfashion.si\/hr\/wp-json\/wp\/v2\/product_cat?post=39155"},{"taxonomy":"product_tag","embeddable":true,"href":"https:\/\/www.superfashion.si\/hr\/wp-json\/wp\/v2\/product_tag?post=39155"},{"taxonomy":"woo-feed-brand","embeddable":true,"href":"https:\/\/www.superfashion.si\/hr\/wp-json\/wp\/v2\/woo-feed-brand?post=39155"}],"curies":[{"name":"radni list","href":"https:\/\/api.w.org\/{rel}","templated":true}]}}