{"id":40386,"date":"2024-10-07T14:07:11","date_gmt":"2024-10-07T13:07:11","guid":{"rendered":"https:\/\/www.superfashion.si\/?post_type=product&#038;p=40386"},"modified":"2026-03-02T09:21:29","modified_gmt":"2026-03-02T08:21:29","slug":"zimska-jakna-copperose-fc7556-1","status":"publish","type":"product","link":"https:\/\/www.superfashion.si\/hr\/product\/zimska-bunda-copperose-fc7556-1\/","title":{"rendered":"Zimska jakna Copperose FC7556-1"},"content":{"rendered":"","protected":false},"excerpt":{"rendered":"<details >\n<summary>O PROIZVODU<\/summary>\n<div class=\"cg-accordion-item\">\n<p><strong>\u017denska zimska jakna Copperose FC7556-1<\/strong><\/p>\n<ul>\n<li>Marka: Copperose<\/li>\n<li>Boja: crna<\/li>\n<li>Zatvaranje patentnim zatvara\u010dem<\/li>\n<li>2 vanjska bo\u010dna d\u017eepa s patentnim zatvara\u010dem<\/li>\n<li>Kapulja\u010da se ne mo\u017ee ukloniti<\/li>\n<li>U kapulja\u010du je u\u0161ivena vezica<\/li>\n<li>Bo\u010dni patentni zatvara\u010di<\/li>\n<li>Duljina: 80 cm (+\/- 2 cm)<\/li>\n<li>Sezona: jesen\/zima<\/li>\n<li>Materijal: 100% poliester<\/li>\n<li>Pranje u perilici rublja na 30 stupnjeva<\/li>\n<\/ul>\n<\/div>\n<\/details>\n<details >\n<summary>POMO\u0106 ZA ODABIR VELI\u010cINE<\/summary>\n<div class=\"cg-accordion-item\">\n<p>Model nosi veli\u010dinu S<\/p>\n<p><strong>Veli\u010dine su normalne, pa vam savjetujemo da naru\u010dite veli\u010dinu koju ina\u010de nosite.<\/strong><\/p>\n<\/div>\n<\/details>","protected":false},"featured_media":40391,"comment_status":"open","ping_status":"closed","template":"","meta":[],"product_brand":[445],"product_cat":[134,142,135],"product_tag":[368],"woo-feed-brand":[],"class_list":{"0":"post-40386","1":"product","2":"type-product","3":"status-publish","4":"has-post-thumbnail","6":"product_brand-copperose","7":"product_cat-zenske","8":"product_cat-bunde-in-plasci","9":"product_cat-zenska-oblacila","10":"product_tag-copperose","11":"pa_color-crna","12":"pa_sezona-zima","13":"pa_velikosti-large","14":"pa_velikosti-medium","15":"pa_velikosti-small","16":"pa_velikosti-ekstra-large","18":"first","19":"instock","20":"shipping-taxable","21":"purchasable","22":"product-type-variable"},"_links":{"self":[{"href":"https:\/\/www.superfashion.si\/hr\/wp-json\/wp\/v2\/product\/40386","targetHints":{"allow":["GET"]}}],"collection":[{"href":"https:\/\/www.superfashion.si\/hr\/wp-json\/wp\/v2\/product"}],"about":[{"href":"https:\/\/www.superfashion.si\/hr\/wp-json\/wp\/v2\/types\/product"}],"replies":[{"embeddable":true,"href":"https:\/\/www.superfashion.si\/hr\/wp-json\/wp\/v2\/comments?post=40386"}],"version-history":[{"count":0,"href":"https:\/\/www.superfashion.si\/hr\/wp-json\/wp\/v2\/product\/40386\/revisions"}],"wp:featuredmedia":[{"embeddable":true,"href":"https:\/\/www.superfashion.si\/hr\/wp-json\/wp\/v2\/media\/40391"}],"wp:attachment":[{"href":"https:\/\/www.superfashion.si\/hr\/wp-json\/wp\/v2\/media?parent=40386"}],"wp:term":[{"taxonomy":"product_brand","embeddable":true,"href":"https:\/\/www.superfashion.si\/hr\/wp-json\/wp\/v2\/product_brand?post=40386"},{"taxonomy":"product_cat","embeddable":true,"href":"https:\/\/www.superfashion.si\/hr\/wp-json\/wp\/v2\/product_cat?post=40386"},{"taxonomy":"product_tag","embeddable":true,"href":"https:\/\/www.superfashion.si\/hr\/wp-json\/wp\/v2\/product_tag?post=40386"},{"taxonomy":"woo-feed-brand","embeddable":true,"href":"https:\/\/www.superfashion.si\/hr\/wp-json\/wp\/v2\/woo-feed-brand?post=40386"}],"curies":[{"name":"radni list","href":"https:\/\/api.w.org\/{rel}","templated":true}]}}