{"id":40500,"date":"2024-10-15T14:02:03","date_gmt":"2024-10-15T13:02:03","guid":{"rendered":"https:\/\/www.superfashion.si\/?post_type=product&#038;p=40500"},"modified":"2026-03-02T09:59:32","modified_gmt":"2026-03-02T08:59:32","slug":"zenske-gleznjace-f6678","status":"publish","type":"product","link":"https:\/\/www.superfashion.si\/hr\/product\/zenski-gleznarji-f6678\/","title":{"rendered":"\u017denske gle\u017enja\u010de F6678"},"content":{"rendered":"","protected":false},"excerpt":{"rendered":"<details >\n<summary>O PROIZVODU<\/summary>\n<div class=\"cg-accordion-item\">\n<p><strong>\u017denske gle\u017enja\u010de F6678<\/strong><\/p>\n<ul>\n<li>Marka: Lady Glory<\/li>\n<li>Boje: crna, sme\u0111a, kaki<\/li>\n<li>Patentni zatvara\u010d<\/li>\n<li>Visina pete: 4,5 cm<\/li>\n<li>Visina potplata: 1 cm<\/li>\n<li>Ukupna visina: 20 cm<\/li>\n<\/ul>\n<p>Materijal:<\/p>\n<ul>\n<li>Gornji dio: tekstil i drugi materijali<\/li>\n<li>Obloga i ulo\u017eak: tekstil i drugi materijali<\/li>\n<li>Potplat: drugi materijali<\/li>\n<\/ul>\n<\/div>\n<\/details>\n<details >\n<summary>POMO\u0106 ZA ODABIR VELI\u010cINE<\/summary>\n<div class=\"cg-accordion-item\">\n<p><strong>Veli\u010dine su normalne, pa vam savjetujemo da naru\u010dite veli\u010dinu koju ina\u010de nosite.<\/strong><\/p>\n<\/div>\n<\/details>","protected":false},"featured_media":40526,"comment_status":"open","ping_status":"closed","template":"","meta":[],"product_brand":[478],"product_cat":[174,172,134],"product_tag":[301],"woo-feed-brand":[],"class_list":{"0":"post-40500","1":"product","2":"type-product","3":"status-publish","4":"has-post-thumbnail","6":"product_brand-lady-glory","7":"product_cat-gleznarji-in-skornji","8":"product_cat-obutev","9":"product_cat-zenske","10":"product_tag-lady-glory","11":"pa_color-crna","12":"pa_color-khaki","13":"pa_color-rjava","14":"pa_velikosti-292","15":"pa_velikosti-293","16":"pa_velikosti-294","17":"pa_velikosti-295","18":"pa_velikosti-297","19":"pa_velikosti-298","21":"first","22":"instock","23":"shipping-taxable","24":"purchasable","25":"product-type-variable"},"_links":{"self":[{"href":"https:\/\/www.superfashion.si\/hr\/wp-json\/wp\/v2\/product\/40500","targetHints":{"allow":["GET"]}}],"collection":[{"href":"https:\/\/www.superfashion.si\/hr\/wp-json\/wp\/v2\/product"}],"about":[{"href":"https:\/\/www.superfashion.si\/hr\/wp-json\/wp\/v2\/types\/product"}],"replies":[{"embeddable":true,"href":"https:\/\/www.superfashion.si\/hr\/wp-json\/wp\/v2\/comments?post=40500"}],"version-history":[{"count":1,"href":"https:\/\/www.superfashion.si\/hr\/wp-json\/wp\/v2\/product\/40500\/revisions"}],"predecessor-version":[{"id":50901,"href":"https:\/\/www.superfashion.si\/hr\/wp-json\/wp\/v2\/product\/40500\/revisions\/50901"}],"wp:featuredmedia":[{"embeddable":true,"href":"https:\/\/www.superfashion.si\/hr\/wp-json\/wp\/v2\/media\/40526"}],"wp:attachment":[{"href":"https:\/\/www.superfashion.si\/hr\/wp-json\/wp\/v2\/media?parent=40500"}],"wp:term":[{"taxonomy":"product_brand","embeddable":true,"href":"https:\/\/www.superfashion.si\/hr\/wp-json\/wp\/v2\/product_brand?post=40500"},{"taxonomy":"product_cat","embeddable":true,"href":"https:\/\/www.superfashion.si\/hr\/wp-json\/wp\/v2\/product_cat?post=40500"},{"taxonomy":"product_tag","embeddable":true,"href":"https:\/\/www.superfashion.si\/hr\/wp-json\/wp\/v2\/product_tag?post=40500"},{"taxonomy":"woo-feed-brand","embeddable":true,"href":"https:\/\/www.superfashion.si\/hr\/wp-json\/wp\/v2\/woo-feed-brand?post=40500"}],"curies":[{"name":"radni list","href":"https:\/\/api.w.org\/{rel}","templated":true}]}}