{"id":40566,"date":"2024-10-15T15:07:36","date_gmt":"2024-10-15T14:07:36","guid":{"rendered":"https:\/\/www.superfashion.si\/?post_type=product&#038;p=40566"},"modified":"2026-03-02T09:59:32","modified_gmt":"2026-03-02T08:59:32","slug":"visoke-cizme-hq362","status":"publish","type":"product","link":"https:\/\/www.superfashion.si\/hr\/product\/visoki-skornji-hq362\/","title":{"rendered":"Visoke \u010dizme HQ362"},"content":{"rendered":"","protected":false},"excerpt":{"rendered":"<details >\n<summary>O PROIZVODU<\/summary>\n<div class=\"cg-accordion-item\">\n<p><strong>Visoke \u010dizme HQ362<\/strong><\/p>\n<ul>\n<li>Marka: Lady Glory<\/li>\n<li>Boja: kamel<\/li>\n<li>Podstavljene<\/li>\n<li>Rastezljive za bolje pristajanje<\/li>\n<li>S ukrasnim remenom i kop\u010dom<\/li>\n<li>Patentni zatvara\u010d<\/li>\n<li>Debljina potplata: 1 cm<\/li>\n<li>Visina pete: 4 cm<\/li>\n<li>Visina \u010dizama: 44 cm<\/li>\n<\/ul>\n<p>Materijal:<\/p>\n<ul>\n<li>Gornji dio: tekstil i drugi materijali<\/li>\n<li>Obloga i ulo\u017eak: tekstil i drugi materijali<\/li>\n<li>Potplat: drugi materijali<\/li>\n<\/ul>\n<\/div>\n<\/details>\n<details >\n<summary>POMO\u0106 ZA ODABIR VELI\u010cINE<\/summary>\n<div class=\"cg-accordion-item\">\n<p><strong>Veli\u010dine su normalne, pa vam savjetujemo da naru\u010dite veli\u010dinu koju ina\u010de nosite.<\/strong><\/p>\n<\/div>\n<\/details>","protected":false},"featured_media":40563,"comment_status":"open","ping_status":"closed","template":"","meta":[],"product_brand":[478],"product_cat":[134,174,172],"product_tag":[301],"woo-feed-brand":[],"class_list":{"0":"post-40566","1":"product","2":"type-product","3":"status-publish","4":"has-post-thumbnail","6":"product_brand-lady-glory","7":"product_cat-zenske","8":"product_cat-gleznarji-in-skornji","9":"product_cat-obutev","10":"product_tag-lady-glory","11":"pa_color-camel","12":"pa_velikosti-292","13":"pa_velikosti-293","14":"pa_velikosti-294","15":"pa_velikosti-295","16":"pa_velikosti-297","17":"pa_velikosti-298","19":"first","20":"instock","21":"shipping-taxable","22":"purchasable","23":"product-type-variable"},"_links":{"self":[{"href":"https:\/\/www.superfashion.si\/hr\/wp-json\/wp\/v2\/product\/40566","targetHints":{"allow":["GET"]}}],"collection":[{"href":"https:\/\/www.superfashion.si\/hr\/wp-json\/wp\/v2\/product"}],"about":[{"href":"https:\/\/www.superfashion.si\/hr\/wp-json\/wp\/v2\/types\/product"}],"replies":[{"embeddable":true,"href":"https:\/\/www.superfashion.si\/hr\/wp-json\/wp\/v2\/comments?post=40566"}],"version-history":[{"count":1,"href":"https:\/\/www.superfashion.si\/hr\/wp-json\/wp\/v2\/product\/40566\/revisions"}],"predecessor-version":[{"id":50895,"href":"https:\/\/www.superfashion.si\/hr\/wp-json\/wp\/v2\/product\/40566\/revisions\/50895"}],"wp:featuredmedia":[{"embeddable":true,"href":"https:\/\/www.superfashion.si\/hr\/wp-json\/wp\/v2\/media\/40563"}],"wp:attachment":[{"href":"https:\/\/www.superfashion.si\/hr\/wp-json\/wp\/v2\/media?parent=40566"}],"wp:term":[{"taxonomy":"product_brand","embeddable":true,"href":"https:\/\/www.superfashion.si\/hr\/wp-json\/wp\/v2\/product_brand?post=40566"},{"taxonomy":"product_cat","embeddable":true,"href":"https:\/\/www.superfashion.si\/hr\/wp-json\/wp\/v2\/product_cat?post=40566"},{"taxonomy":"product_tag","embeddable":true,"href":"https:\/\/www.superfashion.si\/hr\/wp-json\/wp\/v2\/product_tag?post=40566"},{"taxonomy":"woo-feed-brand","embeddable":true,"href":"https:\/\/www.superfashion.si\/hr\/wp-json\/wp\/v2\/woo-feed-brand?post=40566"}],"curies":[{"name":"radni list","href":"https:\/\/api.w.org\/{rel}","templated":true}]}}