{"id":41716,"date":"2025-02-18T12:19:54","date_gmt":"2025-02-18T11:19:54","guid":{"rendered":"https:\/\/www.superfashion.si\/?post_type=product&#038;p=41716"},"modified":"2025-11-12T15:31:32","modified_gmt":"2025-11-12T14:31:32","slug":"zenske-hlace-s-remenom-6773","status":"publish","type":"product","link":"https:\/\/www.superfashion.si\/hr\/product\/zenske-hlace-s-pasom-6773\/","title":{"rendered":"\u017denske hla\u010de s remenom 6773"},"content":{"rendered":"","protected":false},"excerpt":{"rendered":"<details >\n<summary>O PROIZVODU<\/summary>\n<div class=\"cg-accordion-item\">\n<p><strong>\u017denske hla\u010de s remenom <\/strong>6773<\/p>\n<ul>\n<li>Podrijetlo: Italija<\/li>\n<li>Boje: bijela, crna, be\u017e, tamno plava<\/li>\n<li>Hla\u010de s d\u017eepovima i elasti\u010dnim pojasom<\/li>\n<li>Pojas uklju\u010den<\/li>\n<li>Materijal: 65% pamuk, 30% poliamid, 5% elastan<\/li>\n<li>Pranje u perilici rublja na 30 stupnjeva<\/li>\n<\/ul>\n<ul>\n<li>Dimenzije hla\u010da:<\/li>\n<\/ul>\n<ul>\n<li>\u0160irina struka: 34 cm\/rastegnuta: 42 cm<\/li>\n<li>\u0160irina kukova 51 cm<\/li>\n<li>Unutarnja du\u017eina nogavica: 70 cm (zarolane: 62 cm)<\/li>\n<li>Ukupna du\u017eina: 95 cm (zarolano: 87 cm)<\/li>\n<\/ul>\n<p><strong>Veli\u010dina je univerzalna, pogodna za veli\u010dine S, M, L<\/strong><\/p>\n<\/div>\n<\/details>","protected":false},"featured_media":41725,"comment_status":"open","ping_status":"closed","template":"","meta":[],"product_brand":[474],"product_cat":[134,145,135],"product_tag":[279],"woo-feed-brand":[],"class_list":{"0":"post-41716","1":"product","2":"type-product","3":"status-publish","4":"has-post-thumbnail","6":"product_brand-superfashion","7":"product_cat-zenske","8":"product_cat-jeans-hlace-in-hlace","9":"product_cat-zenska-oblacila","10":"product_tag-made-in-italy","11":"pa_color-bela","12":"pa_color-crna","13":"pa_color-svetlo-bez","14":"pa_color-temno-modra","15":"pa_velikosti-uni","17":"first","18":"instock","19":"shipping-taxable","20":"purchasable","21":"product-type-variable"},"_links":{"self":[{"href":"https:\/\/www.superfashion.si\/hr\/wp-json\/wp\/v2\/product\/41716","targetHints":{"allow":["GET"]}}],"collection":[{"href":"https:\/\/www.superfashion.si\/hr\/wp-json\/wp\/v2\/product"}],"about":[{"href":"https:\/\/www.superfashion.si\/hr\/wp-json\/wp\/v2\/types\/product"}],"replies":[{"embeddable":true,"href":"https:\/\/www.superfashion.si\/hr\/wp-json\/wp\/v2\/comments?post=41716"}],"version-history":[{"count":0,"href":"https:\/\/www.superfashion.si\/hr\/wp-json\/wp\/v2\/product\/41716\/revisions"}],"wp:featuredmedia":[{"embeddable":true,"href":"https:\/\/www.superfashion.si\/hr\/wp-json\/wp\/v2\/media\/41725"}],"wp:attachment":[{"href":"https:\/\/www.superfashion.si\/hr\/wp-json\/wp\/v2\/media?parent=41716"}],"wp:term":[{"taxonomy":"product_brand","embeddable":true,"href":"https:\/\/www.superfashion.si\/hr\/wp-json\/wp\/v2\/product_brand?post=41716"},{"taxonomy":"product_cat","embeddable":true,"href":"https:\/\/www.superfashion.si\/hr\/wp-json\/wp\/v2\/product_cat?post=41716"},{"taxonomy":"product_tag","embeddable":true,"href":"https:\/\/www.superfashion.si\/hr\/wp-json\/wp\/v2\/product_tag?post=41716"},{"taxonomy":"woo-feed-brand","embeddable":true,"href":"https:\/\/www.superfashion.si\/hr\/wp-json\/wp\/v2\/woo-feed-brand?post=41716"}],"curies":[{"name":"radni list","href":"https:\/\/api.w.org\/{rel}","templated":true}]}}