{"id":41738,"date":"2025-02-18T13:01:09","date_gmt":"2025-02-18T12:01:09","guid":{"rendered":"https:\/\/www.superfashion.si\/?post_type=product&#038;p=41738"},"modified":"2026-01-07T18:22:51","modified_gmt":"2026-01-07T17:22:51","slug":"hlace-s-remenom-i-dzepovima-7297","status":"publish","type":"product","link":"https:\/\/www.superfashion.si\/hr\/product\/hlace-s-pasom-in-zepi-7297\/","title":{"rendered":"Hla\u010de s remenom i d\u017eepovima 7297"},"content":{"rendered":"","protected":false},"excerpt":{"rendered":"<details >\n<summary>O PROIZVODU<\/summary>\n<div class=\"cg-accordion-item\">\n<p><strong>\u017denske hla\u010de s remenom i d\u017eepovima\u00a0<\/strong>7297<\/p>\n<ul>\n<li>Podrijetlo: Italija<\/li>\n<li>Boje: crna, svijetlo be\u017e, tamno be\u017e, sme\u0111a, zelena<\/li>\n<li>Hla\u010de s d\u017eepovima i elasti\u010dnim pojasom<\/li>\n<li>Pojas uklju\u010den<\/li>\n<li>Materijal: 95% viskoza, 35% elastin<\/li>\n<li>Pranje u perilici rublja na 30 stupnjeva<\/li>\n<\/ul>\n<ul>\n<li>Dimenzije hla\u010da:<\/li>\n<\/ul>\n<ul>\n<li>\u0160irina struka: 33 cm\/rastegnuto: 44 cm<\/li>\n<li>\u0160irina bokova 54 cm<\/li>\n<li>Unutarnja du\u017eina nogavica: 66 cm<\/li>\n<li>Ukupna duljina: 97 cm<\/li>\n<\/ul>\n<p><strong>Veli\u010dina je univerzalna, pogodna za veli\u010dine S, M, L<\/strong><\/p>\n<\/div>\n<\/details>","protected":false},"featured_media":41749,"comment_status":"open","ping_status":"closed","template":"","meta":[],"product_brand":[474],"product_cat":[134,145,160,135],"product_tag":[279],"woo-feed-brand":[],"class_list":{"0":"post-41738","1":"product","2":"type-product","3":"status-publish","4":"has-post-thumbnail","6":"product_brand-superfashion","7":"product_cat-zenske","8":"product_cat-jeans-hlace-in-hlace","9":"product_cat-sportne-hlace-in-trenirke","10":"product_cat-zenska-oblacila","11":"product_tag-made-in-italy","12":"pa_color-crna","13":"pa_color-rjava","14":"pa_color-svetlo-bez","15":"pa_color-temno-bez","16":"pa_color-zelena","17":"pa_velikosti-uni","19":"first","20":"outofstock","21":"shipping-taxable","22":"product-type-variable"},"_links":{"self":[{"href":"https:\/\/www.superfashion.si\/hr\/wp-json\/wp\/v2\/product\/41738","targetHints":{"allow":["GET"]}}],"collection":[{"href":"https:\/\/www.superfashion.si\/hr\/wp-json\/wp\/v2\/product"}],"about":[{"href":"https:\/\/www.superfashion.si\/hr\/wp-json\/wp\/v2\/types\/product"}],"replies":[{"embeddable":true,"href":"https:\/\/www.superfashion.si\/hr\/wp-json\/wp\/v2\/comments?post=41738"}],"version-history":[{"count":0,"href":"https:\/\/www.superfashion.si\/hr\/wp-json\/wp\/v2\/product\/41738\/revisions"}],"wp:featuredmedia":[{"embeddable":true,"href":"https:\/\/www.superfashion.si\/hr\/wp-json\/wp\/v2\/media\/41749"}],"wp:attachment":[{"href":"https:\/\/www.superfashion.si\/hr\/wp-json\/wp\/v2\/media?parent=41738"}],"wp:term":[{"taxonomy":"product_brand","embeddable":true,"href":"https:\/\/www.superfashion.si\/hr\/wp-json\/wp\/v2\/product_brand?post=41738"},{"taxonomy":"product_cat","embeddable":true,"href":"https:\/\/www.superfashion.si\/hr\/wp-json\/wp\/v2\/product_cat?post=41738"},{"taxonomy":"product_tag","embeddable":true,"href":"https:\/\/www.superfashion.si\/hr\/wp-json\/wp\/v2\/product_tag?post=41738"},{"taxonomy":"woo-feed-brand","embeddable":true,"href":"https:\/\/www.superfashion.si\/hr\/wp-json\/wp\/v2\/woo-feed-brand?post=41738"}],"curies":[{"name":"radni list","href":"https:\/\/api.w.org\/{rel}","templated":true}]}}