{"id":42353,"date":"2025-05-16T10:12:51","date_gmt":"2025-05-16T09:12:51","guid":{"rendered":"https:\/\/www.superfashion.si\/?post_type=product&#038;p=42353"},"modified":"2026-05-05T05:14:00","modified_gmt":"2026-05-05T04:14:00","slug":"majica-kratkih-rukava-65296","status":"publish","type":"product","link":"https:\/\/www.superfashion.si\/hr\/product\/majica-kratek-rokav-65296\/","title":{"rendered":"Majica kratkih rukava 65296"},"content":{"rendered":"","protected":false},"excerpt":{"rendered":"<details >\n<summary>O PROIZVODU<\/summary>\n<div class=\"cg-accordion-item\">\n<p><strong>\u017denska majica kratkih rukava 65296<\/strong><\/p>\n<ul>\n<li>Proizvedeno u Turskoj<\/li>\n<li>Boje: neonsko ru\u017ei\u010dasta, lila, svijetloplava, plava, be\u017e, mint zelena<\/li>\n<li>\u0160irina pazuha: 45 cm<\/li>\n<li>Ukupna duljina: 60 cm<\/li>\n<li>Materijal: 90 % pamuka, 10 % elastana<\/li>\n<li>Prati na 30 stupnjeva<\/li>\n<\/ul>\n<\/div>\n<\/details>\n<details >\n<summary>POMO\u0106 ZA ODABIR VELI\u010cINE<\/summary>\n<div class=\"cg-accordion-item\">\n<p><strong>Veli\u010dina je univerzalna, pogodna za veli\u010dine XS, S, M i L<\/strong><\/p>\n<\/div>\n<\/details>","protected":false},"featured_media":42368,"comment_status":"open","ping_status":"closed","template":"","meta":[],"product_brand":[474],"product_cat":[134,147,353,135],"product_tag":[400],"woo-feed-brand":[],"class_list":{"0":"post-42353","1":"product","2":"type-product","3":"status-publish","4":"has-post-thumbnail","6":"product_brand-superfashion","7":"product_cat-zenske","8":"product_cat-majice-in-topi","9":"product_cat-majice-kratek-rokav","10":"product_cat-zenska-oblacila","11":"product_tag-kesi","12":"pa_color-bez","13":"pa_color-lila","14":"pa_color-mint","15":"pa_color-modra","16":"pa_color-roza","17":"pa_color-svetlo-modra","18":"pa_velikosti-uni","20":"first","21":"instock","22":"shipping-taxable","23":"purchasable","24":"product-type-variable"},"_links":{"self":[{"href":"https:\/\/www.superfashion.si\/hr\/wp-json\/wp\/v2\/product\/42353","targetHints":{"allow":["GET"]}}],"collection":[{"href":"https:\/\/www.superfashion.si\/hr\/wp-json\/wp\/v2\/product"}],"about":[{"href":"https:\/\/www.superfashion.si\/hr\/wp-json\/wp\/v2\/types\/product"}],"replies":[{"embeddable":true,"href":"https:\/\/www.superfashion.si\/hr\/wp-json\/wp\/v2\/comments?post=42353"}],"version-history":[{"count":0,"href":"https:\/\/www.superfashion.si\/hr\/wp-json\/wp\/v2\/product\/42353\/revisions"}],"wp:featuredmedia":[{"embeddable":true,"href":"https:\/\/www.superfashion.si\/hr\/wp-json\/wp\/v2\/media\/42368"}],"wp:attachment":[{"href":"https:\/\/www.superfashion.si\/hr\/wp-json\/wp\/v2\/media?parent=42353"}],"wp:term":[{"taxonomy":"product_brand","embeddable":true,"href":"https:\/\/www.superfashion.si\/hr\/wp-json\/wp\/v2\/product_brand?post=42353"},{"taxonomy":"product_cat","embeddable":true,"href":"https:\/\/www.superfashion.si\/hr\/wp-json\/wp\/v2\/product_cat?post=42353"},{"taxonomy":"product_tag","embeddable":true,"href":"https:\/\/www.superfashion.si\/hr\/wp-json\/wp\/v2\/product_tag?post=42353"},{"taxonomy":"woo-feed-brand","embeddable":true,"href":"https:\/\/www.superfashion.si\/hr\/wp-json\/wp\/v2\/woo-feed-brand?post=42353"}],"curies":[{"name":"radni list","href":"https:\/\/api.w.org\/{rel}","templated":true}]}}