{"id":42579,"date":"2025-05-21T08:58:19","date_gmt":"2025-05-21T07:58:19","guid":{"rendered":"https:\/\/www.superfashion.si\/?post_type=product&#038;p=42579"},"modified":"2025-11-12T19:50:04","modified_gmt":"2025-11-12T18:50:04","slug":"kratke-traper-hlace-jewelly-s8389","status":"publish","type":"product","link":"https:\/\/www.superfashion.si\/hr\/product\/jeans-kratke-hlace-jewelly-s8389\/","title":{"rendered":"Kratke traper hla\u010de Jewelly S8389"},"content":{"rendered":"","protected":false},"excerpt":{"rendered":"<details >\n<summary>O PROIZVODU<\/summary>\n<div class=\"cg-accordion-item\">\n<p><strong>\u017denske kratke traper hla\u010de S8389<\/strong><\/p>\n<ul>\n<li>Marka: Jewelly<\/li>\n<li>Mom fit<\/li>\n<li>Stretch<\/li>\n<li>Patentni zatvara\u010d<\/li>\n<li>\u0160irok kroj<\/li>\n<li>Visina struka: visok (30 cm)<\/li>\n<li>Unutarnja du\u017eina hla\u010da: 14 cm +\/- 2 cm<\/li>\n<li>Ukupna duljina: 44 cm +\/- 2 cm<\/li>\n<li>Pranje u perilici rublja na 30 stupnjeva<\/li>\n<\/ul>\n<p>Materijal: 93.8% pamuk, 5.3% poliester, 0.9% elastan<\/p>\n<\/div>\n<\/details>\n<details >\n<summary>POMO\u0106 ZA ODABIR VELI\u010cINE<\/summary>\n<div class=\"cg-accordion-item\">\n<p><strong>Veli\u010dine su normalne, pa vam savjetujemo da naru\u010dite veli\u010dinu koju ina\u010de nosite.<\/strong><\/p>\n<\/div>\n<\/details>\n<p>&nbsp;<\/p>","protected":false},"featured_media":42584,"comment_status":"open","ping_status":"closed","template":"","meta":[],"product_brand":[430],"product_cat":[134,150,135],"product_tag":[376],"woo-feed-brand":[],"class_list":{"0":"post-42579","1":"product","2":"type-product","3":"status-publish","4":"has-post-thumbnail","6":"product_brand-jewelly","7":"product_cat-zenske","8":"product_cat-kratke-hlace","9":"product_cat-zenska-oblacila","10":"product_tag-jewelly","11":"pa_color-modra","12":"pa_velikosti-large","13":"pa_velikosti-medium","14":"pa_velikosti-small","15":"pa_velikosti-ekstra-large","17":"first","18":"instock","19":"shipping-taxable","20":"purchasable","21":"product-type-variable"},"_links":{"self":[{"href":"https:\/\/www.superfashion.si\/hr\/wp-json\/wp\/v2\/product\/42579","targetHints":{"allow":["GET"]}}],"collection":[{"href":"https:\/\/www.superfashion.si\/hr\/wp-json\/wp\/v2\/product"}],"about":[{"href":"https:\/\/www.superfashion.si\/hr\/wp-json\/wp\/v2\/types\/product"}],"replies":[{"embeddable":true,"href":"https:\/\/www.superfashion.si\/hr\/wp-json\/wp\/v2\/comments?post=42579"}],"version-history":[{"count":0,"href":"https:\/\/www.superfashion.si\/hr\/wp-json\/wp\/v2\/product\/42579\/revisions"}],"wp:featuredmedia":[{"embeddable":true,"href":"https:\/\/www.superfashion.si\/hr\/wp-json\/wp\/v2\/media\/42584"}],"wp:attachment":[{"href":"https:\/\/www.superfashion.si\/hr\/wp-json\/wp\/v2\/media?parent=42579"}],"wp:term":[{"taxonomy":"product_brand","embeddable":true,"href":"https:\/\/www.superfashion.si\/hr\/wp-json\/wp\/v2\/product_brand?post=42579"},{"taxonomy":"product_cat","embeddable":true,"href":"https:\/\/www.superfashion.si\/hr\/wp-json\/wp\/v2\/product_cat?post=42579"},{"taxonomy":"product_tag","embeddable":true,"href":"https:\/\/www.superfashion.si\/hr\/wp-json\/wp\/v2\/product_tag?post=42579"},{"taxonomy":"woo-feed-brand","embeddable":true,"href":"https:\/\/www.superfashion.si\/hr\/wp-json\/wp\/v2\/woo-feed-brand?post=42579"}],"curies":[{"name":"radni list","href":"https:\/\/api.w.org\/{rel}","templated":true}]}}