{"id":42594,"date":"2025-05-21T09:48:35","date_gmt":"2025-05-21T08:48:35","guid":{"rendered":"https:\/\/www.superfashion.si\/?post_type=product&#038;p=42594"},"modified":"2025-11-12T19:45:57","modified_gmt":"2025-11-12T18:45:57","slug":"traper-suknja-hlace-s818","status":"publish","type":"product","link":"https:\/\/www.superfashion.si\/hr\/product\/jeans-hlacno-krilo-s818\/","title":{"rendered":"Traper suknja - hla\u010de S818"},"content":{"rendered":"","protected":false},"excerpt":{"rendered":"<details >\n<summary>O PROIZVODU<\/summary>\n<div class=\"cg-accordion-item\">\n<p><b>Traper suknja - hla\u010de  Jewelly S818<\/b><\/p>\n<ul>\n<li>Marka: Jewelly<\/li>\n<li>Stretch<\/li>\n<li>Kop\u010danje gumbima<\/li>\n<li>Pranje u perilici rublja na 30 stupnjeva<\/li>\n<\/ul>\n<p>Materijal: 70% pamuk, 23% poliester, 5% viskoza, 2% elastan<\/p>\n<\/div>\n<\/details>\n<details >\n<summary>POMO\u0106 ZA ODABIR VELI\u010cINE<\/summary>\n<div class=\"cg-accordion-item\">\n<p><strong>Veli\u010dine su normalne, pa vam savjetujemo da naru\u010dite veli\u010dinu koju ina\u010de nosite.<\/strong><\/p>\n<\/div>\n<\/details>","protected":false},"featured_media":42605,"comment_status":"open","ping_status":"closed","template":"","meta":[],"product_brand":[430],"product_cat":[134,150,355,151,135],"product_tag":[376],"woo-feed-brand":[],"class_list":{"0":"post-42594","1":"product","2":"type-product","3":"status-publish","4":"has-post-thumbnail","6":"product_brand-jewelly","7":"product_cat-zenske","8":"product_cat-kratke-hlace","9":"product_cat-krila","10":"product_cat-obleke-in-krila","11":"product_cat-zenska-oblacila","12":"product_tag-jewelly","13":"pa_color-modra","14":"pa_velikosti-large","15":"pa_velikosti-medium","16":"pa_velikosti-small","17":"pa_velikosti-ekstra-large","18":"pa_velikosti-extra-small","20":"first","21":"instock","22":"shipping-taxable","23":"purchasable","24":"product-type-variable"},"_links":{"self":[{"href":"https:\/\/www.superfashion.si\/hr\/wp-json\/wp\/v2\/product\/42594","targetHints":{"allow":["GET"]}}],"collection":[{"href":"https:\/\/www.superfashion.si\/hr\/wp-json\/wp\/v2\/product"}],"about":[{"href":"https:\/\/www.superfashion.si\/hr\/wp-json\/wp\/v2\/types\/product"}],"replies":[{"embeddable":true,"href":"https:\/\/www.superfashion.si\/hr\/wp-json\/wp\/v2\/comments?post=42594"}],"version-history":[{"count":0,"href":"https:\/\/www.superfashion.si\/hr\/wp-json\/wp\/v2\/product\/42594\/revisions"}],"wp:featuredmedia":[{"embeddable":true,"href":"https:\/\/www.superfashion.si\/hr\/wp-json\/wp\/v2\/media\/42605"}],"wp:attachment":[{"href":"https:\/\/www.superfashion.si\/hr\/wp-json\/wp\/v2\/media?parent=42594"}],"wp:term":[{"taxonomy":"product_brand","embeddable":true,"href":"https:\/\/www.superfashion.si\/hr\/wp-json\/wp\/v2\/product_brand?post=42594"},{"taxonomy":"product_cat","embeddable":true,"href":"https:\/\/www.superfashion.si\/hr\/wp-json\/wp\/v2\/product_cat?post=42594"},{"taxonomy":"product_tag","embeddable":true,"href":"https:\/\/www.superfashion.si\/hr\/wp-json\/wp\/v2\/product_tag?post=42594"},{"taxonomy":"woo-feed-brand","embeddable":true,"href":"https:\/\/www.superfashion.si\/hr\/wp-json\/wp\/v2\/woo-feed-brand?post=42594"}],"curies":[{"name":"radni list","href":"https:\/\/api.w.org\/{rel}","templated":true}]}}