{"id":42620,"date":"2025-05-21T10:41:48","date_gmt":"2025-05-21T09:41:48","guid":{"rendered":"https:\/\/www.superfashion.si\/?post_type=product&#038;p=42620"},"modified":"2026-04-29T13:22:44","modified_gmt":"2026-04-29T12:22:44","slug":"traperice-capri-hlace-pc8375-1","status":"publish","type":"product","link":"https:\/\/www.superfashion.si\/hr\/product\/jeans-kapri-hlace-pc8375-1\/","title":{"rendered":"Traperice capri hla\u010de PC8375-1"},"content":{"rendered":"","protected":false},"excerpt":{"rendered":"<details >\n<summary>O PROIZVODU<\/summary>\n<div class=\"cg-accordion-item\">\n<p><strong>Traperice capri hla\u010de Jewelly PC8375-1<\/strong><\/p>\n<ul>\n<li>Marka: Jewelly<\/li>\n<li>High Wide Leg Capri<\/li>\n<li>Duljina ispod koljena<\/li>\n<li>\u0160iroke hla\u010de<\/li>\n<li>Visina struka: visok (29 cm)<\/li>\n<li>Duljina u me\u0111uno\u017eju: 46 cm<\/li>\n<li>Ukupna duljina: 75 cm<\/li>\n<li>Materijal: 83.5% pamuk, 7% poliester, 7% liocel, 2.5% elastan<\/li>\n<li>Pranje u perilici rublja na 30 stupnjeva<\/li>\n<\/ul>\n<\/div>\n<\/details>\n<details >\n<summary>POMO\u0106 ZA ODABIR VELI\u010cINE<\/summary>\n<div class=\"cg-accordion-item\">\n<p><strong>Veli\u010dine su normalne, pa vam savjetujemo da naru\u010dite veli\u010dinu koju ina\u010de nosite.<\/strong><\/p>\n<\/div>\n<\/details>","protected":false},"featured_media":42628,"comment_status":"open","ping_status":"closed","template":"","meta":[],"product_brand":[430],"product_cat":[134,150,135],"product_tag":[376],"woo-feed-brand":[],"class_list":{"0":"post-42620","1":"product","2":"type-product","3":"status-publish","4":"has-post-thumbnail","6":"product_brand-jewelly","7":"product_cat-zenske","8":"product_cat-kratke-hlace","9":"product_cat-zenska-oblacila","10":"product_tag-jewelly","11":"pa_color-modra","12":"pa_velikosti-large","13":"pa_velikosti-medium","14":"pa_velikosti-small","15":"pa_velikosti-ekstra-large","17":"first","18":"instock","19":"shipping-taxable","20":"purchasable","21":"product-type-variable"},"_links":{"self":[{"href":"https:\/\/www.superfashion.si\/hr\/wp-json\/wp\/v2\/product\/42620","targetHints":{"allow":["GET"]}}],"collection":[{"href":"https:\/\/www.superfashion.si\/hr\/wp-json\/wp\/v2\/product"}],"about":[{"href":"https:\/\/www.superfashion.si\/hr\/wp-json\/wp\/v2\/types\/product"}],"replies":[{"embeddable":true,"href":"https:\/\/www.superfashion.si\/hr\/wp-json\/wp\/v2\/comments?post=42620"}],"version-history":[{"count":0,"href":"https:\/\/www.superfashion.si\/hr\/wp-json\/wp\/v2\/product\/42620\/revisions"}],"wp:featuredmedia":[{"embeddable":true,"href":"https:\/\/www.superfashion.si\/hr\/wp-json\/wp\/v2\/media\/42628"}],"wp:attachment":[{"href":"https:\/\/www.superfashion.si\/hr\/wp-json\/wp\/v2\/media?parent=42620"}],"wp:term":[{"taxonomy":"product_brand","embeddable":true,"href":"https:\/\/www.superfashion.si\/hr\/wp-json\/wp\/v2\/product_brand?post=42620"},{"taxonomy":"product_cat","embeddable":true,"href":"https:\/\/www.superfashion.si\/hr\/wp-json\/wp\/v2\/product_cat?post=42620"},{"taxonomy":"product_tag","embeddable":true,"href":"https:\/\/www.superfashion.si\/hr\/wp-json\/wp\/v2\/product_tag?post=42620"},{"taxonomy":"woo-feed-brand","embeddable":true,"href":"https:\/\/www.superfashion.si\/hr\/wp-json\/wp\/v2\/woo-feed-brand?post=42620"}],"curies":[{"name":"radni list","href":"https:\/\/api.w.org\/{rel}","templated":true}]}}