{"id":43153,"date":"2025-08-01T10:47:53","date_gmt":"2025-08-01T09:47:53","guid":{"rendered":"https:\/\/www.superfashion.si\/?post_type=product&#038;p=43153"},"modified":"2026-02-26T21:50:44","modified_gmt":"2026-02-26T20:50:44","slug":"pamucne-sportske-hlace-dance-a9003","status":"publish","type":"product","link":"https:\/\/www.superfashion.si\/hr\/product\/bombazne-sportne-hlace-dance-a9003\/","title":{"rendered":"Pamu\u010dne sportske hla\u010de Dance A9003"},"content":{"rendered":"","protected":false},"excerpt":{"rendered":"<details >\n<summary>O PROIZVODU<\/summary>\n<div class=\"cg-accordion-item\">\n<p><strong>\u017denske pamu\u010dne sportske hla\u010de Dance A9003<\/strong><\/p>\n<ul>\n<li>Marka: Dance<\/li>\n<li>Boja: crna, plava, siva<\/li>\n<li>Rastezljiv materijal<\/li>\n<li>Elastika i vezica u struku<\/li>\n<li>2 bo\u010dna d\u017eepa<\/li>\n<li>Materijal: 95 % pamuk, 5% elastin<\/li>\n<li>Pranje u perilici rublja na 30 stupnjeva<\/li>\n<\/ul>\n<\/div>\n<\/details>\n<details >\n<summary>POMO\u0106 ZA ODABIR VELI\u010cINE<\/summary>\n<div class=\"cg-accordion-item\">\n<p><strong>Veli\u010dine su normalne, pa vam savjetujemo da naru\u010dite veli\u010dinu koju ina\u010de nosite.<\/strong><\/p>\n<\/div>\n<\/details>","protected":false},"featured_media":18957,"comment_status":"open","ping_status":"closed","template":"","meta":[],"product_brand":[439],"product_cat":[134,160,135],"product_tag":[337],"woo-feed-brand":[],"class_list":{"0":"post-43153","1":"product","2":"type-product","3":"status-publish","4":"has-post-thumbnail","6":"product_brand-dance","7":"product_cat-zenske","8":"product_cat-sportne-hlace-in-trenirke","9":"product_cat-zenska-oblacila","10":"product_tag-dance","11":"pa_color-crna","12":"pa_color-siva","13":"pa_color-temno-modra","14":"pa_velikosti-large","15":"pa_velikosti-medium","16":"pa_velikosti-small","17":"pa_velikosti-ekstra-large","19":"first","20":"instock","21":"shipping-taxable","22":"purchasable","23":"product-type-variable"},"_links":{"self":[{"href":"https:\/\/www.superfashion.si\/hr\/wp-json\/wp\/v2\/product\/43153","targetHints":{"allow":["GET"]}}],"collection":[{"href":"https:\/\/www.superfashion.si\/hr\/wp-json\/wp\/v2\/product"}],"about":[{"href":"https:\/\/www.superfashion.si\/hr\/wp-json\/wp\/v2\/types\/product"}],"replies":[{"embeddable":true,"href":"https:\/\/www.superfashion.si\/hr\/wp-json\/wp\/v2\/comments?post=43153"}],"version-history":[{"count":0,"href":"https:\/\/www.superfashion.si\/hr\/wp-json\/wp\/v2\/product\/43153\/revisions"}],"wp:featuredmedia":[{"embeddable":true,"href":"https:\/\/www.superfashion.si\/hr\/wp-json\/wp\/v2\/media\/18957"}],"wp:attachment":[{"href":"https:\/\/www.superfashion.si\/hr\/wp-json\/wp\/v2\/media?parent=43153"}],"wp:term":[{"taxonomy":"product_brand","embeddable":true,"href":"https:\/\/www.superfashion.si\/hr\/wp-json\/wp\/v2\/product_brand?post=43153"},{"taxonomy":"product_cat","embeddable":true,"href":"https:\/\/www.superfashion.si\/hr\/wp-json\/wp\/v2\/product_cat?post=43153"},{"taxonomy":"product_tag","embeddable":true,"href":"https:\/\/www.superfashion.si\/hr\/wp-json\/wp\/v2\/product_tag?post=43153"},{"taxonomy":"woo-feed-brand","embeddable":true,"href":"https:\/\/www.superfashion.si\/hr\/wp-json\/wp\/v2\/woo-feed-brand?post=43153"}],"curies":[{"name":"radni list","href":"https:\/\/api.w.org\/{rel}","templated":true}]}}