{"id":44125,"date":"2025-09-04T13:20:28","date_gmt":"2025-09-04T12:20:28","guid":{"rendered":"https:\/\/www.superfashion.si\/?post_type=product&#038;p=44125"},"modified":"2026-03-23T12:28:47","modified_gmt":"2026-03-23T11:28:47","slug":"kozna-jakna-c1175","status":"publish","type":"product","link":"https:\/\/www.superfashion.si\/hr\/product\/usnjena-jakna-c1175\/","title":{"rendered":"Ko\u017ena jakna C1175"},"content":{"rendered":"","protected":false},"excerpt":{"rendered":"<details >\n<summary>O PROIZVODU<\/summary>\n<div class=\"cg-accordion-item\">\n<p><strong>\u017denska ko\u017ena jakna C1175<\/strong><\/p>\n<ul>\n<li style=\"list-style-type: none;\">\n<ul>\n<li>Marka: H.F.<\/li>\n<li>Boja: crna<\/li>\n<li>Urezani ovratnik s ukrasnim gumbima<\/li>\n<li>Dekorativni patentni zatvara\u010d na rukavima<\/li>\n<li>Patentni zatvara\u010d<\/li>\n<li>2 bo\u010dna d\u017eepa s patentnim zatvara\u010dem<\/li>\n<\/ul>\n<\/li>\n<\/ul>\n<p>Materijal: Umjetna ko\u017ea<\/p>\n<ul>\n<li>vanjski dio: 100% poliuretan<\/li>\n<li>osnovna tkanina: 100% viskoza<\/li>\n<li>podstava: 100% poliester<\/li>\n<\/ul>\n<p>Odr\u017eavanje:<\/p>\n<ul>\n<li>Ru\u010dno pranje<\/li>\n<\/ul>\n<\/div>\n<\/details>\n<details >\n<summary>POMO\u0106 ZA ODABIR VELI\u010cINE<\/summary>\n<div class=\"cg-accordion-item\">\n<p><strong>Veli\u010dine su normalne, pa vam savjetujemo da naru\u010dite veli\u010dinu koju ina\u010de nosite.<\/strong><\/p>\n<\/div>\n<\/details>","protected":false},"featured_media":44132,"comment_status":"open","ping_status":"closed","template":"","meta":[],"product_brand":[442],"product_cat":[134,143,135],"product_tag":[402],"woo-feed-brand":[],"class_list":{"0":"post-44125","1":"product","2":"type-product","3":"status-publish","4":"has-post-thumbnail","6":"product_brand-h-f","7":"product_cat-zenske","8":"product_cat-jakne-in-brezrokavniki","9":"product_cat-zenska-oblacila","10":"product_tag-h-f","11":"pa_color-crna","12":"pa_sezona-jesen","13":"pa_sezona-pomlad","14":"pa_velikosti-large","15":"pa_velikosti-medium","16":"pa_velikosti-small","17":"pa_velikosti-ekstra-large","19":"first","20":"instock","21":"featured","22":"shipping-taxable","23":"purchasable","24":"product-type-variable"},"_links":{"self":[{"href":"https:\/\/www.superfashion.si\/hr\/wp-json\/wp\/v2\/product\/44125","targetHints":{"allow":["GET"]}}],"collection":[{"href":"https:\/\/www.superfashion.si\/hr\/wp-json\/wp\/v2\/product"}],"about":[{"href":"https:\/\/www.superfashion.si\/hr\/wp-json\/wp\/v2\/types\/product"}],"replies":[{"embeddable":true,"href":"https:\/\/www.superfashion.si\/hr\/wp-json\/wp\/v2\/comments?post=44125"}],"version-history":[{"count":1,"href":"https:\/\/www.superfashion.si\/hr\/wp-json\/wp\/v2\/product\/44125\/revisions"}],"predecessor-version":[{"id":51082,"href":"https:\/\/www.superfashion.si\/hr\/wp-json\/wp\/v2\/product\/44125\/revisions\/51082"}],"wp:featuredmedia":[{"embeddable":true,"href":"https:\/\/www.superfashion.si\/hr\/wp-json\/wp\/v2\/media\/44132"}],"wp:attachment":[{"href":"https:\/\/www.superfashion.si\/hr\/wp-json\/wp\/v2\/media?parent=44125"}],"wp:term":[{"taxonomy":"product_brand","embeddable":true,"href":"https:\/\/www.superfashion.si\/hr\/wp-json\/wp\/v2\/product_brand?post=44125"},{"taxonomy":"product_cat","embeddable":true,"href":"https:\/\/www.superfashion.si\/hr\/wp-json\/wp\/v2\/product_cat?post=44125"},{"taxonomy":"product_tag","embeddable":true,"href":"https:\/\/www.superfashion.si\/hr\/wp-json\/wp\/v2\/product_tag?post=44125"},{"taxonomy":"woo-feed-brand","embeddable":true,"href":"https:\/\/www.superfashion.si\/hr\/wp-json\/wp\/v2\/woo-feed-brand?post=44125"}],"curies":[{"name":"radni list","href":"https:\/\/api.w.org\/{rel}","templated":true}]}}