{"id":54417,"date":"2026-05-05T11:04:39","date_gmt":"2026-05-05T10:04:39","guid":{"rendered":"https:\/\/www.superfashion.si\/?post_type=product&#038;p=54417"},"modified":"2026-05-05T14:00:22","modified_gmt":"2026-05-05T13:00:22","slug":"sportske-hlace-dance-8833-ravnog-kroja","status":"publish","type":"product","link":"https:\/\/www.superfashion.si\/hr\/product\/sportne-hlace-dance-8833-raven-kroj\/","title":{"rendered":"Sportske hla\u010de Dance 8833, ravnog kroja"},"content":{"rendered":"","protected":false},"excerpt":{"rendered":"<details >\n<summary>O PROIZVODU<\/summary>\n<div class=\"cg-accordion-item\">\n<p>\u017denske<strong> sportske hla\u010de Dance 8833<\/strong> ravnog kroja \u2013 lagane pamu\u010dne trenirke<\/p>\n<p>Klasi\u010dne \u017eenske  sportske hla\u010de DANCE ravnog kroja koje kombiniraju udobnost i jednostavan stil.<\/p>\n<p>Izra\u0111ene su od laganog i rastezljivog materijala, pa su prikladne i za no\u0161enje u toplijim mjesecima.<\/p>\n<p>Model 8833 ima ravan zavr\u0161etak nogavica bez patenta, \u0161to omogu\u0107uje opu\u0161ten i klasi\u010dan izgled.<\/p>\n<p>Pojas ima elasti\u010dnu traku s vezicom za optimalno pristajanje.<\/p>\n<ul>\n<li>Marka: Dance<\/li>\n<li>Boja: crna, plava, siva<\/li>\n<li>rastezljiv materijal<\/li>\n<li>hla\u010de ravnog kroja<\/li>\n<li>lagan i udoban materijal<\/li>\n<li>elasti\u010dni pojas sa zateznom vezicom<\/li>\n<li>bez d\u017eepova<\/li>\n<li>Materijal: 95 % pamuk, 5 % elastan<\/li>\n<li>Odr\u017eavanje: Pranje u perilici rublja na 30 stupnjeva<\/li>\n<\/ul>\n<p>Dostupno u veli\u010dinama S\u2013XXL<\/p>\n<\/div>\n<\/details>\n<details >\n<summary>POMO\u0106 ZA ODABIR VELI\u010cINE<\/summary>\n<div class=\"cg-accordion-item\">\n<p><strong>Veli\u010dine su normalne, pa vam savjetujemo da naru\u010dite veli\u010dinu koju ina\u010de nosite.<\/strong><\/p>\n<\/div>\n<\/details>","protected":false},"featured_media":18949,"comment_status":"open","ping_status":"closed","template":"","meta":[],"product_brand":[439],"product_cat":[134,160,135],"product_tag":[337],"woo-feed-brand":[],"class_list":{"0":"post-54417","1":"product","2":"type-product","3":"status-publish","4":"has-post-thumbnail","6":"product_brand-dance","7":"product_cat-zenske","8":"product_cat-sportne-hlace-in-trenirke","9":"product_cat-zenska-oblacila","10":"product_tag-dance","11":"pa_color-crna","12":"pa_color-modra","13":"pa_color-siva","14":"pa_velikosti-large","15":"pa_velikosti-medium","16":"pa_velikosti-small","17":"pa_velikosti-ekstra-large","18":"pa_velikosti-extra-extra-large","20":"first","21":"instock","22":"shipping-taxable","23":"purchasable","24":"product-type-variable"},"_links":{"self":[{"href":"https:\/\/www.superfashion.si\/hr\/wp-json\/wp\/v2\/product\/54417","targetHints":{"allow":["GET"]}}],"collection":[{"href":"https:\/\/www.superfashion.si\/hr\/wp-json\/wp\/v2\/product"}],"about":[{"href":"https:\/\/www.superfashion.si\/hr\/wp-json\/wp\/v2\/types\/product"}],"replies":[{"embeddable":true,"href":"https:\/\/www.superfashion.si\/hr\/wp-json\/wp\/v2\/comments?post=54417"}],"version-history":[{"count":4,"href":"https:\/\/www.superfashion.si\/hr\/wp-json\/wp\/v2\/product\/54417\/revisions"}],"predecessor-version":[{"id":54648,"href":"https:\/\/www.superfashion.si\/hr\/wp-json\/wp\/v2\/product\/54417\/revisions\/54648"}],"wp:featuredmedia":[{"embeddable":true,"href":"https:\/\/www.superfashion.si\/hr\/wp-json\/wp\/v2\/media\/18949"}],"wp:attachment":[{"href":"https:\/\/www.superfashion.si\/hr\/wp-json\/wp\/v2\/media?parent=54417"}],"wp:term":[{"taxonomy":"product_brand","embeddable":true,"href":"https:\/\/www.superfashion.si\/hr\/wp-json\/wp\/v2\/product_brand?post=54417"},{"taxonomy":"product_cat","embeddable":true,"href":"https:\/\/www.superfashion.si\/hr\/wp-json\/wp\/v2\/product_cat?post=54417"},{"taxonomy":"product_tag","embeddable":true,"href":"https:\/\/www.superfashion.si\/hr\/wp-json\/wp\/v2\/product_tag?post=54417"},{"taxonomy":"woo-feed-brand","embeddable":true,"href":"https:\/\/www.superfashion.si\/hr\/wp-json\/wp\/v2\/woo-feed-brand?post=54417"}],"curies":[{"name":"radni list","href":"https:\/\/api.w.org\/{rel}","templated":true}]}}