{"id":54537,"date":"2026-05-05T12:44:09","date_gmt":"2026-05-05T11:44:09","guid":{"rendered":"https:\/\/www.superfashion.si\/?post_type=product&#038;p=54537"},"modified":"2026-05-05T13:57:40","modified_gmt":"2026-05-05T12:57:40","slug":"portske-hlace-dance-8818","status":"publish","type":"product","link":"https:\/\/www.superfashion.si\/hr\/product\/sportne-hlace-dance-8818\/","title":{"rendered":"Sportske hla\u010de Dance 8818"},"content":{"rendered":"","protected":false},"excerpt":{"rendered":"<details >\n<summary>O PROIZVODU<\/summary>\n<div class=\"cg-accordion-item\">\n<p>\u017denske<strong> Sportske hla\u010de Dance 8818<\/strong> \u2013 lagane pamu\u010dne trenirke<\/p>\n<p>Model 8818 ima patent na donjem dijelu hla\u010da, \u0161to osigurava moderan izgled i lijep kroj.<\/p>\n<p>U struku je u\u0161ivena elasti\u010dna traka s vezicom za pode\u0161avanje.<\/p>\n<p>Hla\u010de nemaju d\u017eepove, \u0161to im daje \u010dist i minimalisti\u010dki izgled.<\/p>\n<p>Tanka i prozra\u010dna tkanina \u010dini ih odli\u010dnim izborom \u010dak i za toplije dane.<\/p>\n<ul>\n<li>Marka: Dance<\/li>\n<li>Boja: crna, plava, siva<\/li>\n<li>pogodno za sport i slobodno vrijeme<\/li>\n<li>rastezljiv materijal<\/li>\n<li>patent na nogavicama<\/li>\n<li>lagan i udoban materijal<\/li>\n<li>elasti\u010dni pojas sa zateznom vezicom<\/li>\n<li>bez d\u017eepova<\/li>\n<li>Materijal: 95 % pamuk, 5 % elastan<\/li>\n<li>Odr\u017eavanje: Pranje u perilici rublja na 30 stupnjeva<\/li>\n<\/ul>\n<p>Dostupno u veli\u010dinama S\u2013XXL<\/p>\n<\/div>\n<\/details>\n<details >\n<summary>POMO\u0106 ZA ODABIR VELI\u010cINE<\/summary>\n<div class=\"cg-accordion-item\">\n<p><strong>Veli\u010dine su normalne, pa vam savjetujemo da naru\u010dite veli\u010dinu koju ina\u010de nosite.<\/strong><\/p>\n<\/div>\n<\/details>","protected":false},"featured_media":18967,"comment_status":"open","ping_status":"closed","template":"","meta":[],"product_brand":[439],"product_cat":[134,160,135],"product_tag":[337],"woo-feed-brand":[],"class_list":{"0":"post-54537","1":"product","2":"type-product","3":"status-publish","4":"has-post-thumbnail","6":"product_brand-dance","7":"product_cat-zenske","8":"product_cat-sportne-hlace-in-trenirke","9":"product_cat-zenska-oblacila","10":"product_tag-dance","11":"pa_color-crna","12":"pa_color-modra","13":"pa_color-siva","14":"pa_velikosti-large","15":"pa_velikosti-medium","16":"pa_velikosti-small","17":"pa_velikosti-ekstra-large","18":"pa_velikosti-extra-extra-large","20":"first","21":"instock","22":"shipping-taxable","23":"purchasable","24":"product-type-variable"},"_links":{"self":[{"href":"https:\/\/www.superfashion.si\/hr\/wp-json\/wp\/v2\/product\/54537","targetHints":{"allow":["GET"]}}],"collection":[{"href":"https:\/\/www.superfashion.si\/hr\/wp-json\/wp\/v2\/product"}],"about":[{"href":"https:\/\/www.superfashion.si\/hr\/wp-json\/wp\/v2\/types\/product"}],"replies":[{"embeddable":true,"href":"https:\/\/www.superfashion.si\/hr\/wp-json\/wp\/v2\/comments?post=54537"}],"version-history":[{"count":1,"href":"https:\/\/www.superfashion.si\/hr\/wp-json\/wp\/v2\/product\/54537\/revisions"}],"predecessor-version":[{"id":54645,"href":"https:\/\/www.superfashion.si\/hr\/wp-json\/wp\/v2\/product\/54537\/revisions\/54645"}],"wp:featuredmedia":[{"embeddable":true,"href":"https:\/\/www.superfashion.si\/hr\/wp-json\/wp\/v2\/media\/18967"}],"wp:attachment":[{"href":"https:\/\/www.superfashion.si\/hr\/wp-json\/wp\/v2\/media?parent=54537"}],"wp:term":[{"taxonomy":"product_brand","embeddable":true,"href":"https:\/\/www.superfashion.si\/hr\/wp-json\/wp\/v2\/product_brand?post=54537"},{"taxonomy":"product_cat","embeddable":true,"href":"https:\/\/www.superfashion.si\/hr\/wp-json\/wp\/v2\/product_cat?post=54537"},{"taxonomy":"product_tag","embeddable":true,"href":"https:\/\/www.superfashion.si\/hr\/wp-json\/wp\/v2\/product_tag?post=54537"},{"taxonomy":"woo-feed-brand","embeddable":true,"href":"https:\/\/www.superfashion.si\/hr\/wp-json\/wp\/v2\/woo-feed-brand?post=54537"}],"curies":[{"name":"radni list","href":"https:\/\/api.w.org\/{rel}","templated":true}]}}