{"id":54698,"date":"2026-05-08T09:43:21","date_gmt":"2026-05-08T08:43:21","guid":{"rendered":"https:\/\/www.superfashion.si\/?post_type=product&#038;p=54698"},"modified":"2026-05-08T09:53:27","modified_gmt":"2026-05-08T08:53:27","slug":"set-hlaca-s-tunikom-i-lancem-1025a","status":"publish","type":"product","link":"https:\/\/www.superfashion.si\/hr\/product\/komplet-hlac-s-tuniko-in-verizico-1025a\/","title":{"rendered":"Set hla\u010da s tunikom i lancem 1025A"},"content":{"rendered":"","protected":false},"excerpt":{"rendered":"<details >\n<summary>O PROIZVODU<\/summary>\n<div class=\"cg-accordion-item\">\n<p><strong>Set hla\u010da s tunikom i lancem<\/strong>, koji se sastoji od \u0161iroke tunike i hla\u010da, elegantan je set koji svakom izgledu dodaje \u0161arm i stil.<\/p>\n<p>\u0160iroka tunika daje suptilnu \u017eenstvenost, nagla\u0161ava figuru i istovremeno osigurava slobodu kretanja.<\/p>\n<p>Klasi\u010dni kroj hla\u010da savr\u0161eno se sla\u017ee s elegantnom tunikom, stvaraju\u0107i skladnu i elegantnu cjelinu.<\/p>\n<p>Lanac je elegantan dodatak koji nagla\u0161ava jedinstvenost i pa\u017enju prema detaljima u cjelokupnom stilu.<\/p>\n<p>Ovaj talijanski set savr\u0161en je za mnoge prigode, od poslovnih sastanaka do romanti\u010dnih spojeva. Veli\u010dina je univerzalna i odgovara \u017eenama koje nose veli\u010dine S, M ili L.<\/p>\n<p>Privjesak se mo\u017ee razlikovati od onog prikazanog na fotografiji.<\/p>\n<ul>\n<li>Podrijetlo: Italija<\/li>\n<li>Boje: Fango, Camel, Lila, Nude, Crvena, Svijetloplava, Tamnobe\u017e<\/li>\n<li>Lanac uklju\u010den<\/li>\n<li>Lagan, prozra\u010dan materijal, ugodan na dodir<\/li>\n<li>Materijal: 100% poliester,<\/li>\n<li>Pranje u perilici rublja na 30 stupnjeva<\/li>\n<\/ul>\n<p>Dimenzije tunike:<\/p>\n<ul>\n<li>\u0160irina pazuha: 56 cm<\/li>\n<li>Ukupna duljina: 81 cm<\/li>\n<li>Duljina unutarnjeg rukava: 39 cm<\/li>\n<li>\u0160irina na dnu: 116 cm<\/li>\n<\/ul>\n<p>Dimenzije hla\u010da:<\/p>\n<ul>\n<li>\u0160irina struka: 34 cm (rastegnuto: 54 cm)<\/li>\n<li>Ukupna duljina: 103 cm<\/li>\n<li>Duljina koraka: 72 cm<\/li>\n<\/ul>\n<p><strong>Veli\u010dina je univerzalna, odgovara veli\u010dini S, M i L.<\/strong><\/p>\n<\/div>\n<\/details>\n<p>&nbsp;<\/p>\n<p>&nbsp;<\/p>","protected":false},"featured_media":54741,"comment_status":"open","ping_status":"closed","template":"","meta":[],"product_brand":[436],"product_cat":[134,438,135],"product_tag":[279],"woo-feed-brand":[],"class_list":{"0":"post-54698","1":"product","2":"type-product","3":"status-publish","4":"has-post-thumbnail","6":"product_brand-kesi","7":"product_cat-zenske","8":"product_cat-kompleti","9":"product_cat-zenska-oblacila","10":"product_tag-made-in-italy","11":"pa_color-camel","12":"pa_color-fango","13":"pa_color-lila","14":"pa_color-nude","15":"pa_color-rdeca","16":"pa_color-svetlo-modra","17":"pa_color-temno-bez","18":"pa_velikosti-uni","20":"first","21":"instock","22":"shipping-taxable","23":"purchasable","24":"product-type-variable"},"_links":{"self":[{"href":"https:\/\/www.superfashion.si\/hr\/wp-json\/wp\/v2\/product\/54698","targetHints":{"allow":["GET"]}}],"collection":[{"href":"https:\/\/www.superfashion.si\/hr\/wp-json\/wp\/v2\/product"}],"about":[{"href":"https:\/\/www.superfashion.si\/hr\/wp-json\/wp\/v2\/types\/product"}],"replies":[{"embeddable":true,"href":"https:\/\/www.superfashion.si\/hr\/wp-json\/wp\/v2\/comments?post=54698"}],"version-history":[{"count":3,"href":"https:\/\/www.superfashion.si\/hr\/wp-json\/wp\/v2\/product\/54698\/revisions"}],"predecessor-version":[{"id":54862,"href":"https:\/\/www.superfashion.si\/hr\/wp-json\/wp\/v2\/product\/54698\/revisions\/54862"}],"wp:featuredmedia":[{"embeddable":true,"href":"https:\/\/www.superfashion.si\/hr\/wp-json\/wp\/v2\/media\/54741"}],"wp:attachment":[{"href":"https:\/\/www.superfashion.si\/hr\/wp-json\/wp\/v2\/media?parent=54698"}],"wp:term":[{"taxonomy":"product_brand","embeddable":true,"href":"https:\/\/www.superfashion.si\/hr\/wp-json\/wp\/v2\/product_brand?post=54698"},{"taxonomy":"product_cat","embeddable":true,"href":"https:\/\/www.superfashion.si\/hr\/wp-json\/wp\/v2\/product_cat?post=54698"},{"taxonomy":"product_tag","embeddable":true,"href":"https:\/\/www.superfashion.si\/hr\/wp-json\/wp\/v2\/product_tag?post=54698"},{"taxonomy":"woo-feed-brand","embeddable":true,"href":"https:\/\/www.superfashion.si\/hr\/wp-json\/wp\/v2\/woo-feed-brand?post=54698"}],"curies":[{"name":"radni list","href":"https:\/\/api.w.org\/{rel}","templated":true}]}}