{"id":54769,"date":"2026-05-08T09:43:11","date_gmt":"2026-05-08T08:43:11","guid":{"rendered":"https:\/\/www.superfashion.si\/?post_type=product&#038;p=54769"},"modified":"2026-05-08T09:57:34","modified_gmt":"2026-05-08T08:57:34","slug":"ljetna-pamucna-haljina-2840","status":"publish","type":"product","link":"https:\/\/www.superfashion.si\/hr\/product\/bombazna-poletna-obleka-2840\/","title":{"rendered":"Ljetna pamu\u010dna haljina 2840"},"content":{"rendered":"","protected":false},"excerpt":{"rendered":"<details >\n<summary>O PROIZVODU<\/summary>\n<div class=\"cg-accordion-item\">\n<p><strong>Ljetna pamu\u010dna haljina<\/strong> 2840<\/p>\n<p data-start=\"83\" data-end=\"519\"><span dir=\"auto\">Lagana i izrazito \u017eenstvena haljina \u0161irokog kroja savr\u0161en je izbor za toplije dane. <\/span><\/p>\n<p data-start=\"83\" data-end=\"519\"><span dir=\"auto\">Izra\u0111en je od visokokvalitetnog pamuka, \u0161to osigurava udobnost i prozra\u010dnost. <\/span><\/p>\n<p data-start=\"83\" data-end=\"519\"><span dir=\"auto\">Nje\u017ean, predimenzionirani kroj prekrasno pristaje figuri, skriva sve nedostatke i osigurava slobodu kretanja.<\/span><\/p>\n<p data-start=\"521\" data-end=\"849\"><span dir=\"auto\">Model ima suptilan V-izrez i atraktivan cvjetni print koji cijelom komadu daje romanti\u010dan karakter. <\/span><\/p>\n<p data-start=\"521\" data-end=\"849\"><span dir=\"auto\">Odli\u010dan je izbor za \u017eene koje cijene moderan izgled i udobnost u jednom.<\/span><\/p>\n<ul>\n<li>Made in Italy<\/li>\n<li>Boje: be\u017e, bijela, kaki, mint, plava, ru\u017ei\u010dasta, \u017euta<\/li>\n<li>Cvjetni print<\/li>\n<li>\u0160irok kroj<\/li>\n<li>Prozra\u010dan i ugodan materijal na dodir<\/li>\n<li>Univerzalna veli\u010dina, odgovara za S, M, L i XL<\/li>\n<li>\u0160irina pazuha: 57 cm (opseg prsa: 114 cm)<\/li>\n<li>\u0160irina u bokovima: 100 cm<\/li>\n<li>Ukupna duljina: 110 cm<\/li>\n<li>Materijal: 100% pamuk<\/li>\n<li>Pranje u perilici rublja na 30 stupnjeva<\/li>\n<\/ul>\n<\/div>\n<\/details>\n<details >\n<summary>POMO\u0106 ZA ODABIR VELI\u010cINE<\/summary>\n<div class=\"cg-accordion-item\">\n<p><strong>Veli\u010dina je univerzalna, odgovara veli\u010dinama S, M, L i XL<\/strong><\/p>\n<\/div>\n<\/details>","protected":false},"featured_media":54813,"comment_status":"open","ping_status":"closed","template":"","meta":[],"product_brand":[436],"product_cat":[134,354,151,135],"product_tag":[279],"woo-feed-brand":[],"class_list":{"0":"post-54769","1":"product","2":"type-product","3":"status-publish","4":"has-post-thumbnail","6":"product_brand-kesi","7":"product_cat-zenske","8":"product_cat-obleke","9":"product_cat-obleke-in-krila","10":"product_cat-zenska-oblacila","11":"product_tag-made-in-italy","12":"pa_color-bela","13":"pa_color-bez","14":"pa_color-khaki","15":"pa_color-mint","16":"pa_color-modra","17":"pa_color-roza","18":"pa_color-rumena","19":"pa_velikosti-uni","21":"first","22":"instock","23":"shipping-taxable","24":"purchasable","25":"product-type-variable"},"_links":{"self":[{"href":"https:\/\/www.superfashion.si\/hr\/wp-json\/wp\/v2\/product\/54769","targetHints":{"allow":["GET"]}}],"collection":[{"href":"https:\/\/www.superfashion.si\/hr\/wp-json\/wp\/v2\/product"}],"about":[{"href":"https:\/\/www.superfashion.si\/hr\/wp-json\/wp\/v2\/types\/product"}],"replies":[{"embeddable":true,"href":"https:\/\/www.superfashion.si\/hr\/wp-json\/wp\/v2\/comments?post=54769"}],"version-history":[{"count":4,"href":"https:\/\/www.superfashion.si\/hr\/wp-json\/wp\/v2\/product\/54769\/revisions"}],"predecessor-version":[{"id":54867,"href":"https:\/\/www.superfashion.si\/hr\/wp-json\/wp\/v2\/product\/54769\/revisions\/54867"}],"wp:featuredmedia":[{"embeddable":true,"href":"https:\/\/www.superfashion.si\/hr\/wp-json\/wp\/v2\/media\/54813"}],"wp:attachment":[{"href":"https:\/\/www.superfashion.si\/hr\/wp-json\/wp\/v2\/media?parent=54769"}],"wp:term":[{"taxonomy":"product_brand","embeddable":true,"href":"https:\/\/www.superfashion.si\/hr\/wp-json\/wp\/v2\/product_brand?post=54769"},{"taxonomy":"product_cat","embeddable":true,"href":"https:\/\/www.superfashion.si\/hr\/wp-json\/wp\/v2\/product_cat?post=54769"},{"taxonomy":"product_tag","embeddable":true,"href":"https:\/\/www.superfashion.si\/hr\/wp-json\/wp\/v2\/product_tag?post=54769"},{"taxonomy":"woo-feed-brand","embeddable":true,"href":"https:\/\/www.superfashion.si\/hr\/wp-json\/wp\/v2\/woo-feed-brand?post=54769"}],"curies":[{"name":"radni list","href":"https:\/\/api.w.org\/{rel}","templated":true}]}}