{"id":9232,"date":"2022-04-17T10:33:19","date_gmt":"2022-04-17T08:33:19","guid":{"rendered":"https:\/\/www.superfashion.si\/?post_type=product&#038;p=9232"},"modified":"2022-04-17T10:33:39","modified_gmt":"2022-04-17T08:33:39","slug":"piercing-za-obrv-bna10s120803-or","status":"publish","type":"product","link":"https:\/\/www.superfashion.si\/hr\/product\/piercing-za-obrv-bna10s120803-or\/","title":{"rendered":"Piercing za obrve BNA10S120803-OR"},"content":{"rendered":"","protected":false},"excerpt":{"rendered":"<p>Naran\u010dasti piercing za obrve,<br \/>\nsa zelenim kristalima.<\/p>\n<p>Materijal: \u0161ipka:<br \/>\nNe hr\u0111aju\u0107i \u010celik,<br \/>\nkuglice: plasti\u010dne<\/p>","protected":false},"featured_media":9277,"comment_status":"open","ping_status":"closed","template":"","meta":[],"product_brand":[],"product_cat":[178,217,187],"product_tag":[],"woo-feed-brand":[],"class_list":{"0":"post-9232","1":"product","2":"type-product","3":"status-publish","4":"has-post-thumbnail","6":"product_cat-modni-dodatki","7":"product_cat-obrv","8":"product_cat-piercingi","10":"first","11":"instock","12":"shipping-taxable","13":"purchasable","14":"product-type-simple"},"_links":{"self":[{"href":"https:\/\/www.superfashion.si\/hr\/wp-json\/wp\/v2\/product\/9232","targetHints":{"allow":["GET"]}}],"collection":[{"href":"https:\/\/www.superfashion.si\/hr\/wp-json\/wp\/v2\/product"}],"about":[{"href":"https:\/\/www.superfashion.si\/hr\/wp-json\/wp\/v2\/types\/product"}],"replies":[{"embeddable":true,"href":"https:\/\/www.superfashion.si\/hr\/wp-json\/wp\/v2\/comments?post=9232"}],"version-history":[{"count":0,"href":"https:\/\/www.superfashion.si\/hr\/wp-json\/wp\/v2\/product\/9232\/revisions"}],"wp:featuredmedia":[{"embeddable":true,"href":"https:\/\/www.superfashion.si\/hr\/wp-json\/wp\/v2\/media\/9277"}],"wp:attachment":[{"href":"https:\/\/www.superfashion.si\/hr\/wp-json\/wp\/v2\/media?parent=9232"}],"wp:term":[{"taxonomy":"product_brand","embeddable":true,"href":"https:\/\/www.superfashion.si\/hr\/wp-json\/wp\/v2\/product_brand?post=9232"},{"taxonomy":"product_cat","embeddable":true,"href":"https:\/\/www.superfashion.si\/hr\/wp-json\/wp\/v2\/product_cat?post=9232"},{"taxonomy":"product_tag","embeddable":true,"href":"https:\/\/www.superfashion.si\/hr\/wp-json\/wp\/v2\/product_tag?post=9232"},{"taxonomy":"woo-feed-brand","embeddable":true,"href":"https:\/\/www.superfashion.si\/hr\/wp-json\/wp\/v2\/woo-feed-brand?post=9232"}],"curies":[{"name":"radni list","href":"https:\/\/api.w.org\/{rel}","templated":true}]}}