{"id":9302,"date":"2022-04-17T10:33:45","date_gmt":"2022-04-17T08:33:45","guid":{"rendered":"https:\/\/www.superfashion.si\/?post_type=product&#038;p=9302"},"modified":"2026-02-02T08:16:29","modified_gmt":"2026-02-02T07:16:29","slug":"moske-boksarice-f1012-cbms-komplet-4-1","status":"publish","type":"product","link":"https:\/\/www.superfashion.si\/hr\/product\/moske-boksarice-f1012-cbms-komplet-4-1\/","title":{"rendered":"Mu\u0161ke bokserice F1012-\u010cBMS SET 4\/1"},"content":{"rendered":"","protected":false},"excerpt":{"rendered":"<details >\n<summary>O PROIZVODU<\/summary>\n<div class=\"cg-accordion-item\">\n<p>Set od 4 mu\u0161ke bokserice.<\/p>\n<ul>\n<li>Materijal: 95 % pamuk, 5 % elastan<\/li>\n<\/ul>\n<\/div>\n<\/details>\n<details >\n<summary>POMO\u0106 ZA ODABIR VELI\u010cINE<\/summary>\n<div class=\"cg-accordion-item\">\n<p><strong>Budu\u0107i da su veli\u010dine ne\u0161to manje od uobi\u010dajenih, savjetujemo vam da naru\u010dite jednu veli\u010dinu ve\u0107u od va\u0161e normalne veli\u010dine.<\/strong><\/p>\n<\/div>\n<\/details>","protected":false},"featured_media":20687,"comment_status":"open","ping_status":"closed","template":"","meta":[],"product_brand":[],"product_cat":[194,195,203],"product_tag":[],"woo-feed-brand":[],"class_list":{"0":"post-9302","1":"product","2":"type-product","3":"status-publish","4":"has-post-thumbnail","6":"product_cat-moski","7":"product_cat-moska-oblacila","8":"product_cat-spodnje-perilo","9":"pa_velikosti-3xl","10":"pa_velikosti-large","11":"pa_velikosti-medium","12":"pa_velikosti-ekstra-large","13":"pa_velikosti-extra-extra-large","15":"first","16":"instock","17":"shipping-taxable","18":"purchasable","19":"product-type-variable"},"_links":{"self":[{"href":"https:\/\/www.superfashion.si\/hr\/wp-json\/wp\/v2\/product\/9302","targetHints":{"allow":["GET"]}}],"collection":[{"href":"https:\/\/www.superfashion.si\/hr\/wp-json\/wp\/v2\/product"}],"about":[{"href":"https:\/\/www.superfashion.si\/hr\/wp-json\/wp\/v2\/types\/product"}],"replies":[{"embeddable":true,"href":"https:\/\/www.superfashion.si\/hr\/wp-json\/wp\/v2\/comments?post=9302"}],"version-history":[{"count":0,"href":"https:\/\/www.superfashion.si\/hr\/wp-json\/wp\/v2\/product\/9302\/revisions"}],"wp:featuredmedia":[{"embeddable":true,"href":"https:\/\/www.superfashion.si\/hr\/wp-json\/wp\/v2\/media\/20687"}],"wp:attachment":[{"href":"https:\/\/www.superfashion.si\/hr\/wp-json\/wp\/v2\/media?parent=9302"}],"wp:term":[{"taxonomy":"product_brand","embeddable":true,"href":"https:\/\/www.superfashion.si\/hr\/wp-json\/wp\/v2\/product_brand?post=9302"},{"taxonomy":"product_cat","embeddable":true,"href":"https:\/\/www.superfashion.si\/hr\/wp-json\/wp\/v2\/product_cat?post=9302"},{"taxonomy":"product_tag","embeddable":true,"href":"https:\/\/www.superfashion.si\/hr\/wp-json\/wp\/v2\/product_tag?post=9302"},{"taxonomy":"woo-feed-brand","embeddable":true,"href":"https:\/\/www.superfashion.si\/hr\/wp-json\/wp\/v2\/woo-feed-brand?post=9302"}],"curies":[{"name":"radni list","href":"https:\/\/api.w.org\/{rel}","templated":true}]}}