{"id":9418,"date":"2022-04-17T10:34:16","date_gmt":"2022-04-17T08:34:16","guid":{"rendered":"https:\/\/www.superfashion.si\/?post_type=product&#038;p=9418"},"modified":"2025-08-28T14:40:13","modified_gmt":"2025-08-28T13:40:13","slug":"zenske-kopalke-13785-ro","status":"publish","type":"product","link":"https:\/\/www.superfashion.si\/hr\/product\/zenske-kopalke-13785-ro\/","title":{"rendered":"\u017denski kupa\u0107i kostimi 13785-RO"},"content":{"rendered":"","protected":false},"excerpt":{"rendered":"<details >\n<summary>O PROIZVODU<\/summary>\n<div class=\"cg-accordion-item\">\n<p><strong>\u017denski kupa\u0107i kostimi <\/strong>nje\u017eno ru\u017ei\u010daste boje, sa \u017eutim prugama<\/p>\n<ul>\n<li>Grudnjak je podstavljen, podi\u017ee grudi i vizualno ih pove\u0107ava.<\/li>\n<li>Materijal: 82% poliamid, 18% elastan<\/li>\n<\/ul>\n<\/div>\n<\/details>\n<details >\n<summary>POMO\u0106 ZA ODABIR VELI\u010cINE<\/summary>\n<div class=\"cg-accordion-item\">\n<p><strong>Budu\u0107i da su veli\u010dine ne\u0161to manje od uobi\u010dajenih, savjetujemo vam da naru\u010dite jednu veli\u010dinu ve\u0107u od uobi\u010dajene veli\u010dine kupa\u0107eg kostima.<\/strong><\/p>\n<\/div>\n<\/details>","protected":false},"featured_media":12444,"comment_status":"open","ping_status":"closed","template":"","meta":[],"product_brand":[],"product_cat":[134,169,168,399],"product_tag":[],"woo-feed-brand":[],"class_list":{"0":"post-9418","1":"product","2":"type-product","3":"status-publish","4":"has-post-thumbnail","6":"product_cat-zenske","7":"product_cat-dvodelne-kopalke","8":"product_cat-kopalke","9":"product_cat-razprodaja","10":"pa_color-roza","11":"pa_velikosti-large","12":"pa_velikosti-medium","13":"pa_velikosti-small","15":"first","16":"instock","17":"sale","18":"shipping-taxable","19":"purchasable","20":"product-type-variable"},"_links":{"self":[{"href":"https:\/\/www.superfashion.si\/hr\/wp-json\/wp\/v2\/product\/9418","targetHints":{"allow":["GET"]}}],"collection":[{"href":"https:\/\/www.superfashion.si\/hr\/wp-json\/wp\/v2\/product"}],"about":[{"href":"https:\/\/www.superfashion.si\/hr\/wp-json\/wp\/v2\/types\/product"}],"replies":[{"embeddable":true,"href":"https:\/\/www.superfashion.si\/hr\/wp-json\/wp\/v2\/comments?post=9418"}],"version-history":[{"count":0,"href":"https:\/\/www.superfashion.si\/hr\/wp-json\/wp\/v2\/product\/9418\/revisions"}],"wp:featuredmedia":[{"embeddable":true,"href":"https:\/\/www.superfashion.si\/hr\/wp-json\/wp\/v2\/media\/12444"}],"wp:attachment":[{"href":"https:\/\/www.superfashion.si\/hr\/wp-json\/wp\/v2\/media?parent=9418"}],"wp:term":[{"taxonomy":"product_brand","embeddable":true,"href":"https:\/\/www.superfashion.si\/hr\/wp-json\/wp\/v2\/product_brand?post=9418"},{"taxonomy":"product_cat","embeddable":true,"href":"https:\/\/www.superfashion.si\/hr\/wp-json\/wp\/v2\/product_cat?post=9418"},{"taxonomy":"product_tag","embeddable":true,"href":"https:\/\/www.superfashion.si\/hr\/wp-json\/wp\/v2\/product_tag?post=9418"},{"taxonomy":"woo-feed-brand","embeddable":true,"href":"https:\/\/www.superfashion.si\/hr\/wp-json\/wp\/v2\/woo-feed-brand?post=9418"}],"curies":[{"name":"radni list","href":"https:\/\/api.w.org\/{rel}","templated":true}]}}