{"id":9433,"date":"2022-04-17T10:34:18","date_gmt":"2022-04-17T08:34:18","guid":{"rendered":"https:\/\/www.superfashion.si\/?post_type=product&#038;p=9433"},"modified":"2022-04-23T23:25:59","modified_gmt":"2022-04-23T21:25:59","slug":"zenski-nedrcek-m-1980-czarny","status":"publish","type":"product","link":"https:\/\/www.superfashion.si\/hr\/product\/zenski-nedrcek-m-1980-czarny\/","title":{"rendered":"\u017denski grudnjak M-1980-CZARNY"},"content":{"rendered":"","protected":false},"excerpt":{"rendered":"<details >\n<summary>O PROIZVODU<\/summary>\n<div class=\"cg-accordion-item\">\n<p><strong>\u017denski grudnjak PUSH UP<\/strong><\/p>\n<ul>\n<li><strong>Naramenice i PUSH UP jastu\u010di\u0107i se mogu skinuti.<\/strong><\/li>\n<\/ul>\n<p>Materijal:<\/p>\n<ul>\n<li>Materijal: 60% poliamid, 20% elastin, 17% poliester, 3% pamuk<\/li>\n<\/ul>\n<\/div>\n<\/details>\n<details >\n<summary>POMO\u0106 ZA ODABIR VELI\u010cINE<\/summary>\n<div class=\"cg-accordion-item\">\n<p><strong>Budu\u0107i da su veli\u010dine ne\u0161to manje od uobi\u010dajenih, savjetujemo vam da naru\u010dite jednu veli\u010dinu ve\u0107u od svoje normalne veli\u010dine.<\/strong><\/p>\n<\/div>\n<\/details>","protected":false},"featured_media":16262,"comment_status":"open","ping_status":"closed","template":"","meta":[],"product_brand":[],"product_cat":[134,225,154,135],"product_tag":[],"woo-feed-brand":[],"class_list":{"0":"post-9433","1":"product","2":"type-product","3":"status-publish","4":"has-post-thumbnail","6":"product_cat-zenske","7":"product_cat-nedrcki","8":"product_cat-perilo","9":"product_cat-zenska-oblacila","10":"pa_velikosti-65b","11":"pa_velikosti-70b","13":"first","14":"instock","15":"shipping-taxable","16":"purchasable","17":"product-type-variable"},"_links":{"self":[{"href":"https:\/\/www.superfashion.si\/hr\/wp-json\/wp\/v2\/product\/9433","targetHints":{"allow":["GET"]}}],"collection":[{"href":"https:\/\/www.superfashion.si\/hr\/wp-json\/wp\/v2\/product"}],"about":[{"href":"https:\/\/www.superfashion.si\/hr\/wp-json\/wp\/v2\/types\/product"}],"replies":[{"embeddable":true,"href":"https:\/\/www.superfashion.si\/hr\/wp-json\/wp\/v2\/comments?post=9433"}],"version-history":[{"count":0,"href":"https:\/\/www.superfashion.si\/hr\/wp-json\/wp\/v2\/product\/9433\/revisions"}],"wp:featuredmedia":[{"embeddable":true,"href":"https:\/\/www.superfashion.si\/hr\/wp-json\/wp\/v2\/media\/16262"}],"wp:attachment":[{"href":"https:\/\/www.superfashion.si\/hr\/wp-json\/wp\/v2\/media?parent=9433"}],"wp:term":[{"taxonomy":"product_brand","embeddable":true,"href":"https:\/\/www.superfashion.si\/hr\/wp-json\/wp\/v2\/product_brand?post=9433"},{"taxonomy":"product_cat","embeddable":true,"href":"https:\/\/www.superfashion.si\/hr\/wp-json\/wp\/v2\/product_cat?post=9433"},{"taxonomy":"product_tag","embeddable":true,"href":"https:\/\/www.superfashion.si\/hr\/wp-json\/wp\/v2\/product_tag?post=9433"},{"taxonomy":"woo-feed-brand","embeddable":true,"href":"https:\/\/www.superfashion.si\/hr\/wp-json\/wp\/v2\/woo-feed-brand?post=9433"}],"curies":[{"name":"radni list","href":"https:\/\/api.w.org\/{rel}","templated":true}]}}