{"id":9497,"date":"2022-04-17T10:34:27","date_gmt":"2022-04-17T08:34:27","guid":{"rendered":"https:\/\/www.superfashion.si\/?post_type=product&#038;p=9497"},"modified":"2025-08-29T13:17:15","modified_gmt":"2025-08-29T12:17:15","slug":"zenska-torbica-l2039-red","status":"publish","type":"product","link":"https:\/\/www.superfashion.si\/hr\/product\/zenska-torbica-l2039-red\/","title":{"rendered":"\u017denska torba L2039-RED"},"content":{"rendered":"","protected":false},"excerpt":{"rendered":"<p>\u017denska torba s posebno dugom podesivom naramenicom.<\/p>\n<p>Unutra\u0161njost torbe ima mali d\u017eep sa patentnim zatvara\u010dem,<br \/>\ndva manja d\u017eepa bez patentnih zatvara\u010da i porubljeni pretinac s patentnim zatvara\u010dem.<\/p>\n<p>Boja: crvena<\/p>\n<p>Sastav: 100% poliuretan, podstava: 100% poliester<\/p>\n<p>Veli\u010dina: 34 x 28 cm<\/p>","protected":false},"featured_media":12027,"comment_status":"open","ping_status":"closed","template":"","meta":[],"product_brand":[],"product_cat":[178,182,211],"product_tag":[],"woo-feed-brand":[],"class_list":{"0":"post-9497","1":"product","2":"type-product","3":"status-publish","4":"has-post-thumbnail","6":"product_cat-modni-dodatki","7":"product_cat-torbice","8":"product_cat-zenske-torbice","10":"first","11":"outofstock","12":"sale","13":"shipping-taxable","14":"purchasable","15":"product-type-simple"},"_links":{"self":[{"href":"https:\/\/www.superfashion.si\/hr\/wp-json\/wp\/v2\/product\/9497","targetHints":{"allow":["GET"]}}],"collection":[{"href":"https:\/\/www.superfashion.si\/hr\/wp-json\/wp\/v2\/product"}],"about":[{"href":"https:\/\/www.superfashion.si\/hr\/wp-json\/wp\/v2\/types\/product"}],"replies":[{"embeddable":true,"href":"https:\/\/www.superfashion.si\/hr\/wp-json\/wp\/v2\/comments?post=9497"}],"version-history":[{"count":0,"href":"https:\/\/www.superfashion.si\/hr\/wp-json\/wp\/v2\/product\/9497\/revisions"}],"wp:featuredmedia":[{"embeddable":true,"href":"https:\/\/www.superfashion.si\/hr\/wp-json\/wp\/v2\/media\/12027"}],"wp:attachment":[{"href":"https:\/\/www.superfashion.si\/hr\/wp-json\/wp\/v2\/media?parent=9497"}],"wp:term":[{"taxonomy":"product_brand","embeddable":true,"href":"https:\/\/www.superfashion.si\/hr\/wp-json\/wp\/v2\/product_brand?post=9497"},{"taxonomy":"product_cat","embeddable":true,"href":"https:\/\/www.superfashion.si\/hr\/wp-json\/wp\/v2\/product_cat?post=9497"},{"taxonomy":"product_tag","embeddable":true,"href":"https:\/\/www.superfashion.si\/hr\/wp-json\/wp\/v2\/product_tag?post=9497"},{"taxonomy":"woo-feed-brand","embeddable":true,"href":"https:\/\/www.superfashion.si\/hr\/wp-json\/wp\/v2\/woo-feed-brand?post=9497"}],"curies":[{"name":"radni list","href":"https:\/\/api.w.org\/{rel}","templated":true}]}}