{"id":9733,"date":"2022-04-17T10:35:01","date_gmt":"2022-04-17T08:35:01","guid":{"rendered":"https:\/\/www.superfashion.si\/?post_type=product&#038;p=9733"},"modified":"2022-04-17T12:12:41","modified_gmt":"2022-04-17T10:12:41","slug":"vecerna-torbica-mq11853-gold","status":"publish","type":"product","link":"https:\/\/www.superfashion.si\/hr\/product\/vecerna-torbica-mq11853-gold\/","title":{"rendered":"Ve\u010dernja torbica MQ11853-GOLD"},"content":{"rendered":"","protected":false},"excerpt":{"rendered":"<p>\u017denska ve\u010dernja torbica s dugim lancem.<\/p>\n<p>Unutar torbe, osim glavnog pretinca, nalazi se i mali bo\u010dni d\u017eep.<\/p>\n<p>Boja: \u0161ampanjac<\/p>\n<p>Veli\u010dina: 25\u00d711 cm<\/p>\n<p>Materijal: 100% poliuretan<\/p>","protected":false},"featured_media":11948,"comment_status":"open","ping_status":"closed","template":"","meta":[],"product_brand":[],"product_cat":[178,182,212],"product_tag":[],"woo-feed-brand":[],"class_list":{"0":"post-9733","1":"product","2":"type-product","3":"status-publish","4":"has-post-thumbnail","6":"product_cat-modni-dodatki","7":"product_cat-torbice","8":"product_cat-vecerne-torbice","10":"first","11":"instock","12":"shipping-taxable","13":"purchasable","14":"product-type-simple"},"_links":{"self":[{"href":"https:\/\/www.superfashion.si\/hr\/wp-json\/wp\/v2\/product\/9733","targetHints":{"allow":["GET"]}}],"collection":[{"href":"https:\/\/www.superfashion.si\/hr\/wp-json\/wp\/v2\/product"}],"about":[{"href":"https:\/\/www.superfashion.si\/hr\/wp-json\/wp\/v2\/types\/product"}],"replies":[{"embeddable":true,"href":"https:\/\/www.superfashion.si\/hr\/wp-json\/wp\/v2\/comments?post=9733"}],"version-history":[{"count":0,"href":"https:\/\/www.superfashion.si\/hr\/wp-json\/wp\/v2\/product\/9733\/revisions"}],"wp:featuredmedia":[{"embeddable":true,"href":"https:\/\/www.superfashion.si\/hr\/wp-json\/wp\/v2\/media\/11948"}],"wp:attachment":[{"href":"https:\/\/www.superfashion.si\/hr\/wp-json\/wp\/v2\/media?parent=9733"}],"wp:term":[{"taxonomy":"product_brand","embeddable":true,"href":"https:\/\/www.superfashion.si\/hr\/wp-json\/wp\/v2\/product_brand?post=9733"},{"taxonomy":"product_cat","embeddable":true,"href":"https:\/\/www.superfashion.si\/hr\/wp-json\/wp\/v2\/product_cat?post=9733"},{"taxonomy":"product_tag","embeddable":true,"href":"https:\/\/www.superfashion.si\/hr\/wp-json\/wp\/v2\/product_tag?post=9733"},{"taxonomy":"woo-feed-brand","embeddable":true,"href":"https:\/\/www.superfashion.si\/hr\/wp-json\/wp\/v2\/woo-feed-brand?post=9733"}],"curies":[{"name":"radni list","href":"https:\/\/api.w.org\/{rel}","templated":true}]}}