{"id":9812,"date":"2022-04-17T10:35:17","date_gmt":"2022-04-17T08:35:17","guid":{"rendered":"https:\/\/www.superfashion.si\/?post_type=product&#038;p=9812"},"modified":"2026-02-11T11:55:30","modified_gmt":"2026-02-11T10:55:30","slug":"moski-sportni-copati-6050-21-grey","status":"publish","type":"product","link":"https:\/\/www.superfashion.si\/hr\/product\/moski-sportni-copati-6050-21-grey\/","title":{"rendered":"Mu\u0161ke tenisice 6050-21-GREY"},"content":{"rendered":"","protected":false},"excerpt":{"rendered":"<details >\n<summary>O PROIZVODU<\/summary>\n<div class=\"cg-accordion-item\">\n<p><strong>Mu\u0161ke tenisice<\/strong>\u00a0sive boje<\/p>\n<p>Materijal:<\/p>\n<ul>\n<li>Gornji dio: drugi materijali<\/li>\n<li>Obloga i ulo\u017eak: tekstil<\/li>\n<li>Potplat: drugi materijali<\/li>\n<\/ul>\n<\/div>\n<\/details>\n<details >\n<summary>POMO\u0106 ZA ODABIR VELI\u010cINE<\/summary>\n<div class=\"cg-accordion-item\">\n<p><strong>Budu\u0107i da su veli\u010dine ne\u0161to manje od uobi\u010dajenih, savjetujemo vam da naru\u010dite jedan broj ve\u0107i od uobi\u010dajenog broja obu\u0107e.<\/strong><\/p>\n<\/div>\n<\/details>\n<p><span class=\"yith-wcpsc-product-size-chart-button\" data-chart-id=\"22184\">Tablica veli\u010dine<\/span><\/p>\n<div id=\"yith-wcpsc-product-size-charts-popup-22184\" class=\"yith-wcpsc-product-size-charts-popup yith-wcpsc-product-size-charts-popup-default\">\n\t<span class='yith-wcpsc-product-size-charts-popup-close yith-wcpsc-popup-close dashicons dashicons-no-alt'><\/span><\/p>\n<div class='yith-wcpsc-product-size-charts-popup-container'>\n<h2>Mu\u0161ka obu\u0107a - manje veli\u010dine<\/h2>\n<div class=\"yith-wcpsc-product-table-wrapper\">\n<p><a href=\"https:\/\/www.superfashion.si\/wp-content\/uploads\/2022\/04\/shutterstock_1712123212.jpg\"><img fetchpriority=\"high\" decoding=\"async\" class=\"alignnone size-medium wp-image-8988\" src=\"https:\/\/www.superfashion.si\/wp-content\/uploads\/2022\/04\/shutterstock_1712123212-300x300.jpg\" alt=\"\" width=\"300\" height=\"300\" srcset=\"https:\/\/www.superfashion.si\/wp-content\/uploads\/2022\/04\/shutterstock_1712123212-300x300.jpg 300w, https:\/\/www.superfashion.si\/wp-content\/uploads\/2022\/04\/shutterstock_1712123212-600x600.jpg 600w, https:\/\/www.superfashion.si\/wp-content\/uploads\/2022\/04\/shutterstock_1712123212-150x150.jpg 150w, https:\/\/www.superfashion.si\/wp-content\/uploads\/2022\/04\/shutterstock_1712123212-768x768.jpg 768w, https:\/\/www.superfashion.si\/wp-content\/uploads\/2022\/04\/shutterstock_1712123212-441x441.jpg 441w, https:\/\/www.superfashion.si\/wp-content\/uploads\/2022\/04\/shutterstock_1712123212-100x100.jpg 100w, https:\/\/www.superfashion.si\/wp-content\/uploads\/2022\/04\/shutterstock_1712123212.jpg 800w\" sizes=\"(max-width: 300px) 100vw, 300px\" \/><\/a><\/p>\n<ul>\n<li>Veli\u010dina = broj cipela<\/li>\n<li>Duljina u cm = duljina ulo\u0161ka cipele<\/li>\n<li>Kako naru\u010diti odgovaraju\u0107u veli\u010dinu: Du\u017eina stopala + 0,5 cm<\/li>\n<\/ul>\n<p><strong>Budu\u0107i da su veli\u010dine ne\u0161to manje od uobi\u010dajenih, savjetujemo vam da naru\u010dite jedan broj ve\u0107i od uobi\u010dajenog broja obu\u0107e.<\/strong><\/p>\n<p>&nbsp;<\/p>\n<p>&nbsp;<\/p>\n<p>&nbsp;<\/p>\n<div class=\"yith-wcpsc-product-table-responsive-container-with-shadow\">\n<div class=\"yith-wcpsc-right-shadow\"><\/div>\n<div class=\"yith-wcpsc-left-shadow\"><\/div>\n<div class=\"yith-wcpsc-product-table-responsive-container\">\n<table class=\"yith-wcpsc-product-table yith-wcpsc-product-table-default\">\n<thead>\n<tr>\n<th>\n\t\t\t\t\t\t\t\t\t\t\tVeli\u010dina\t\t\t\t\t\t\t\t\t\t<\/th>\n<th>\n\t\t\t\t\t\t\t\t\t\t\t40\t\t\t\t\t\t\t\t\t\t<\/th>\n<th>\n\t\t\t\t\t\t\t\t\t\t\t41\t\t\t\t\t\t\t\t\t\t<\/th>\n<th>\n\t\t\t\t\t\t\t\t\t\t\t42\t\t\t\t\t\t\t\t\t\t<\/th>\n<th>\n\t\t\t\t\t\t\t\t\t\t\t43\t\t\t\t\t\t\t\t\t\t<\/th>\n<th>\n\t\t\t\t\t\t\t\t\t\t\t44\t\t\t\t\t\t\t\t\t\t<\/th>\n<th>\n\t\t\t\t\t\t\t\t\t\t\t45\t\t\t\t\t\t\t\t\t\t<\/th>\n<th>\n\t\t\t\t\t\t\t\t\t\t\t46\t\t\t\t\t\t\t\t\t\t<\/th>\n<\/tr>\n<\/thead>\n<tbody>\n<tr>\n<td>\n<div class=\"yith-wcpsc-product-table-td-content\">\n\t\t\t\t\t\t\t\t\t\t\t\t\tDuljina u cm\t\t\t\t\t\t\t\t\t\t\t\t<\/div>\n<\/td>\n<td>\n<div class=\"yith-wcpsc-product-table-td-content\">\n\t\t\t\t\t\t\t\t\t\t\t\t\t25.5\t\t\t\t\t\t\t\t\t\t\t\t<\/div>\n<\/td>\n<td>\n<div class=\"yith-wcpsc-product-table-td-content\">\n\t\t\t\t\t\t\t\t\t\t\t\t\t26\t\t\t\t\t\t\t\t\t\t\t\t<\/div>\n<\/td>\n<td>\n<div class=\"yith-wcpsc-product-table-td-content\">\n\t\t\t\t\t\t\t\t\t\t\t\t\t26.5\t\t\t\t\t\t\t\t\t\t\t\t<\/div>\n<\/td>\n<td>\n<div class=\"yith-wcpsc-product-table-td-content\">\n\t\t\t\t\t\t\t\t\t\t\t\t\t27\t\t\t\t\t\t\t\t\t\t\t\t<\/div>\n<\/td>\n<td>\n<div class=\"yith-wcpsc-product-table-td-content\">\n\t\t\t\t\t\t\t\t\t\t\t\t\t28\t\t\t\t\t\t\t\t\t\t\t\t<\/div>\n<\/td>\n<td>\n<div class=\"yith-wcpsc-product-table-td-content\">\n\t\t\t\t\t\t\t\t\t\t\t\t\t28,5\t\t\t\t\t\t\t\t\t\t\t\t<\/div>\n<\/td>\n<td>\n<div class=\"yith-wcpsc-product-table-td-content\">\n\t\t\t\t\t\t\t\t\t\t\t\t\t29.2\t\t\t\t\t\t\t\t\t\t\t\t<\/div>\n<\/td>\n<\/tr>\n<\/tbody>\n<\/table><\/div>\n<\/p><\/div>\n<\/p><\/div>\n<\/p><\/div>\n<p><!-- .yith-wcpsc-product-size-charts-popup-container end -->\n<\/div>\n<p><!-- .yith-wcpsc-product-size-charts-popup end --><\/p>","protected":false},"featured_media":20957,"comment_status":"open","ping_status":"closed","template":"","meta":[],"product_brand":[],"product_cat":[194,399,208],"product_tag":[],"woo-feed-brand":[],"class_list":{"0":"post-9812","1":"product","2":"type-product","3":"status-publish","4":"has-post-thumbnail","6":"product_cat-moski","7":"product_cat-razprodaja","8":"product_cat-sportna-obutev-superge","9":"pa_color-siva","10":"pa_velikosti-297","11":"pa_velikosti-299","13":"first","14":"instock","15":"sale","16":"shipping-taxable","17":"purchasable","18":"product-type-variable"},"_links":{"self":[{"href":"https:\/\/www.superfashion.si\/hr\/wp-json\/wp\/v2\/product\/9812","targetHints":{"allow":["GET"]}}],"collection":[{"href":"https:\/\/www.superfashion.si\/hr\/wp-json\/wp\/v2\/product"}],"about":[{"href":"https:\/\/www.superfashion.si\/hr\/wp-json\/wp\/v2\/types\/product"}],"replies":[{"embeddable":true,"href":"https:\/\/www.superfashion.si\/hr\/wp-json\/wp\/v2\/comments?post=9812"}],"version-history":[{"count":1,"href":"https:\/\/www.superfashion.si\/hr\/wp-json\/wp\/v2\/product\/9812\/revisions"}],"predecessor-version":[{"id":50915,"href":"https:\/\/www.superfashion.si\/hr\/wp-json\/wp\/v2\/product\/9812\/revisions\/50915"}],"wp:featuredmedia":[{"embeddable":true,"href":"https:\/\/www.superfashion.si\/hr\/wp-json\/wp\/v2\/media\/20957"}],"wp:attachment":[{"href":"https:\/\/www.superfashion.si\/hr\/wp-json\/wp\/v2\/media?parent=9812"}],"wp:term":[{"taxonomy":"product_brand","embeddable":true,"href":"https:\/\/www.superfashion.si\/hr\/wp-json\/wp\/v2\/product_brand?post=9812"},{"taxonomy":"product_cat","embeddable":true,"href":"https:\/\/www.superfashion.si\/hr\/wp-json\/wp\/v2\/product_cat?post=9812"},{"taxonomy":"product_tag","embeddable":true,"href":"https:\/\/www.superfashion.si\/hr\/wp-json\/wp\/v2\/product_tag?post=9812"},{"taxonomy":"woo-feed-brand","embeddable":true,"href":"https:\/\/www.superfashion.si\/hr\/wp-json\/wp\/v2\/woo-feed-brand?post=9812"}],"curies":[{"name":"radni list","href":"https:\/\/api.w.org\/{rel}","templated":true}]}}