{"id":9852,"date":"2022-04-17T10:35:23","date_gmt":"2022-04-17T08:35:23","guid":{"rendered":"https:\/\/www.superfashion.si\/?post_type=product&#038;p=9852"},"modified":"2025-10-27T20:56:21","modified_gmt":"2025-10-27T19:56:21","slug":"push-up-kopalke-m-510-sally-primula","status":"publish","type":"product","link":"https:\/\/www.superfashion.si\/hr\/product\/push-up-kopalke-m-510-sally-primula\/","title":{"rendered":"PUSH UP kupa\u0107i kostim M-510-SALLY PRIMULA"},"content":{"rendered":"","protected":false},"excerpt":{"rendered":"<details >\n<summary>O PROIZVODU<\/summary>\n<div class=\"cg-accordion-item\">\n<p><strong>\u017denski PUSH UP kupa\u0107i MARKO<\/strong>.<\/p>\n<ul>\n<li>Grudnjak ima push up efekt, podi\u017ee grudi i vizualno ih pove\u0107ava.<\/li>\n<li>Push up podstava dostupna je u svim veli\u010dinama grudnjaka.<\/li>\n<li>Idealan za male i srednje grudi,<\/li>\n<li>Talijanska, visokokvalitetna Carvico Tesutti tkanina,<\/li>\n<li>Kupa\u0107i kostim se brzo su\u0161i i otporan je na sun\u010devu svjetlost (ne blijedi).<\/li>\n<li>Materijal: 80% poliamid, 20% elastan<\/li>\n<\/ul>\n<\/div>\n<\/details>\n<details >\n<summary>POMO\u0106 ZA ODABIR VELI\u010cINE<\/summary>\n<div class=\"cg-accordion-item\">\n<p><strong>Budu\u0107i da su veli\u010dine ne\u0161to manje od uobi\u010dajenih, savjetujemo vam da naru\u010dite jednu veli\u010dinu ve\u0107u od uobi\u010dajene veli\u010dine kupa\u0107eg kostima.<\/strong><\/p>\n<\/div>\n<\/details>\n<p><span class=\"yith-wcpsc-product-size-chart-button\" data-chart-id=\"12953\">Tablica veli\u010dine<\/span><\/p>\n<div id=\"yith-wcpsc-product-size-charts-popup-12953\" class=\"yith-wcpsc-product-size-charts-popup yith-wcpsc-product-size-charts-popup-default\">\n\t<span class='yith-wcpsc-product-size-charts-popup-close yith-wcpsc-popup-close dashicons dashicons-no-alt'><\/span><\/p>\n<div class='yith-wcpsc-product-size-charts-popup-container'>\n<h2>M-510<\/h2>\n<div class=\"yith-wcpsc-product-table-wrapper\">\n<p><strong>Budu\u0107i da su brojke ne\u0161to manje od uobi\u010dajenih, savjetujemo vam da\u00a0 <\/strong><strong>naru\u010diti jednu veli\u010dinu ve\u0107u od va\u0161e uobi\u010dajene veli\u010dine kupa\u0107eg kostima.<\/strong><\/p>\n<div class=\"yith-wcpsc-product-table-responsive-container-with-shadow\">\n<div class=\"yith-wcpsc-right-shadow\"><\/div>\n<div class=\"yith-wcpsc-left-shadow\"><\/div>\n<div class=\"yith-wcpsc-product-table-responsive-container\">\n<table class=\"yith-wcpsc-product-table yith-wcpsc-product-table-default\">\n<thead>\n<tr>\n<th>\n\t\t\t\t\t\t\t\t\t\t\tMe\u0111unarodna veli\u010dina\t\t\t\t\t\t\t\t\t\t<\/th>\n<th>\n\t\t\t\t\t\t\t\t\t\t\tEU veli\u010dina\t\t\t\t\t\t\t\t\t\t<\/th>\n<th>\n\t\t\t\t\t\t\t\t\t\t\topseg grudi\t\t\t\t\t\t\t\t\t\t<\/th>\n<th>\n\t\t\t\t\t\t\t\t\t\t\topseg ispod poprsja\t\t\t\t\t\t\t\t\t\t<\/th>\n<th>\n\t\t\t\t\t\t\t\t\t\t\topseg kukova\t\t\t\t\t\t\t\t\t\t<\/th>\n<th>\n\t\t\t\t\t\t\t\t\t\t\tvisina hla\u010da sprijeda\t\t\t\t\t\t\t\t\t\t<\/th>\n<\/tr>\n<\/thead>\n<tbody>\n<tr>\n<td>\n<div class=\"yith-wcpsc-product-table-td-content\">\n\t\t\t\t\t\t\t\t\t\t\t\t\tS\t\t\t\t\t\t\t\t\t\t\t\t<\/div>\n<\/td>\n<td>\n<div class=\"yith-wcpsc-product-table-td-content\">\n\t\t\t\t\t\t\t\t\t\t\t\t\t36\t\t\t\t\t\t\t\t\t\t\t\t<\/div>\n<\/td>\n<td>\n<div class=\"yith-wcpsc-product-table-td-content\">\n\t\t\t\t\t\t\t\t\t\t\t\t\t82-84 cm\t\t\t\t\t\t\t\t\t\t\t\t<\/div>\n<\/td>\n<td>\n<div class=\"yith-wcpsc-product-table-td-content\">\n\t\t\t\t\t\t\t\t\t\t\t\t\t66-71 cm\t\t\t\t\t\t\t\t\t\t\t\t<\/div>\n<\/td>\n<td>\n<div class=\"yith-wcpsc-product-table-td-content\">\n\t\t\t\t\t\t\t\t\t\t\t\t\tdo 88 cm\t\t\t\t\t\t\t\t\t\t\t\t<\/div>\n<\/td>\n<td>\n<div class=\"yith-wcpsc-product-table-td-content\">\n\t\t\t\t\t\t\t\t\t\t\t\t\t24 cm\t\t\t\t\t\t\t\t\t\t\t\t<\/div>\n<\/td>\n<\/tr>\n<tr>\n<td>\n<div class=\"yith-wcpsc-product-table-td-content\">\n\t\t\t\t\t\t\t\t\t\t\t\t\tM\t\t\t\t\t\t\t\t\t\t\t\t<\/div>\n<\/td>\n<td>\n<div class=\"yith-wcpsc-product-table-td-content\">\n\t\t\t\t\t\t\t\t\t\t\t\t\t38\t\t\t\t\t\t\t\t\t\t\t\t<\/div>\n<\/td>\n<td>\n<div class=\"yith-wcpsc-product-table-td-content\">\n\t\t\t\t\t\t\t\t\t\t\t\t\t85-87 cm\t\t\t\t\t\t\t\t\t\t\t\t<\/div>\n<\/td>\n<td>\n<div class=\"yith-wcpsc-product-table-td-content\">\n\t\t\t\t\t\t\t\t\t\t\t\t\t69-74 cm\t\t\t\t\t\t\t\t\t\t\t\t<\/div>\n<\/td>\n<td>\n<div class=\"yith-wcpsc-product-table-td-content\">\n\t\t\t\t\t\t\t\t\t\t\t\t\tdo 92 cm\t\t\t\t\t\t\t\t\t\t\t\t<\/div>\n<\/td>\n<td>\n<div class=\"yith-wcpsc-product-table-td-content\">\n\t\t\t\t\t\t\t\t\t\t\t\t\t25 cm\t\t\t\t\t\t\t\t\t\t\t\t<\/div>\n<\/td>\n<\/tr>\n<tr>\n<td>\n<div class=\"yith-wcpsc-product-table-td-content\">\n\t\t\t\t\t\t\t\t\t\t\t\t\tL\t\t\t\t\t\t\t\t\t\t\t\t<\/div>\n<\/td>\n<td>\n<div class=\"yith-wcpsc-product-table-td-content\">\n\t\t\t\t\t\t\t\t\t\t\t\t\t40\t\t\t\t\t\t\t\t\t\t\t\t<\/div>\n<\/td>\n<td>\n<div class=\"yith-wcpsc-product-table-td-content\">\n\t\t\t\t\t\t\t\t\t\t\t\t\t88-90 cm\t\t\t\t\t\t\t\t\t\t\t\t<\/div>\n<\/td>\n<td>\n<div class=\"yith-wcpsc-product-table-td-content\">\n\t\t\t\t\t\t\t\t\t\t\t\t\t72-77 cm\t\t\t\t\t\t\t\t\t\t\t\t<\/div>\n<\/td>\n<td>\n<div class=\"yith-wcpsc-product-table-td-content\">\n\t\t\t\t\t\t\t\t\t\t\t\t\tdo 96 cm\t\t\t\t\t\t\t\t\t\t\t\t<\/div>\n<\/td>\n<td>\n<div class=\"yith-wcpsc-product-table-td-content\">\n\t\t\t\t\t\t\t\t\t\t\t\t\t25,5 cm\t\t\t\t\t\t\t\t\t\t\t\t<\/div>\n<\/td>\n<\/tr>\n<tr>\n<td>\n<div class=\"yith-wcpsc-product-table-td-content\">\n\t\t\t\t\t\t\t\t\t\t\t\t\tXL\t\t\t\t\t\t\t\t\t\t\t\t<\/div>\n<\/td>\n<td>\n<div class=\"yith-wcpsc-product-table-td-content\">\n\t\t\t\t\t\t\t\t\t\t\t\t\t42\t\t\t\t\t\t\t\t\t\t\t\t<\/div>\n<\/td>\n<td>\n<div class=\"yith-wcpsc-product-table-td-content\">\n\t\t\t\t\t\t\t\t\t\t\t\t\t91-92 cm\t\t\t\t\t\t\t\t\t\t\t\t<\/div>\n<\/td>\n<td>\n<div class=\"yith-wcpsc-product-table-td-content\">\n\t\t\t\t\t\t\t\t\t\t\t\t\t75-80 cm\t\t\t\t\t\t\t\t\t\t\t\t<\/div>\n<\/td>\n<td>\n<div class=\"yith-wcpsc-product-table-td-content\">\n\t\t\t\t\t\t\t\t\t\t\t\t\tdo 100 cm\t\t\t\t\t\t\t\t\t\t\t\t<\/div>\n<\/td>\n<td>\n<div class=\"yith-wcpsc-product-table-td-content\">\n\t\t\t\t\t\t\t\t\t\t\t\t\t26 cm\t\t\t\t\t\t\t\t\t\t\t\t<\/div>\n<\/td>\n<\/tr>\n<tr>\n<td>\n<div class=\"yith-wcpsc-product-table-td-content\">\n\t\t\t\t\t\t\t\t\t\t\t\t\tXXL\t\t\t\t\t\t\t\t\t\t\t\t<\/div>\n<\/td>\n<td>\n<div class=\"yith-wcpsc-product-table-td-content\">\n\t\t\t\t\t\t\t\t\t\t\t\t\t44\t\t\t\t\t\t\t\t\t\t\t\t<\/div>\n<\/td>\n<td>\n<div class=\"yith-wcpsc-product-table-td-content\">\n\t\t\t\t\t\t\t\t\t\t\t\t\t93-94 cm\t\t\t\t\t\t\t\t\t\t\t\t<\/div>\n<\/td>\n<td>\n<div class=\"yith-wcpsc-product-table-td-content\">\n\t\t\t\t\t\t\t\t\t\t\t\t\t78-83 cm\t\t\t\t\t\t\t\t\t\t\t\t<\/div>\n<\/td>\n<td>\n<div class=\"yith-wcpsc-product-table-td-content\">\n\t\t\t\t\t\t\t\t\t\t\t\t\tdo 104 cm\t\t\t\t\t\t\t\t\t\t\t\t<\/div>\n<\/td>\n<td>\n<div class=\"yith-wcpsc-product-table-td-content\">\n\t\t\t\t\t\t\t\t\t\t\t\t\t26.5\t\t\t\t\t\t\t\t\t\t\t\t<\/div>\n<\/td>\n<\/tr>\n<\/tbody>\n<\/table><\/div>\n<\/p><\/div>\n<\/p><\/div>\n<\/p><\/div>\n<p><!-- .yith-wcpsc-product-size-charts-popup-container end -->\n<\/div>\n<p><!-- .yith-wcpsc-product-size-charts-popup end --><\/p>","protected":false},"featured_media":12414,"comment_status":"open","ping_status":"closed","template":"","meta":[],"product_brand":[],"product_cat":[134,169,168],"product_tag":[284],"woo-feed-brand":[],"class_list":{"0":"post-9852","1":"product","2":"type-product","3":"status-publish","4":"has-post-thumbnail","6":"product_cat-zenske","7":"product_cat-dvodelne-kopalke","8":"product_cat-kopalke","9":"product_tag-marko","10":"pa_color-multicolor","11":"pa_velikosti-large","12":"pa_velikosti-medium","13":"pa_velikosti-small","14":"pa_velikosti-ekstra-large","15":"pa_velikosti-extra-extra-large","17":"first","18":"instock","19":"shipping-taxable","20":"purchasable","21":"product-type-variable"},"_links":{"self":[{"href":"https:\/\/www.superfashion.si\/hr\/wp-json\/wp\/v2\/product\/9852","targetHints":{"allow":["GET"]}}],"collection":[{"href":"https:\/\/www.superfashion.si\/hr\/wp-json\/wp\/v2\/product"}],"about":[{"href":"https:\/\/www.superfashion.si\/hr\/wp-json\/wp\/v2\/types\/product"}],"replies":[{"embeddable":true,"href":"https:\/\/www.superfashion.si\/hr\/wp-json\/wp\/v2\/comments?post=9852"}],"version-history":[{"count":0,"href":"https:\/\/www.superfashion.si\/hr\/wp-json\/wp\/v2\/product\/9852\/revisions"}],"wp:featuredmedia":[{"embeddable":true,"href":"https:\/\/www.superfashion.si\/hr\/wp-json\/wp\/v2\/media\/12414"}],"wp:attachment":[{"href":"https:\/\/www.superfashion.si\/hr\/wp-json\/wp\/v2\/media?parent=9852"}],"wp:term":[{"taxonomy":"product_brand","embeddable":true,"href":"https:\/\/www.superfashion.si\/hr\/wp-json\/wp\/v2\/product_brand?post=9852"},{"taxonomy":"product_cat","embeddable":true,"href":"https:\/\/www.superfashion.si\/hr\/wp-json\/wp\/v2\/product_cat?post=9852"},{"taxonomy":"product_tag","embeddable":true,"href":"https:\/\/www.superfashion.si\/hr\/wp-json\/wp\/v2\/product_tag?post=9852"},{"taxonomy":"woo-feed-brand","embeddable":true,"href":"https:\/\/www.superfashion.si\/hr\/wp-json\/wp\/v2\/woo-feed-brand?post=9852"}],"curies":[{"name":"radni list","href":"https:\/\/api.w.org\/{rel}","templated":true}]}}