{"id":9973,"date":"2022-04-17T10:35:39","date_gmt":"2022-04-17T08:35:39","guid":{"rendered":"https:\/\/www.superfashion.si\/?post_type=product&#038;p=9973"},"modified":"2026-04-04T11:18:05","modified_gmt":"2026-04-04T10:18:05","slug":"moska-srajca-ombre-2838-red","status":"publish","type":"product","link":"https:\/\/www.superfashion.si\/hr\/product\/moska-srajca-ombre-2838-red\/","title":{"rendered":"Mu\u0161ka ko\u0161ulja OMBRE 2838-RED"},"content":{"rendered":"","protected":false},"excerpt":{"rendered":"<details >\n<summary>O PROIZVODU<\/summary>\n<div class=\"cg-accordion-item\">\n<p><strong>Mu\u0161ka ko\u0161ulja OMBRE <\/strong>crvene boje<\/p>\n<ul>\n<li>Materijal: pamuk 97%, elastin 3%<\/li>\n<\/ul>\n<\/div>\n<\/details>\n<details >\n<summary>POMO\u0106 ZA ODABIR VELI\u010cINE<\/summary>\n<div class=\"cg-accordion-item\">\n<p>Budu\u0107i da su neki modeli ne\u0161to manji, preporu\u010dujemo da prije kupnje provjerite tablicu veli\u010dine.<\/p>\n<\/div>\n<\/details>\n<p>tablice veli\u010dina id=21682]<\/p>","protected":false},"featured_media":20624,"comment_status":"open","ping_status":"closed","template":"","meta":[],"product_brand":[],"product_cat":[194,195,200],"product_tag":[341],"woo-feed-brand":[],"class_list":{"0":"post-9973","1":"product","2":"type-product","3":"status-publish","4":"has-post-thumbnail","6":"product_cat-moski","7":"product_cat-moska-oblacila","8":"product_cat-srajce","9":"product_tag-ombre","10":"pa_color-rdeca","11":"pa_velikosti-large","12":"pa_velikosti-medium","13":"pa_velikosti-small","14":"pa_velikosti-ekstra-large","15":"pa_velikosti-extra-extra-large","17":"first","18":"instock","19":"shipping-taxable","20":"purchasable","21":"product-type-variable"},"_links":{"self":[{"href":"https:\/\/www.superfashion.si\/hr\/wp-json\/wp\/v2\/product\/9973","targetHints":{"allow":["GET"]}}],"collection":[{"href":"https:\/\/www.superfashion.si\/hr\/wp-json\/wp\/v2\/product"}],"about":[{"href":"https:\/\/www.superfashion.si\/hr\/wp-json\/wp\/v2\/types\/product"}],"replies":[{"embeddable":true,"href":"https:\/\/www.superfashion.si\/hr\/wp-json\/wp\/v2\/comments?post=9973"}],"version-history":[{"count":0,"href":"https:\/\/www.superfashion.si\/hr\/wp-json\/wp\/v2\/product\/9973\/revisions"}],"wp:featuredmedia":[{"embeddable":true,"href":"https:\/\/www.superfashion.si\/hr\/wp-json\/wp\/v2\/media\/20624"}],"wp:attachment":[{"href":"https:\/\/www.superfashion.si\/hr\/wp-json\/wp\/v2\/media?parent=9973"}],"wp:term":[{"taxonomy":"product_brand","embeddable":true,"href":"https:\/\/www.superfashion.si\/hr\/wp-json\/wp\/v2\/product_brand?post=9973"},{"taxonomy":"product_cat","embeddable":true,"href":"https:\/\/www.superfashion.si\/hr\/wp-json\/wp\/v2\/product_cat?post=9973"},{"taxonomy":"product_tag","embeddable":true,"href":"https:\/\/www.superfashion.si\/hr\/wp-json\/wp\/v2\/product_tag?post=9973"},{"taxonomy":"woo-feed-brand","embeddable":true,"href":"https:\/\/www.superfashion.si\/hr\/wp-json\/wp\/v2\/woo-feed-brand?post=9973"}],"curies":[{"name":"radni list","href":"https:\/\/api.w.org\/{rel}","templated":true}]}}